{"id":1092,"date":"2017-05-29T09:00:54","date_gmt":"2017-05-29T08:00:54","guid":{"rendered":"http:\/\/www.dordogne-correze-vacances.com\/?page_id=1092"},"modified":"2025-09-16T10:46:25","modified_gmt":"2025-09-16T09:46:25","slug":"unser-haus-ist-eine-sehr-schone-alte-grose-scheune-die-von-einem-erfahrenen-architekten-hervorragend-umgebaut-und-renoviert-wurde","status":"publish","type":"page","link":"https:\/\/www.dordogne-correze-vacances.com\/index.php\/unser-haus-ist-eine-sehr-schone-alte-grose-scheune-die-von-einem-erfahrenen-architekten-hervorragend-umgebaut-und-renoviert-wurde\/?lang=de","title":{"rendered":"\u00dcber dem Haus&#8230;"},"content":{"rendered":"\n<h2 class=\"wp-block-heading has-medium-font-size\" style=\"font-style:normal;font-weight:300\">Unser Haus ist eine sehr sch\u00f6ne alte gro\u00dfe Scheune, die vom Vorbesitzer, einem erfahrenen Architekten, hervorragend umgebaut und renoviert wurde. Traditionelle Eichenbalken mit einem modernen Touch bieten einen wunderbaren sozialen Raum.<\/h2>\n<div class=\"wp-block-image is-resized\">\n<figure class=\"aligncenter\"><img data-recalc-dims=\"1\" loading=\"lazy\" decoding=\"async\" width=\"300\" height=\"225\" data-attachment-id=\"457\" data-permalink=\"https:\/\/www.dordogne-correze-vacances.com\/index.php\/about\/img_5555-2\/\" data-orig-file=\"https:\/\/i0.wp.com\/www.dordogne-correze-vacances.com\/wp-content\/uploads\/2022\/06\/IMG_5555-1-scaled.jpg?fit=2560%2C1920&amp;ssl=1\" data-orig-size=\"2560,1920\" data-comments-opened=\"1\" data-image-meta=\"{&quot;aperture&quot;:&quot;1.6&quot;,&quot;credit&quot;:&quot;&quot;,&quot;camera&quot;:&quot;iPhone 12 Pro Max&quot;,&quot;caption&quot;:&quot;&quot;,&quot;created_timestamp&quot;:&quot;1655299699&quot;,&quot;copyright&quot;:&quot;&quot;,&quot;focal_length&quot;:&quot;5.1&quot;,&quot;iso&quot;:&quot;32&quot;,&quot;shutter_speed&quot;:&quot;0.00053106744556559&quot;,&quot;title&quot;:&quot;&quot;,&quot;orientation&quot;:&quot;1&quot;}\" data-image-title=\"IMG_5555\" data-image-description=\"\" data-image-caption=\"\" data-medium-file=\"https:\/\/i0.wp.com\/www.dordogne-correze-vacances.com\/wp-content\/uploads\/2022\/06\/IMG_5555-1-scaled.jpg?fit=300%2C225&amp;ssl=1\" data-large-file=\"https:\/\/i0.wp.com\/www.dordogne-correze-vacances.com\/wp-content\/uploads\/2022\/06\/IMG_5555-1-scaled.jpg?fit=748%2C561&amp;ssl=1\" src=\"https:\/\/i0.wp.com\/www.dordogne-correze-vacances.com\/wp-content\/uploads\/2022\/06\/IMG_5555-1.jpg?resize=300%2C225&#038;ssl=1\" alt=\"\" class=\"wp-image-457\" srcset=\"https:\/\/i0.wp.com\/www.dordogne-correze-vacances.com\/wp-content\/uploads\/2022\/06\/IMG_5555-1-scaled.jpg?resize=300%2C225&amp;ssl=1 300w, https:\/\/i0.wp.com\/www.dordogne-correze-vacances.com\/wp-content\/uploads\/2022\/06\/IMG_5555-1-scaled.jpg?resize=1024%2C768&amp;ssl=1 1024w, https:\/\/i0.wp.com\/www.dordogne-correze-vacances.com\/wp-content\/uploads\/2022\/06\/IMG_5555-1-scaled.jpg?resize=768%2C576&amp;ssl=1 768w, https:\/\/i0.wp.com\/www.dordogne-correze-vacances.com\/wp-content\/uploads\/2022\/06\/IMG_5555-1-scaled.jpg?resize=1536%2C1152&amp;ssl=1 1536w, https:\/\/i0.wp.com\/www.dordogne-correze-vacances.com\/wp-content\/uploads\/2022\/06\/IMG_5555-1-scaled.jpg?resize=2048%2C1536&amp;ssl=1 2048w, https:\/\/i0.wp.com\/www.dordogne-correze-vacances.com\/wp-content\/uploads\/2022\/06\/IMG_5555-1-scaled.jpg?resize=747%2C560&amp;ssl=1 747w, https:\/\/i0.wp.com\/www.dordogne-correze-vacances.com\/wp-content\/uploads\/2022\/06\/IMG_5555-1-scaled.jpg?resize=2000%2C1500&amp;ssl=1 2000w, https:\/\/i0.wp.com\/www.dordogne-correze-vacances.com\/wp-content\/uploads\/2022\/06\/IMG_5555-1-scaled.jpg?w=2244&amp;ssl=1 2244w\" sizes=\"auto, (max-width: 300px) 100vw, 300px\" \/><figcaption class=\"wp-element-caption\"><em><strong>Die<\/strong><\/em> Grange<\/figcaption><\/figure><\/div>\n<p>Wir haben unser Haus \u201e <em><strong>The Grange<\/strong><\/em> \u201c genannt.<br\/> (F\u00fcr alle, die kein Franz\u00f6sisch sprechen: \u201eGrange\u201c ist einfach das franz\u00f6sische Wort f\u00fcr \u201eScheune\u201c, also hoffen wir, dass Sie zustimmen, dass \u201eThe Grange\u201c der richtige Name ist.)<\/p>\n\n<p>Die Unterk\u00fcnfte sind traditionelle und gro\u00dfz\u00fcgige Doppelzimmer, Familienzimmer mit Etagenbetten und ein 1- und 2-Zimmer-Apartment mit kleiner K\u00fcche. Wir haben hervorragende Gemeinschaftseinrichtungen f\u00fcr G\u00e4ste, eine gro\u00dfe Lounge, Tische im Freien, Grills, einen Swimmingpool und kostenlose Parkpl\u00e4tze vor Ort.<\/p>\n\n<figure class=\"wp-block-gallery has-nested-images columns-3 is-cropped wp-block-gallery-1 is-layout-flex wp-block-gallery-is-layout-flex\">\n<figure class=\"wp-block-image size-large\"><a href=\"https:\/\/i0.wp.com\/www.dordogne-correze-vacances.com\/wp-content\/uploads\/2022\/06\/IMG_5482-scaled.jpg?ssl=1\"><img data-recalc-dims=\"1\" loading=\"lazy\" decoding=\"async\" width=\"748\" height=\"997\" data-attachment-id=\"454\" data-permalink=\"https:\/\/www.dordogne-correze-vacances.com\/img_5482\/\" data-orig-file=\"https:\/\/i0.wp.com\/www.dordogne-correze-vacances.com\/wp-content\/uploads\/2022\/06\/IMG_5482-scaled.jpg?fit=1920%2C2560&amp;ssl=1\" data-orig-size=\"1920,2560\" data-comments-opened=\"1\" data-image-meta=\"{&quot;aperture&quot;:&quot;1.6&quot;,&quot;credit&quot;:&quot;&quot;,&quot;camera&quot;:&quot;iPhone 12 Pro Max&quot;,&quot;caption&quot;:&quot;&quot;,&quot;created_timestamp&quot;:&quot;1654326992&quot;,&quot;copyright&quot;:&quot;&quot;,&quot;focal_length&quot;:&quot;5.1&quot;,&quot;iso&quot;:&quot;250&quot;,&quot;shutter_speed&quot;:&quot;0.02&quot;,&quot;title&quot;:&quot;&quot;,&quot;orientation&quot;:&quot;1&quot;}\" data-image-title=\"IMG_5482\" data-image-description=\"\" data-image-caption=\"&lt;p&gt;Delicious Breakfasts from the excellent local Boulanger &lt;\/p&gt;\n\" data-medium-file=\"https:\/\/i0.wp.com\/www.dordogne-correze-vacances.com\/wp-content\/uploads\/2022\/06\/IMG_5482-scaled.jpg?fit=225%2C300&amp;ssl=1\" data-large-file=\"https:\/\/i0.wp.com\/www.dordogne-correze-vacances.com\/wp-content\/uploads\/2022\/06\/IMG_5482-scaled.jpg?fit=748%2C997&amp;ssl=1\" data-id=\"454\" src=\"https:\/\/i0.wp.com\/www.dordogne-correze-vacances.com\/wp-content\/uploads\/2022\/06\/IMG_5482-scaled.jpg?resize=748%2C997&#038;ssl=1\" alt=\"\" class=\"wp-image-454\" srcset=\"https:\/\/i0.wp.com\/www.dordogne-correze-vacances.com\/wp-content\/uploads\/2022\/06\/IMG_5482-scaled.jpg?w=1920&amp;ssl=1 1920w, https:\/\/i0.wp.com\/www.dordogne-correze-vacances.com\/wp-content\/uploads\/2022\/06\/IMG_5482-scaled.jpg?resize=225%2C300&amp;ssl=1 225w, https:\/\/i0.wp.com\/www.dordogne-correze-vacances.com\/wp-content\/uploads\/2022\/06\/IMG_5482-scaled.jpg?resize=768%2C1024&amp;ssl=1 768w, https:\/\/i0.wp.com\/www.dordogne-correze-vacances.com\/wp-content\/uploads\/2022\/06\/IMG_5482-scaled.jpg?resize=1152%2C1536&amp;ssl=1 1152w, https:\/\/i0.wp.com\/www.dordogne-correze-vacances.com\/wp-content\/uploads\/2022\/06\/IMG_5482-scaled.jpg?resize=1536%2C2048&amp;ssl=1 1536w, https:\/\/i0.wp.com\/www.dordogne-correze-vacances.com\/wp-content\/uploads\/2022\/06\/IMG_5482-scaled.jpg?resize=420%2C560&amp;ssl=1 420w, https:\/\/i0.wp.com\/www.dordogne-correze-vacances.com\/wp-content\/uploads\/2022\/06\/IMG_5482-scaled.jpg?resize=2000%2C2667&amp;ssl=1 2000w\" sizes=\"auto, (max-width: 748px) 100vw, 748px\" \/><\/a><\/figure>\n\n\n\n<figure class=\"wp-block-image size-large\"><a href=\"https:\/\/i0.wp.com\/www.dordogne-correze-vacances.com\/wp-content\/uploads\/2022\/06\/IMG_5481-scaled.jpg?ssl=1\"><img data-recalc-dims=\"1\" loading=\"lazy\" decoding=\"async\" width=\"748\" height=\"997\" data-attachment-id=\"455\" data-permalink=\"https:\/\/www.dordogne-correze-vacances.com\/img_5481\/\" data-orig-file=\"https:\/\/i0.wp.com\/www.dordogne-correze-vacances.com\/wp-content\/uploads\/2022\/06\/IMG_5481-scaled.jpg?fit=1920%2C2560&amp;ssl=1\" data-orig-size=\"1920,2560\" data-comments-opened=\"1\" data-image-meta=\"{&quot;aperture&quot;:&quot;1.6&quot;,&quot;credit&quot;:&quot;&quot;,&quot;camera&quot;:&quot;iPhone 12 Pro Max&quot;,&quot;caption&quot;:&quot;&quot;,&quot;created_timestamp&quot;:&quot;1654326982&quot;,&quot;copyright&quot;:&quot;&quot;,&quot;focal_length&quot;:&quot;5.1&quot;,&quot;iso&quot;:&quot;320&quot;,&quot;shutter_speed&quot;:&quot;0.02&quot;,&quot;title&quot;:&quot;&quot;,&quot;orientation&quot;:&quot;1&quot;}\" data-image-title=\"IMG_5481\" data-image-description=\"\" data-image-caption=\"\" data-medium-file=\"https:\/\/i0.wp.com\/www.dordogne-correze-vacances.com\/wp-content\/uploads\/2022\/06\/IMG_5481-scaled.jpg?fit=225%2C300&amp;ssl=1\" data-large-file=\"https:\/\/i0.wp.com\/www.dordogne-correze-vacances.com\/wp-content\/uploads\/2022\/06\/IMG_5481-scaled.jpg?fit=748%2C997&amp;ssl=1\" data-id=\"455\" src=\"https:\/\/i0.wp.com\/www.dordogne-correze-vacances.com\/wp-content\/uploads\/2022\/06\/IMG_5481-scaled.jpg?resize=748%2C997&#038;ssl=1\" alt=\"\" class=\"wp-image-455\" srcset=\"https:\/\/i0.wp.com\/www.dordogne-correze-vacances.com\/wp-content\/uploads\/2022\/06\/IMG_5481-scaled.jpg?w=1920&amp;ssl=1 1920w, https:\/\/i0.wp.com\/www.dordogne-correze-vacances.com\/wp-content\/uploads\/2022\/06\/IMG_5481-scaled.jpg?resize=225%2C300&amp;ssl=1 225w, https:\/\/i0.wp.com\/www.dordogne-correze-vacances.com\/wp-content\/uploads\/2022\/06\/IMG_5481-scaled.jpg?resize=768%2C1024&amp;ssl=1 768w, https:\/\/i0.wp.com\/www.dordogne-correze-vacances.com\/wp-content\/uploads\/2022\/06\/IMG_5481-scaled.jpg?resize=1152%2C1536&amp;ssl=1 1152w, https:\/\/i0.wp.com\/www.dordogne-correze-vacances.com\/wp-content\/uploads\/2022\/06\/IMG_5481-scaled.jpg?resize=1536%2C2048&amp;ssl=1 1536w, https:\/\/i0.wp.com\/www.dordogne-correze-vacances.com\/wp-content\/uploads\/2022\/06\/IMG_5481-scaled.jpg?resize=420%2C560&amp;ssl=1 420w, https:\/\/i0.wp.com\/www.dordogne-correze-vacances.com\/wp-content\/uploads\/2022\/06\/IMG_5481-scaled.jpg?resize=2000%2C2667&amp;ssl=1 2000w\" sizes=\"auto, (max-width: 748px) 100vw, 748px\" \/><\/a><\/figure>\n\n\n\n<figure class=\"wp-block-image size-large\"><a href=\"https:\/\/i0.wp.com\/www.dordogne-correze-vacances.com\/wp-content\/uploads\/2022\/06\/IMG_5486-scaled.jpg?ssl=1\"><img data-recalc-dims=\"1\" loading=\"lazy\" decoding=\"async\" width=\"748\" height=\"997\" data-attachment-id=\"456\" data-permalink=\"https:\/\/www.dordogne-correze-vacances.com\/img_5486\/\" data-orig-file=\"https:\/\/i0.wp.com\/www.dordogne-correze-vacances.com\/wp-content\/uploads\/2022\/06\/IMG_5486-scaled.jpg?fit=1920%2C2560&amp;ssl=1\" data-orig-size=\"1920,2560\" data-comments-opened=\"1\" data-image-meta=\"{&quot;aperture&quot;:&quot;2.4&quot;,&quot;credit&quot;:&quot;&quot;,&quot;camera&quot;:&quot;iPhone 12 Pro Max&quot;,&quot;caption&quot;:&quot;&quot;,&quot;created_timestamp&quot;:&quot;1654327139&quot;,&quot;copyright&quot;:&quot;&quot;,&quot;focal_length&quot;:&quot;1.54&quot;,&quot;iso&quot;:&quot;640&quot;,&quot;shutter_speed&quot;:&quot;0.02&quot;,&quot;title&quot;:&quot;&quot;,&quot;orientation&quot;:&quot;1&quot;}\" data-image-title=\"IMG_5486\" data-image-description=\"\" data-image-caption=\"&lt;p&gt;An open guest lounge and breakfast room&lt;\/p&gt;\n\" data-medium-file=\"https:\/\/i0.wp.com\/www.dordogne-correze-vacances.com\/wp-content\/uploads\/2022\/06\/IMG_5486-scaled.jpg?fit=225%2C300&amp;ssl=1\" data-large-file=\"https:\/\/i0.wp.com\/www.dordogne-correze-vacances.com\/wp-content\/uploads\/2022\/06\/IMG_5486-scaled.jpg?fit=748%2C997&amp;ssl=1\" data-id=\"456\" src=\"https:\/\/i0.wp.com\/www.dordogne-correze-vacances.com\/wp-content\/uploads\/2022\/06\/IMG_5486-scaled.jpg?resize=748%2C997&#038;ssl=1\" alt=\"\" class=\"wp-image-456\" srcset=\"https:\/\/i0.wp.com\/www.dordogne-correze-vacances.com\/wp-content\/uploads\/2022\/06\/IMG_5486-scaled.jpg?w=1920&amp;ssl=1 1920w, https:\/\/i0.wp.com\/www.dordogne-correze-vacances.com\/wp-content\/uploads\/2022\/06\/IMG_5486-scaled.jpg?resize=225%2C300&amp;ssl=1 225w, https:\/\/i0.wp.com\/www.dordogne-correze-vacances.com\/wp-content\/uploads\/2022\/06\/IMG_5486-scaled.jpg?resize=768%2C1024&amp;ssl=1 768w, https:\/\/i0.wp.com\/www.dordogne-correze-vacances.com\/wp-content\/uploads\/2022\/06\/IMG_5486-scaled.jpg?resize=1152%2C1536&amp;ssl=1 1152w, https:\/\/i0.wp.com\/www.dordogne-correze-vacances.com\/wp-content\/uploads\/2022\/06\/IMG_5486-scaled.jpg?resize=1536%2C2048&amp;ssl=1 1536w, https:\/\/i0.wp.com\/www.dordogne-correze-vacances.com\/wp-content\/uploads\/2022\/06\/IMG_5486-scaled.jpg?resize=420%2C560&amp;ssl=1 420w, https:\/\/i0.wp.com\/www.dordogne-correze-vacances.com\/wp-content\/uploads\/2022\/06\/IMG_5486-scaled.jpg?resize=2000%2C2667&amp;ssl=1 2000w\" sizes=\"auto, (max-width: 748px) 100vw, 748px\" \/><\/a><\/figure>\n<\/figure>\n\n<figure class=\"wp-block-gallery has-nested-images columns-default is-cropped wp-block-gallery-2 is-layout-flex wp-block-gallery-is-layout-flex\">\n<figure class=\"wp-block-image size-large\"><a href=\"https:\/\/i0.wp.com\/www.dordogne-correze-vacances.com\/wp-content\/uploads\/2022\/07\/2022-07-06_23-19-41-scaled.jpg?ssl=1\"><img data-recalc-dims=\"1\" loading=\"lazy\" decoding=\"async\" width=\"748\" height=\"551\" data-attachment-id=\"2730\" data-permalink=\"https:\/\/www.dordogne-correze-vacances.com\/2022-07-06_23-19-41\/\" data-orig-file=\"https:\/\/i0.wp.com\/www.dordogne-correze-vacances.com\/wp-content\/uploads\/2022\/07\/2022-07-06_23-19-41-scaled.jpg?fit=2560%2C1885&amp;ssl=1\" data-orig-size=\"2560,1885\" data-comments-opened=\"1\" data-image-meta=\"{&quot;aperture&quot;:&quot;0&quot;,&quot;credit&quot;:&quot;&quot;,&quot;camera&quot;:&quot;&quot;,&quot;caption&quot;:&quot;&quot;,&quot;created_timestamp&quot;:&quot;0&quot;,&quot;copyright&quot;:&quot;&quot;,&quot;focal_length&quot;:&quot;0&quot;,&quot;iso&quot;:&quot;0&quot;,&quot;shutter_speed&quot;:&quot;0&quot;,&quot;title&quot;:&quot;&quot;,&quot;orientation&quot;:&quot;0&quot;}\" data-image-title=\"2022-07-06_23-19-41\" data-image-description=\"\" data-image-caption=\"\" data-medium-file=\"https:\/\/i0.wp.com\/www.dordogne-correze-vacances.com\/wp-content\/uploads\/2022\/07\/2022-07-06_23-19-41-scaled.jpg?fit=300%2C221&amp;ssl=1\" data-large-file=\"https:\/\/i0.wp.com\/www.dordogne-correze-vacances.com\/wp-content\/uploads\/2022\/07\/2022-07-06_23-19-41-scaled.jpg?fit=748%2C551&amp;ssl=1\" data-id=\"2730\" src=\"https:\/\/i0.wp.com\/www.dordogne-correze-vacances.com\/wp-content\/uploads\/2022\/07\/2022-07-06_23-19-41-scaled.jpg?resize=748%2C551&#038;ssl=1\" alt=\"\" class=\"wp-image-2730\" srcset=\"https:\/\/i0.wp.com\/www.dordogne-correze-vacances.com\/wp-content\/uploads\/2022\/07\/2022-07-06_23-19-41-scaled.jpg?w=2560&amp;ssl=1 2560w, https:\/\/i0.wp.com\/www.dordogne-correze-vacances.com\/wp-content\/uploads\/2022\/07\/2022-07-06_23-19-41-scaled.jpg?resize=300%2C221&amp;ssl=1 300w, https:\/\/i0.wp.com\/www.dordogne-correze-vacances.com\/wp-content\/uploads\/2022\/07\/2022-07-06_23-19-41-scaled.jpg?resize=1024%2C754&amp;ssl=1 1024w, https:\/\/i0.wp.com\/www.dordogne-correze-vacances.com\/wp-content\/uploads\/2022\/07\/2022-07-06_23-19-41-scaled.jpg?resize=768%2C566&amp;ssl=1 768w, https:\/\/i0.wp.com\/www.dordogne-correze-vacances.com\/wp-content\/uploads\/2022\/07\/2022-07-06_23-19-41-scaled.jpg?resize=1536%2C1131&amp;ssl=1 1536w, https:\/\/i0.wp.com\/www.dordogne-correze-vacances.com\/wp-content\/uploads\/2022\/07\/2022-07-06_23-19-41-scaled.jpg?resize=2048%2C1508&amp;ssl=1 2048w, https:\/\/i0.wp.com\/www.dordogne-correze-vacances.com\/wp-content\/uploads\/2022\/07\/2022-07-06_23-19-41-scaled.jpg?resize=760%2C560&amp;ssl=1 760w, https:\/\/i0.wp.com\/www.dordogne-correze-vacances.com\/wp-content\/uploads\/2022\/07\/2022-07-06_23-19-41-scaled.jpg?resize=2000%2C1473&amp;ssl=1 2000w, https:\/\/i0.wp.com\/www.dordogne-correze-vacances.com\/wp-content\/uploads\/2022\/07\/2022-07-06_23-19-41-scaled.jpg?w=2244&amp;ssl=1 2244w\" sizes=\"auto, (max-width: 748px) 100vw, 748px\" \/><\/a><\/figure>\n\n\n\n<figure class=\"wp-block-image size-large\"><a href=\"https:\/\/i0.wp.com\/www.dordogne-correze-vacances.com\/wp-content\/uploads\/2022\/07\/2022-07-06_23-23-20-scaled.jpg?ssl=1\"><img data-recalc-dims=\"1\" loading=\"lazy\" decoding=\"async\" width=\"748\" height=\"532\" data-attachment-id=\"2745\" data-permalink=\"https:\/\/www.dordogne-correze-vacances.com\/2022-07-06_23-23-20\/\" data-orig-file=\"https:\/\/i0.wp.com\/www.dordogne-correze-vacances.com\/wp-content\/uploads\/2022\/07\/2022-07-06_23-23-20-scaled.jpg?fit=2560%2C1822&amp;ssl=1\" data-orig-size=\"2560,1822\" data-comments-opened=\"1\" data-image-meta=\"{&quot;aperture&quot;:&quot;0&quot;,&quot;credit&quot;:&quot;&quot;,&quot;camera&quot;:&quot;&quot;,&quot;caption&quot;:&quot;&quot;,&quot;created_timestamp&quot;:&quot;0&quot;,&quot;copyright&quot;:&quot;&quot;,&quot;focal_length&quot;:&quot;0&quot;,&quot;iso&quot;:&quot;0&quot;,&quot;shutter_speed&quot;:&quot;0&quot;,&quot;title&quot;:&quot;&quot;,&quot;orientation&quot;:&quot;0&quot;}\" data-image-title=\"2022-07-06_23-23-20\" data-image-description=\"\" data-image-caption=\"\" data-medium-file=\"https:\/\/i0.wp.com\/www.dordogne-correze-vacances.com\/wp-content\/uploads\/2022\/07\/2022-07-06_23-23-20-scaled.jpg?fit=300%2C214&amp;ssl=1\" data-large-file=\"https:\/\/i0.wp.com\/www.dordogne-correze-vacances.com\/wp-content\/uploads\/2022\/07\/2022-07-06_23-23-20-scaled.jpg?fit=748%2C533&amp;ssl=1\" data-id=\"2745\" src=\"https:\/\/i0.wp.com\/www.dordogne-correze-vacances.com\/wp-content\/uploads\/2022\/07\/2022-07-06_23-23-20-scaled.jpg?resize=748%2C532&#038;ssl=1\" alt=\"\" class=\"wp-image-2745\" srcset=\"https:\/\/i0.wp.com\/www.dordogne-correze-vacances.com\/wp-content\/uploads\/2022\/07\/2022-07-06_23-23-20-scaled.jpg?w=2560&amp;ssl=1 2560w, https:\/\/i0.wp.com\/www.dordogne-correze-vacances.com\/wp-content\/uploads\/2022\/07\/2022-07-06_23-23-20-scaled.jpg?resize=300%2C214&amp;ssl=1 300w, https:\/\/i0.wp.com\/www.dordogne-correze-vacances.com\/wp-content\/uploads\/2022\/07\/2022-07-06_23-23-20-scaled.jpg?resize=1024%2C729&amp;ssl=1 1024w, https:\/\/i0.wp.com\/www.dordogne-correze-vacances.com\/wp-content\/uploads\/2022\/07\/2022-07-06_23-23-20-scaled.jpg?resize=768%2C547&amp;ssl=1 768w, https:\/\/i0.wp.com\/www.dordogne-correze-vacances.com\/wp-content\/uploads\/2022\/07\/2022-07-06_23-23-20-scaled.jpg?resize=1536%2C1093&amp;ssl=1 1536w, https:\/\/i0.wp.com\/www.dordogne-correze-vacances.com\/wp-content\/uploads\/2022\/07\/2022-07-06_23-23-20-scaled.jpg?resize=2048%2C1458&amp;ssl=1 2048w, https:\/\/i0.wp.com\/www.dordogne-correze-vacances.com\/wp-content\/uploads\/2022\/07\/2022-07-06_23-23-20-scaled.jpg?resize=787%2C560&amp;ssl=1 787w, https:\/\/i0.wp.com\/www.dordogne-correze-vacances.com\/wp-content\/uploads\/2022\/07\/2022-07-06_23-23-20-scaled.jpg?resize=2000%2C1423&amp;ssl=1 2000w, https:\/\/i0.wp.com\/www.dordogne-correze-vacances.com\/wp-content\/uploads\/2022\/07\/2022-07-06_23-23-20-scaled.jpg?w=2244&amp;ssl=1 2244w\" sizes=\"auto, (max-width: 748px) 100vw, 748px\" \/><\/a><\/figure>\n\n\n\n<figure class=\"wp-block-image size-large\"><a href=\"https:\/\/i0.wp.com\/www.dordogne-correze-vacances.com\/wp-content\/uploads\/2022\/07\/2022-07-06_23-17-48-scaled.jpg?ssl=1\"><img data-recalc-dims=\"1\" loading=\"lazy\" decoding=\"async\" width=\"748\" height=\"568\" data-attachment-id=\"2735\" data-permalink=\"https:\/\/www.dordogne-correze-vacances.com\/2022-07-06_23-17-48\/\" data-orig-file=\"https:\/\/i0.wp.com\/www.dordogne-correze-vacances.com\/wp-content\/uploads\/2022\/07\/2022-07-06_23-17-48-scaled.jpg?fit=2560%2C1945&amp;ssl=1\" data-orig-size=\"2560,1945\" data-comments-opened=\"1\" data-image-meta=\"{&quot;aperture&quot;:&quot;0&quot;,&quot;credit&quot;:&quot;&quot;,&quot;camera&quot;:&quot;&quot;,&quot;caption&quot;:&quot;&quot;,&quot;created_timestamp&quot;:&quot;0&quot;,&quot;copyright&quot;:&quot;&quot;,&quot;focal_length&quot;:&quot;0&quot;,&quot;iso&quot;:&quot;0&quot;,&quot;shutter_speed&quot;:&quot;0&quot;,&quot;title&quot;:&quot;&quot;,&quot;orientation&quot;:&quot;0&quot;}\" data-image-title=\"2022-07-06_23-17-48\" data-image-description=\"\" data-image-caption=\"\" data-medium-file=\"https:\/\/i0.wp.com\/www.dordogne-correze-vacances.com\/wp-content\/uploads\/2022\/07\/2022-07-06_23-17-48-scaled.jpg?fit=300%2C228&amp;ssl=1\" data-large-file=\"https:\/\/i0.wp.com\/www.dordogne-correze-vacances.com\/wp-content\/uploads\/2022\/07\/2022-07-06_23-17-48-scaled.jpg?fit=748%2C568&amp;ssl=1\" data-id=\"2735\" src=\"https:\/\/i0.wp.com\/www.dordogne-correze-vacances.com\/wp-content\/uploads\/2022\/07\/2022-07-06_23-17-48-scaled.jpg?resize=748%2C568&#038;ssl=1\" alt=\"\" class=\"wp-image-2735\" srcset=\"https:\/\/i0.wp.com\/www.dordogne-correze-vacances.com\/wp-content\/uploads\/2022\/07\/2022-07-06_23-17-48-scaled.jpg?w=2560&amp;ssl=1 2560w, https:\/\/i0.wp.com\/www.dordogne-correze-vacances.com\/wp-content\/uploads\/2022\/07\/2022-07-06_23-17-48-scaled.jpg?resize=300%2C228&amp;ssl=1 300w, https:\/\/i0.wp.com\/www.dordogne-correze-vacances.com\/wp-content\/uploads\/2022\/07\/2022-07-06_23-17-48-scaled.jpg?resize=1024%2C778&amp;ssl=1 1024w, https:\/\/i0.wp.com\/www.dordogne-correze-vacances.com\/wp-content\/uploads\/2022\/07\/2022-07-06_23-17-48-scaled.jpg?resize=768%2C583&amp;ssl=1 768w, https:\/\/i0.wp.com\/www.dordogne-correze-vacances.com\/wp-content\/uploads\/2022\/07\/2022-07-06_23-17-48-scaled.jpg?resize=1536%2C1167&amp;ssl=1 1536w, https:\/\/i0.wp.com\/www.dordogne-correze-vacances.com\/wp-content\/uploads\/2022\/07\/2022-07-06_23-17-48-scaled.jpg?resize=2048%2C1556&amp;ssl=1 2048w, https:\/\/i0.wp.com\/www.dordogne-correze-vacances.com\/wp-content\/uploads\/2022\/07\/2022-07-06_23-17-48-scaled.jpg?resize=737%2C560&amp;ssl=1 737w, https:\/\/i0.wp.com\/www.dordogne-correze-vacances.com\/wp-content\/uploads\/2022\/07\/2022-07-06_23-17-48-scaled.jpg?resize=2000%2C1519&amp;ssl=1 2000w, https:\/\/i0.wp.com\/www.dordogne-correze-vacances.com\/wp-content\/uploads\/2022\/07\/2022-07-06_23-17-48-scaled.jpg?w=2244&amp;ssl=1 2244w\" sizes=\"auto, (max-width: 748px) 100vw, 748px\" \/><\/a><\/figure>\n<\/figure>\n\n<figure class=\"wp-block-video\"><video controls=\"\" src=\"https:\/\/www.dordogne-correze-vacances.com\/wp-content\/uploads\/2025\/09\/work-720.mp4.mov\"><\/video><\/figure>\n\n<p class=\"has-text-align-center\">Schauen Sie sich dieses Video des Hauses an<\/p>\n\n<h2 class=\"wp-block-heading\">Ein tolles Haus mit Seele und Ausstattung in toller Lage<\/h2>\n\n<p>Wir sind zentral nahe der Grenze der Correze und der Dordogne gelegen, beides bekannte und beliebte Urlaubsorte, atemberaubend sch\u00f6n mit vielen Aktivit\u00e4ten, Sehensw\u00fcrdigkeiten, Geschichte, Restaurants und auf halbem Weg zwischen Bordeaux und Burgund! Das Terrain variiert von offenen bis hin zu sanften H\u00fcgeln und wir befinden uns vor der Haust\u00fcr des massiven Zentralgebirges.<\/p>\n\n<p>Dieser Teil von Zentralfrankreich hat eine lange und stolze Geschichte und wir k\u00f6nnen ohne zu z\u00f6gern sagen, dass die Menschen hier gastfreundlich, freundlich, offen und stolz auf ihre sch\u00f6ne Region Frankreichs sind.<\/p>\n\n<h4 class=\"wp-block-heading\" style=\"font-style:normal;font-weight:400\">F\u00fcr Buchungen und andere Informationen: <a href=\"mailto:info@dordogne-correze-vacances.com\">info@dordogne-correze-vacances.com<\/a><\/h4>\n\n<p><iframe loading=\"lazy\" style=\"border: 0;\" src=\"https:\/\/www.google.com\/maps\/embed?pb=!1m18!1m12!1m3!1d36617.7891089382!2d1.4077020400514053!3d45.401606787610234!2m3!1f0!2f0!3f0!3m2!1i1024!2i768!4f13.1!3m3!1m2!1s0x47f8c44165ef72db%3A0x8a6e53c24b9a3cfa!2s19230%20Troche!5e0!3m2!1sen!2sfr!4v1655291010337!5m2!1sen!2sfr\" width=\"600\" height=\"450\" allowfullscreen=\"allowfullscreen\"><\/iframe> <strong><br\/><\/strong><\/p>\n\n<a href=\"https:\/\/www.dordogne-correze-vacances.com\/?lang=de\"><img data-recalc-dims=\"1\" decoding=\"async\" src=\"https:\/\/i0.wp.com\/photos.travelmyth.com\/awards\/1239\/travelmyth_1239235_U4BH_r___p22_y2023_a453_fr_web.png?w=160&#038;ssl=1\"  border=\"0\" alt=\"Hotels Brive la Gaillarde\"\/><\/a> <a href=\"https:\/\/www.dordogne-correze-vacances.com\/?lang=de\"><img data-recalc-dims=\"1\" decoding=\"async\" src=\"https:\/\/i0.wp.com\/photos.travelmyth.com\/awards\/1239\/travelmyth_1239235_aF8p_r__small_p8_y2023_a453_fr_web.png?w=160&#038;ssl=1\"  border=\"0\" alt=\"kleine Hotels Brive la Gaillarde\"\/><\/a> <a href=\"https:\/\/www.dordogne-correze-vacances.com\/?lang=de\"><img data-recalc-dims=\"1\" decoding=\"async\" src=\"https:\/\/i0.wp.com\/photos.travelmyth.com\/awards\/1239\/travelmyth_1239235_37EY_r__accessible_p25_y2023_71ae_fr_web.png?w=160&#038;ssl=1\"  border=\"0\" alt=\"barrierefreie Hotels Frankreich\"\/><\/a>\n\n<figure class=\"wp-block-image size-full\">\n<a href=\"https:\/\/i0.wp.com\/www.dordogne-correze-vacances.com\/wp-content\/uploads\/2024\/01\/Digital-Gallery-Award-TRA-2024-300x211.png?ssl=1\">\n<img data-recalc-dims=\"1\" decoding=\"async\" src=\"https:\/\/i0.wp.com\/www.dordogne-correze-vacances.com\/wp-content\/uploads\/2024\/01\/Digital-Gallery-Award-TRA-2024.png?w=300&#038;ssl=1\"  border=\"0\"\/>\n<\/a><\/figure>\n","protected":false},"excerpt":{"rendered":"<p>Ein Ort, den Sie nie vergessen werden<\/p>\n","protected":false},"author":1,"featured_media":663,"parent":0,"menu_order":0,"comment_status":"open","ping_status":"closed","template":"template-full-width-page.php","meta":{"footnotes":""},"class_list":["post-1092","page","type-page","status-publish","has-post-thumbnail","hentry"],"jetpack_sharing_enabled":true,"_links":{"self":[{"href":"https:\/\/www.dordogne-correze-vacances.com\/index.php\/wp-json\/wp\/v2\/pages\/1092","targetHints":{"allow":["GET"]}}],"collection":[{"href":"https:\/\/www.dordogne-correze-vacances.com\/index.php\/wp-json\/wp\/v2\/pages"}],"about":[{"href":"https:\/\/www.dordogne-correze-vacances.com\/index.php\/wp-json\/wp\/v2\/types\/page"}],"author":[{"embeddable":true,"href":"https:\/\/www.dordogne-correze-vacances.com\/index.php\/wp-json\/wp\/v2\/users\/1"}],"replies":[{"embeddable":true,"href":"https:\/\/www.dordogne-correze-vacances.com\/index.php\/wp-json\/wp\/v2\/comments?post=1092"}],"version-history":[{"count":52,"href":"https:\/\/www.dordogne-correze-vacances.com\/index.php\/wp-json\/wp\/v2\/pages\/1092\/revisions"}],"predecessor-version":[{"id":5433,"href":"https:\/\/www.dordogne-correze-vacances.com\/index.php\/wp-json\/wp\/v2\/pages\/1092\/revisions\/5433"}],"wp:featuredmedia":[{"embeddable":true,"href":"https:\/\/www.dordogne-correze-vacances.com\/index.php\/wp-json\/wp\/v2\/media\/663"}],"wp:attachment":[{"href":"https:\/\/www.dordogne-correze-vacances.com\/index.php\/wp-json\/wp\/v2\/media?parent=1092"}],"curies":[{"name":"wp","href":"https:\/\/api.w.org\/{rel}","templated":true}]}}