{"id":1178,"date":"2017-05-16T13:41:00","date_gmt":"2017-05-16T12:41:00","guid":{"rendered":"http:\/\/www.dordogne-correze-vacances.com\/index.php\/nachrichten\/"},"modified":"2023-07-02T10:18:17","modified_gmt":"2023-07-02T09:18:17","slug":"nachrichten","status":"publish","type":"page","link":"https:\/\/www.dordogne-correze-vacances.com\/index.php\/nachrichten\/?lang=de","title":{"rendered":"Nachrichten"},"content":{"rendered":"\n<p>22\/07: Wir k\u00f6nnen bekannt geben, dass wir jetzt vollst\u00e4ndig mit der Glasfaserverbindung von Bouyges verbunden sind. Unser Dank geht an Yousef von Bouyges, der (im Gegensatz zu der anderen Firma) einfach weitergemacht und die Arbeit erledigt hat. Wir haben jetzt Mesh-WLAN in allen G\u00e4stebereichen!<\/p>\n\n<p class=\"has-secondary-color has-text-color\">29\/06 : Wir haben einen Termin f\u00fcr einen Glasfaser-Internetanschluss erhalten, der das Haus und die Unterk\u00fcnfte mit Hochgeschwindigkeits-WiFi versorgen wird&#8230; jetzt m\u00fcssen die Arbeiten nur noch p\u00fcnktlich abgeschlossen werden!!! Dr\u00fccken Sie die Daumen!<\/p>\n\n<p class=\"has-medium-font-size\">01.07.2023 \u2013 Poolrenovierung abgeschlossen<\/p>\n\n<p>Wir freuen uns, Ihnen mitteilen zu k\u00f6nnen, dass die Renovierung unseres Poolbereichs abgeschlossen ist \u2013 der Belag wurde repariert und ein neuer Sicherheitszaun installiert, um die Sicherheit der Kinder zu gew\u00e4hrleisten!<\/p>\n\n<figure class=\"wp-block-image size-large\"><img data-recalc-dims=\"1\" loading=\"lazy\" decoding=\"async\" width=\"748\" height=\"561\" data-attachment-id=\"3283\" data-permalink=\"https:\/\/www.dordogne-correze-vacances.com\/img_6812\/\" data-orig-file=\"https:\/\/i0.wp.com\/www.dordogne-correze-vacances.com\/wp-content\/uploads\/2023\/07\/IMG_6812-scaled.jpg?fit=2560%2C1920&amp;ssl=1\" data-orig-size=\"2560,1920\" data-comments-opened=\"1\" data-image-meta=\"{&quot;aperture&quot;:&quot;1.6&quot;,&quot;credit&quot;:&quot;&quot;,&quot;camera&quot;:&quot;iPhone 12 Pro Max&quot;,&quot;caption&quot;:&quot;&quot;,&quot;created_timestamp&quot;:&quot;1688065420&quot;,&quot;copyright&quot;:&quot;&quot;,&quot;focal_length&quot;:&quot;5.1&quot;,&quot;iso&quot;:&quot;32&quot;,&quot;shutter_speed&quot;:&quot;0.00099700897308076&quot;,&quot;title&quot;:&quot;&quot;,&quot;orientation&quot;:&quot;1&quot;}\" data-image-title=\"IMG_6812\" data-image-description=\"\" data-image-caption=\"\" data-medium-file=\"https:\/\/i0.wp.com\/www.dordogne-correze-vacances.com\/wp-content\/uploads\/2023\/07\/IMG_6812-scaled.jpg?fit=300%2C225&amp;ssl=1\" data-large-file=\"https:\/\/i0.wp.com\/www.dordogne-correze-vacances.com\/wp-content\/uploads\/2023\/07\/IMG_6812-scaled.jpg?fit=748%2C561&amp;ssl=1\" src=\"https:\/\/i0.wp.com\/www.dordogne-correze-vacances.com\/wp-content\/uploads\/2023\/07\/IMG_6812.jpg?resize=748%2C561&#038;ssl=1\" alt=\"\" class=\"wp-image-3283\" srcset=\"https:\/\/i0.wp.com\/www.dordogne-correze-vacances.com\/wp-content\/uploads\/2023\/07\/IMG_6812-scaled.jpg?resize=1024%2C768&amp;ssl=1 1024w, https:\/\/i0.wp.com\/www.dordogne-correze-vacances.com\/wp-content\/uploads\/2023\/07\/IMG_6812-scaled.jpg?resize=300%2C225&amp;ssl=1 300w, https:\/\/i0.wp.com\/www.dordogne-correze-vacances.com\/wp-content\/uploads\/2023\/07\/IMG_6812-scaled.jpg?resize=768%2C576&amp;ssl=1 768w, https:\/\/i0.wp.com\/www.dordogne-correze-vacances.com\/wp-content\/uploads\/2023\/07\/IMG_6812-scaled.jpg?resize=1536%2C1152&amp;ssl=1 1536w, https:\/\/i0.wp.com\/www.dordogne-correze-vacances.com\/wp-content\/uploads\/2023\/07\/IMG_6812-scaled.jpg?resize=2048%2C1536&amp;ssl=1 2048w, https:\/\/i0.wp.com\/www.dordogne-correze-vacances.com\/wp-content\/uploads\/2023\/07\/IMG_6812-scaled.jpg?resize=747%2C560&amp;ssl=1 747w, https:\/\/i0.wp.com\/www.dordogne-correze-vacances.com\/wp-content\/uploads\/2023\/07\/IMG_6812-scaled.jpg?resize=2000%2C1500&amp;ssl=1 2000w, https:\/\/i0.wp.com\/www.dordogne-correze-vacances.com\/wp-content\/uploads\/2023\/07\/IMG_6812-scaled.jpg?w=2244&amp;ssl=1 2244w\" sizes=\"auto, (max-width: 748px) 100vw, 748px\" \/><\/figure>\n\n<figure class=\"wp-block-image size-large\"><img data-recalc-dims=\"1\" loading=\"lazy\" decoding=\"async\" width=\"748\" height=\"561\" data-attachment-id=\"3293\" data-permalink=\"https:\/\/www.dordogne-correze-vacances.com\/img_6810\/\" data-orig-file=\"https:\/\/i0.wp.com\/www.dordogne-correze-vacances.com\/wp-content\/uploads\/2023\/07\/IMG_6810-scaled.jpg?fit=2560%2C1920&amp;ssl=1\" data-orig-size=\"2560,1920\" data-comments-opened=\"1\" data-image-meta=\"{&quot;aperture&quot;:&quot;2.4&quot;,&quot;credit&quot;:&quot;&quot;,&quot;camera&quot;:&quot;iPhone 12 Pro Max&quot;,&quot;caption&quot;:&quot;&quot;,&quot;created_timestamp&quot;:&quot;1688065255&quot;,&quot;copyright&quot;:&quot;&quot;,&quot;focal_length&quot;:&quot;1.54&quot;,&quot;iso&quot;:&quot;25&quot;,&quot;shutter_speed&quot;:&quot;0.0026666666666667&quot;,&quot;title&quot;:&quot;&quot;,&quot;orientation&quot;:&quot;1&quot;}\" data-image-title=\"IMG_6810\" data-image-description=\"\" data-image-caption=\"\" data-medium-file=\"https:\/\/i0.wp.com\/www.dordogne-correze-vacances.com\/wp-content\/uploads\/2023\/07\/IMG_6810-scaled.jpg?fit=300%2C225&amp;ssl=1\" data-large-file=\"https:\/\/i0.wp.com\/www.dordogne-correze-vacances.com\/wp-content\/uploads\/2023\/07\/IMG_6810-scaled.jpg?fit=748%2C561&amp;ssl=1\" src=\"https:\/\/i0.wp.com\/www.dordogne-correze-vacances.com\/wp-content\/uploads\/2023\/07\/IMG_6810.jpg?resize=748%2C561&#038;ssl=1\" alt=\"\" class=\"wp-image-3293\" srcset=\"https:\/\/i0.wp.com\/www.dordogne-correze-vacances.com\/wp-content\/uploads\/2023\/07\/IMG_6810-scaled.jpg?resize=1024%2C768&amp;ssl=1 1024w, https:\/\/i0.wp.com\/www.dordogne-correze-vacances.com\/wp-content\/uploads\/2023\/07\/IMG_6810-scaled.jpg?resize=300%2C225&amp;ssl=1 300w, https:\/\/i0.wp.com\/www.dordogne-correze-vacances.com\/wp-content\/uploads\/2023\/07\/IMG_6810-scaled.jpg?resize=768%2C576&amp;ssl=1 768w, https:\/\/i0.wp.com\/www.dordogne-correze-vacances.com\/wp-content\/uploads\/2023\/07\/IMG_6810-scaled.jpg?resize=1536%2C1152&amp;ssl=1 1536w, https:\/\/i0.wp.com\/www.dordogne-correze-vacances.com\/wp-content\/uploads\/2023\/07\/IMG_6810-scaled.jpg?resize=2048%2C1536&amp;ssl=1 2048w, https:\/\/i0.wp.com\/www.dordogne-correze-vacances.com\/wp-content\/uploads\/2023\/07\/IMG_6810-scaled.jpg?resize=747%2C560&amp;ssl=1 747w, https:\/\/i0.wp.com\/www.dordogne-correze-vacances.com\/wp-content\/uploads\/2023\/07\/IMG_6810-scaled.jpg?resize=2000%2C1500&amp;ssl=1 2000w, https:\/\/i0.wp.com\/www.dordogne-correze-vacances.com\/wp-content\/uploads\/2023\/07\/IMG_6810-scaled.jpg?w=2244&amp;ssl=1 2244w\" sizes=\"auto, (max-width: 748px) 100vw, 748px\" \/><\/figure>\n","protected":false},"excerpt":{"rendered":"<p>22\/07: Wir k\u00f6nnen bekannt geben, dass wir jetzt vollst\u00e4ndig mit der Glasfaserverbindung von Bouyges verbunden sind. Unser Dank geht an Yousef von Bouyges, der (im Gegensatz zu der anderen Firma) einfach weitergemacht und die Arbeit erledigt hat. Wir haben jetzt Mesh-WLAN in allen G\u00e4stebereichen! 29\/06 : Wir haben einen Termin f\u00fcr einen Glasfaser-Internetanschluss erhalten, der &hellip; <a href=\"https:\/\/www.dordogne-correze-vacances.com\/index.php\/nachrichten\/?lang=de\" class=\"more-link\">Continue reading<span class=\"screen-reader-text\"> &#8220;Nachrichten&#8221;<\/span><\/a><\/p>\n","protected":false},"author":1,"featured_media":2541,"parent":0,"menu_order":0,"comment_status":"closed","ping_status":"closed","template":"template-full-width-page.php","meta":{"footnotes":""},"class_list":["post-1178","page","type-page","status-publish","has-post-thumbnail","hentry"],"jetpack_sharing_enabled":true,"_links":{"self":[{"href":"https:\/\/www.dordogne-correze-vacances.com\/index.php\/wp-json\/wp\/v2\/pages\/1178","targetHints":{"allow":["GET"]}}],"collection":[{"href":"https:\/\/www.dordogne-correze-vacances.com\/index.php\/wp-json\/wp\/v2\/pages"}],"about":[{"href":"https:\/\/www.dordogne-correze-vacances.com\/index.php\/wp-json\/wp\/v2\/types\/page"}],"author":[{"embeddable":true,"href":"https:\/\/www.dordogne-correze-vacances.com\/index.php\/wp-json\/wp\/v2\/users\/1"}],"replies":[{"embeddable":true,"href":"https:\/\/www.dordogne-correze-vacances.com\/index.php\/wp-json\/wp\/v2\/comments?post=1178"}],"version-history":[{"count":6,"href":"https:\/\/www.dordogne-correze-vacances.com\/index.php\/wp-json\/wp\/v2\/pages\/1178\/revisions"}],"predecessor-version":[{"id":3315,"href":"https:\/\/www.dordogne-correze-vacances.com\/index.php\/wp-json\/wp\/v2\/pages\/1178\/revisions\/3315"}],"wp:featuredmedia":[{"embeddable":true,"href":"https:\/\/www.dordogne-correze-vacances.com\/index.php\/wp-json\/wp\/v2\/media\/2541"}],"wp:attachment":[{"href":"https:\/\/www.dordogne-correze-vacances.com\/index.php\/wp-json\/wp\/v2\/media?parent=1178"}],"curies":[{"name":"wp","href":"https:\/\/api.w.org\/{rel}","templated":true}]}}