{"id":1180,"date":"2017-05-16T13:41:00","date_gmt":"2017-05-16T12:41:00","guid":{"rendered":"http:\/\/www.dordogne-correze-vacances.com\/index.php\/nouvelles\/"},"modified":"2023-07-02T10:18:17","modified_gmt":"2023-07-02T09:18:17","slug":"nouvelles","status":"publish","type":"page","link":"https:\/\/www.dordogne-correze-vacances.com\/index.php\/nouvelles\/?lang=fr","title":{"rendered":"Nouvelles"},"content":{"rendered":"\n<p>22\/07 : Nous pouvons vous annoncer que nous sommes d\u00e9sormais enti\u00e8rement connect\u00e9s au raccordement Fibre de Bouyges. Nos remerciements \u00e0 Yousef de Bouyges qui (contrairement \u00e0 l&#8217;autre entreprise) s&#8217;est mis au travail et a fait le travail. Nous avons maintenant le wifi maill\u00e9 dans toutes les zones r\u00e9serv\u00e9es aux clients\u00a0!<\/p>\n\n<p class=\"has-secondary-color has-text-color\">29\/06 : Nous avons \u00e9t\u00e9 programm\u00e9s pour une connexion internet par fibre qui permettra d&#8217;\u00e9tendre le WiFi haut d\u00e9bit \u00e0 toute la maison et aux g\u00eetes&#8230; il ne manque plus qu&#8217;\u00e0 ce que les travaux soient termin\u00e9s \u00e0 temps ! Croisez les doigts !<\/p>\n\n<p class=\"has-medium-font-size\">01\/07\/2023 &#8211; R\u00e9novation de la piscine termin\u00e9e<\/p>\n\n<p>Nous sommes heureux de dire que la r\u00e9novation de notre piscine est termin\u00e9e &#8211; la terrasse a \u00e9t\u00e9 r\u00e9par\u00e9e et une nouvelle cl\u00f4ture de s\u00e9curit\u00e9 a \u00e9t\u00e9 install\u00e9e pour assurer la s\u00e9curit\u00e9 des enfants\u00a0!<\/p>\n\n<figure class=\"wp-block-image size-large\"><img data-recalc-dims=\"1\" loading=\"lazy\" decoding=\"async\" width=\"748\" height=\"561\" data-attachment-id=\"3283\" data-permalink=\"https:\/\/www.dordogne-correze-vacances.com\/img_6812\/\" data-orig-file=\"https:\/\/i0.wp.com\/www.dordogne-correze-vacances.com\/wp-content\/uploads\/2023\/07\/IMG_6812-scaled.jpg?fit=2560%2C1920&amp;ssl=1\" data-orig-size=\"2560,1920\" data-comments-opened=\"1\" data-image-meta=\"{&quot;aperture&quot;:&quot;1.6&quot;,&quot;credit&quot;:&quot;&quot;,&quot;camera&quot;:&quot;iPhone 12 Pro Max&quot;,&quot;caption&quot;:&quot;&quot;,&quot;created_timestamp&quot;:&quot;1688065420&quot;,&quot;copyright&quot;:&quot;&quot;,&quot;focal_length&quot;:&quot;5.1&quot;,&quot;iso&quot;:&quot;32&quot;,&quot;shutter_speed&quot;:&quot;0.00099700897308076&quot;,&quot;title&quot;:&quot;&quot;,&quot;orientation&quot;:&quot;1&quot;}\" data-image-title=\"IMG_6812\" data-image-description=\"\" data-image-caption=\"\" data-medium-file=\"https:\/\/i0.wp.com\/www.dordogne-correze-vacances.com\/wp-content\/uploads\/2023\/07\/IMG_6812-scaled.jpg?fit=300%2C225&amp;ssl=1\" data-large-file=\"https:\/\/i0.wp.com\/www.dordogne-correze-vacances.com\/wp-content\/uploads\/2023\/07\/IMG_6812-scaled.jpg?fit=748%2C561&amp;ssl=1\" src=\"https:\/\/i0.wp.com\/www.dordogne-correze-vacances.com\/wp-content\/uploads\/2023\/07\/IMG_6812.jpg?resize=748%2C561&#038;ssl=1\" alt=\"\" class=\"wp-image-3283\" srcset=\"https:\/\/i0.wp.com\/www.dordogne-correze-vacances.com\/wp-content\/uploads\/2023\/07\/IMG_6812-scaled.jpg?resize=1024%2C768&amp;ssl=1 1024w, https:\/\/i0.wp.com\/www.dordogne-correze-vacances.com\/wp-content\/uploads\/2023\/07\/IMG_6812-scaled.jpg?resize=300%2C225&amp;ssl=1 300w, https:\/\/i0.wp.com\/www.dordogne-correze-vacances.com\/wp-content\/uploads\/2023\/07\/IMG_6812-scaled.jpg?resize=768%2C576&amp;ssl=1 768w, https:\/\/i0.wp.com\/www.dordogne-correze-vacances.com\/wp-content\/uploads\/2023\/07\/IMG_6812-scaled.jpg?resize=1536%2C1152&amp;ssl=1 1536w, https:\/\/i0.wp.com\/www.dordogne-correze-vacances.com\/wp-content\/uploads\/2023\/07\/IMG_6812-scaled.jpg?resize=2048%2C1536&amp;ssl=1 2048w, https:\/\/i0.wp.com\/www.dordogne-correze-vacances.com\/wp-content\/uploads\/2023\/07\/IMG_6812-scaled.jpg?resize=747%2C560&amp;ssl=1 747w, https:\/\/i0.wp.com\/www.dordogne-correze-vacances.com\/wp-content\/uploads\/2023\/07\/IMG_6812-scaled.jpg?resize=2000%2C1500&amp;ssl=1 2000w, https:\/\/i0.wp.com\/www.dordogne-correze-vacances.com\/wp-content\/uploads\/2023\/07\/IMG_6812-scaled.jpg?w=2244&amp;ssl=1 2244w\" sizes=\"auto, (max-width: 748px) 100vw, 748px\" \/><\/figure>\n\n<figure class=\"wp-block-image size-large\"><img data-recalc-dims=\"1\" loading=\"lazy\" decoding=\"async\" width=\"748\" height=\"561\" data-attachment-id=\"3293\" data-permalink=\"https:\/\/www.dordogne-correze-vacances.com\/img_6810\/\" data-orig-file=\"https:\/\/i0.wp.com\/www.dordogne-correze-vacances.com\/wp-content\/uploads\/2023\/07\/IMG_6810-scaled.jpg?fit=2560%2C1920&amp;ssl=1\" data-orig-size=\"2560,1920\" data-comments-opened=\"1\" data-image-meta=\"{&quot;aperture&quot;:&quot;2.4&quot;,&quot;credit&quot;:&quot;&quot;,&quot;camera&quot;:&quot;iPhone 12 Pro Max&quot;,&quot;caption&quot;:&quot;&quot;,&quot;created_timestamp&quot;:&quot;1688065255&quot;,&quot;copyright&quot;:&quot;&quot;,&quot;focal_length&quot;:&quot;1.54&quot;,&quot;iso&quot;:&quot;25&quot;,&quot;shutter_speed&quot;:&quot;0.0026666666666667&quot;,&quot;title&quot;:&quot;&quot;,&quot;orientation&quot;:&quot;1&quot;}\" data-image-title=\"IMG_6810\" data-image-description=\"\" data-image-caption=\"\" data-medium-file=\"https:\/\/i0.wp.com\/www.dordogne-correze-vacances.com\/wp-content\/uploads\/2023\/07\/IMG_6810-scaled.jpg?fit=300%2C225&amp;ssl=1\" data-large-file=\"https:\/\/i0.wp.com\/www.dordogne-correze-vacances.com\/wp-content\/uploads\/2023\/07\/IMG_6810-scaled.jpg?fit=748%2C561&amp;ssl=1\" src=\"https:\/\/i0.wp.com\/www.dordogne-correze-vacances.com\/wp-content\/uploads\/2023\/07\/IMG_6810.jpg?resize=748%2C561&#038;ssl=1\" alt=\"\" class=\"wp-image-3293\" srcset=\"https:\/\/i0.wp.com\/www.dordogne-correze-vacances.com\/wp-content\/uploads\/2023\/07\/IMG_6810-scaled.jpg?resize=1024%2C768&amp;ssl=1 1024w, https:\/\/i0.wp.com\/www.dordogne-correze-vacances.com\/wp-content\/uploads\/2023\/07\/IMG_6810-scaled.jpg?resize=300%2C225&amp;ssl=1 300w, https:\/\/i0.wp.com\/www.dordogne-correze-vacances.com\/wp-content\/uploads\/2023\/07\/IMG_6810-scaled.jpg?resize=768%2C576&amp;ssl=1 768w, https:\/\/i0.wp.com\/www.dordogne-correze-vacances.com\/wp-content\/uploads\/2023\/07\/IMG_6810-scaled.jpg?resize=1536%2C1152&amp;ssl=1 1536w, https:\/\/i0.wp.com\/www.dordogne-correze-vacances.com\/wp-content\/uploads\/2023\/07\/IMG_6810-scaled.jpg?resize=2048%2C1536&amp;ssl=1 2048w, https:\/\/i0.wp.com\/www.dordogne-correze-vacances.com\/wp-content\/uploads\/2023\/07\/IMG_6810-scaled.jpg?resize=747%2C560&amp;ssl=1 747w, https:\/\/i0.wp.com\/www.dordogne-correze-vacances.com\/wp-content\/uploads\/2023\/07\/IMG_6810-scaled.jpg?resize=2000%2C1500&amp;ssl=1 2000w, https:\/\/i0.wp.com\/www.dordogne-correze-vacances.com\/wp-content\/uploads\/2023\/07\/IMG_6810-scaled.jpg?w=2244&amp;ssl=1 2244w\" sizes=\"auto, (max-width: 748px) 100vw, 748px\" \/><\/figure>\n","protected":false},"excerpt":{"rendered":"<p>22\/07 : Nous pouvons vous annoncer que nous sommes d\u00e9sormais enti\u00e8rement connect\u00e9s au raccordement Fibre de Bouyges. Nos remerciements \u00e0 Yousef de Bouyges qui (contrairement \u00e0 l&#8217;autre entreprise) s&#8217;est mis au travail et a fait le travail. Nous avons maintenant le wifi maill\u00e9 dans toutes les zones r\u00e9serv\u00e9es aux clients\u00a0! 29\/06 : Nous avons \u00e9t\u00e9 &hellip; <a href=\"https:\/\/www.dordogne-correze-vacances.com\/index.php\/nouvelles\/?lang=fr\" class=\"more-link\">Continue reading<span class=\"screen-reader-text\"> &#8220;Nouvelles&#8221;<\/span><\/a><\/p>\n","protected":false},"author":1,"featured_media":2540,"parent":0,"menu_order":0,"comment_status":"closed","ping_status":"closed","template":"template-full-width-page.php","meta":{"footnotes":""},"class_list":["post-1180","page","type-page","status-publish","has-post-thumbnail","hentry"],"jetpack_sharing_enabled":true,"_links":{"self":[{"href":"https:\/\/www.dordogne-correze-vacances.com\/index.php\/wp-json\/wp\/v2\/pages\/1180","targetHints":{"allow":["GET"]}}],"collection":[{"href":"https:\/\/www.dordogne-correze-vacances.com\/index.php\/wp-json\/wp\/v2\/pages"}],"about":[{"href":"https:\/\/www.dordogne-correze-vacances.com\/index.php\/wp-json\/wp\/v2\/types\/page"}],"author":[{"embeddable":true,"href":"https:\/\/www.dordogne-correze-vacances.com\/index.php\/wp-json\/wp\/v2\/users\/1"}],"replies":[{"embeddable":true,"href":"https:\/\/www.dordogne-correze-vacances.com\/index.php\/wp-json\/wp\/v2\/comments?post=1180"}],"version-history":[{"count":8,"href":"https:\/\/www.dordogne-correze-vacances.com\/index.php\/wp-json\/wp\/v2\/pages\/1180\/revisions"}],"predecessor-version":[{"id":3316,"href":"https:\/\/www.dordogne-correze-vacances.com\/index.php\/wp-json\/wp\/v2\/pages\/1180\/revisions\/3316"}],"wp:featuredmedia":[{"embeddable":true,"href":"https:\/\/www.dordogne-correze-vacances.com\/index.php\/wp-json\/wp\/v2\/media\/2540"}],"wp:attachment":[{"href":"https:\/\/www.dordogne-correze-vacances.com\/index.php\/wp-json\/wp\/v2\/media?parent=1180"}],"curies":[{"name":"wp","href":"https:\/\/api.w.org\/{rel}","templated":true}]}}