{"id":1210,"date":"2022-06-29T13:20:19","date_gmt":"2022-06-29T12:20:19","guid":{"rendered":"http:\/\/www.dordogne-correze-vacances.com\/index.php\/equitation\/"},"modified":"2022-07-03T17:02:25","modified_gmt":"2022-07-03T16:02:25","slug":"equitation","status":"publish","type":"page","link":"https:\/\/www.dordogne-correze-vacances.com\/index.php\/bienvenue-en-dordogne-correze-vacances\/activites\/equitation\/?lang=fr","title":{"rendered":"\u00c9quitation"},"content":{"rendered":"\n<p>Toute la r\u00e9gion autour de Troche et Pompadour (\u00e0 6 km) est r\u00e9put\u00e9e pour son accent \u00e9questre et il existe de nombreuses \u00e9coles d&#8217;\u00e9quitation excellentes et c\u00e9l\u00e8bres. <\/p>\n\n\n\n<p>Donc, que vous ou vos enfants vouliez faire les premiers pas pour apprendre \u00e0 monter \u00e0 cheval, ou que vous vouliez franchir les prochaines \u00e9tapes avanc\u00e9es de votre voyage vers l&#8217;\u00e9quitation experte, c&#8217;est l&#8217;endroit qu&#8217;il vous faut. <\/p>\n\n\n\n<p>Les parcours sont magnifiques et pittoresques, les installations sont de classe mondiale.<\/p>\n\n\n\n<figure class=\"wp-block-image size-large\"><img data-recalc-dims=\"1\" loading=\"lazy\" decoding=\"async\" width=\"748\" height=\"511\" src=\"https:\/\/i0.wp.com\/www.dordogne-correze-vacances.com\/wp-content\/uploads\/2022\/06\/RidingSchools.png?resize=748%2C511&#038;ssl=1\" alt=\"\" class=\"wp-image-1022\" srcset=\"https:\/\/i0.wp.com\/www.dordogne-correze-vacances.com\/wp-content\/uploads\/2022\/06\/RidingSchools.png?resize=1024%2C699&amp;ssl=1 1024w, https:\/\/i0.wp.com\/www.dordogne-correze-vacances.com\/wp-content\/uploads\/2022\/06\/RidingSchools.png?resize=300%2C205&amp;ssl=1 300w, https:\/\/i0.wp.com\/www.dordogne-correze-vacances.com\/wp-content\/uploads\/2022\/06\/RidingSchools.png?resize=768%2C524&amp;ssl=1 768w, https:\/\/i0.wp.com\/www.dordogne-correze-vacances.com\/wp-content\/uploads\/2022\/06\/RidingSchools.png?resize=1536%2C1049&amp;ssl=1 1536w, https:\/\/i0.wp.com\/www.dordogne-correze-vacances.com\/wp-content\/uploads\/2022\/06\/RidingSchools.png?resize=820%2C560&amp;ssl=1 820w, https:\/\/i0.wp.com\/www.dordogne-correze-vacances.com\/wp-content\/uploads\/2022\/06\/RidingSchools.png?w=1614&amp;ssl=1 1614w\" sizes=\"auto, (max-width: 748px) 100vw, 748px\" \/><\/figure>\n","protected":false},"excerpt":{"rendered":"<p>Toute la r\u00e9gion autour de Troche et Pompadour (\u00e0 6 km) est r\u00e9put\u00e9e pour son accent \u00e9questre et il existe de nombreuses \u00e9coles d&#8217;\u00e9quitation excellentes et c\u00e9l\u00e8bres. Donc, que vous ou vos enfants vouliez faire les premiers pas pour apprendre \u00e0 monter \u00e0 cheval, ou que vous vouliez franchir les prochaines \u00e9tapes avanc\u00e9es de votre &hellip; <a href=\"https:\/\/www.dordogne-correze-vacances.com\/index.php\/bienvenue-en-dordogne-correze-vacances\/activites\/equitation\/?lang=fr\" class=\"more-link\">Continue reading<span class=\"screen-reader-text\"> &#8220;\u00c9quitation&#8221;<\/span><\/a><\/p>\n","protected":false},"author":1,"featured_media":712,"parent":1271,"menu_order":0,"comment_status":"closed","ping_status":"closed","template":"template-full-width-page.php","meta":{"footnotes":""},"class_list":["post-1210","page","type-page","status-publish","has-post-thumbnail","hentry"],"jetpack_sharing_enabled":true,"_links":{"self":[{"href":"https:\/\/www.dordogne-correze-vacances.com\/index.php\/wp-json\/wp\/v2\/pages\/1210","targetHints":{"allow":["GET"]}}],"collection":[{"href":"https:\/\/www.dordogne-correze-vacances.com\/index.php\/wp-json\/wp\/v2\/pages"}],"about":[{"href":"https:\/\/www.dordogne-correze-vacances.com\/index.php\/wp-json\/wp\/v2\/types\/page"}],"author":[{"embeddable":true,"href":"https:\/\/www.dordogne-correze-vacances.com\/index.php\/wp-json\/wp\/v2\/users\/1"}],"replies":[{"embeddable":true,"href":"https:\/\/www.dordogne-correze-vacances.com\/index.php\/wp-json\/wp\/v2\/comments?post=1210"}],"version-history":[{"count":1,"href":"https:\/\/www.dordogne-correze-vacances.com\/index.php\/wp-json\/wp\/v2\/pages\/1210\/revisions"}],"predecessor-version":[{"id":1331,"href":"https:\/\/www.dordogne-correze-vacances.com\/index.php\/wp-json\/wp\/v2\/pages\/1210\/revisions\/1331"}],"up":[{"embeddable":true,"href":"https:\/\/www.dordogne-correze-vacances.com\/index.php\/wp-json\/wp\/v2\/pages\/1271"}],"wp:featuredmedia":[{"embeddable":true,"href":"https:\/\/www.dordogne-correze-vacances.com\/index.php\/wp-json\/wp\/v2\/media\/712"}],"wp:attachment":[{"href":"https:\/\/www.dordogne-correze-vacances.com\/index.php\/wp-json\/wp\/v2\/media?parent=1210"}],"curies":[{"name":"wp","href":"https:\/\/api.w.org\/{rel}","templated":true}]}}