{"id":1215,"date":"2022-06-29T13:20:19","date_gmt":"2022-06-29T12:20:19","guid":{"rendered":"http:\/\/www.dordogne-correze-vacances.com\/index.php\/reiten\/"},"modified":"2022-07-03T17:02:26","modified_gmt":"2022-07-03T16:02:26","slug":"reiten","status":"publish","type":"page","link":"https:\/\/www.dordogne-correze-vacances.com\/index.php\/willkommen-bei-dordogne-correze-vacances\/aktivitaten\/reiten\/?lang=de","title":{"rendered":"Reiten"},"content":{"rendered":"\n<p>Die gesamte Gegend um Troche und Pompadour (6 km entfernt) ist f\u00fcr ihren Reitsport bekannt und es gibt viele ausgezeichnete und ber\u00fchmte Reitschulen. <\/p>\n\n\n\n<p>Unabh\u00e4ngig davon, ob Sie oder Ihre Kinder die ersten Schritte zum Erlernen des Reitens machen oder die n\u00e4chsten fortgeschrittenen Schritte auf Ihrem Weg zum professionellen Horsemanship machen m\u00f6chten, ist dies der richtige Ort f\u00fcr Sie. <\/p>\n\n\n\n<p>Die Fahrgesch\u00e4fte sind wundersch\u00f6n und malerisch, die Einrichtungen sind Weltklasse.<\/p>\n\n\n\n<figure class=\"wp-block-image size-large\"><img data-recalc-dims=\"1\" loading=\"lazy\" decoding=\"async\" width=\"748\" height=\"511\" src=\"https:\/\/i0.wp.com\/www.dordogne-correze-vacances.com\/wp-content\/uploads\/2022\/06\/RidingSchools.png?resize=748%2C511&#038;ssl=1\" alt=\"\" class=\"wp-image-1023\" srcset=\"https:\/\/i0.wp.com\/www.dordogne-correze-vacances.com\/wp-content\/uploads\/2022\/06\/RidingSchools.png?resize=1024%2C699&amp;ssl=1 1024w, https:\/\/i0.wp.com\/www.dordogne-correze-vacances.com\/wp-content\/uploads\/2022\/06\/RidingSchools.png?resize=300%2C205&amp;ssl=1 300w, https:\/\/i0.wp.com\/www.dordogne-correze-vacances.com\/wp-content\/uploads\/2022\/06\/RidingSchools.png?resize=768%2C524&amp;ssl=1 768w, https:\/\/i0.wp.com\/www.dordogne-correze-vacances.com\/wp-content\/uploads\/2022\/06\/RidingSchools.png?resize=1536%2C1049&amp;ssl=1 1536w, https:\/\/i0.wp.com\/www.dordogne-correze-vacances.com\/wp-content\/uploads\/2022\/06\/RidingSchools.png?resize=820%2C560&amp;ssl=1 820w, https:\/\/i0.wp.com\/www.dordogne-correze-vacances.com\/wp-content\/uploads\/2022\/06\/RidingSchools.png?w=1614&amp;ssl=1 1614w\" sizes=\"auto, (max-width: 748px) 100vw, 748px\" \/><\/figure>\n","protected":false},"excerpt":{"rendered":"<p>Die gesamte Gegend um Troche und Pompadour (6 km entfernt) ist f\u00fcr ihren Reitsport bekannt und es gibt viele ausgezeichnete und ber\u00fchmte Reitschulen. Unabh\u00e4ngig davon, ob Sie oder Ihre Kinder die ersten Schritte zum Erlernen des Reitens machen oder die n\u00e4chsten fortgeschrittenen Schritte auf Ihrem Weg zum professionellen Horsemanship machen m\u00f6chten, ist dies der richtige &hellip; <a href=\"https:\/\/www.dordogne-correze-vacances.com\/index.php\/willkommen-bei-dordogne-correze-vacances\/aktivitaten\/reiten\/?lang=de\" class=\"more-link\">Continue reading<span class=\"screen-reader-text\"> &#8220;Reiten&#8221;<\/span><\/a><\/p>\n","protected":false},"author":1,"featured_media":713,"parent":1270,"menu_order":0,"comment_status":"closed","ping_status":"closed","template":"template-full-width-page.php","meta":{"footnotes":""},"class_list":["post-1215","page","type-page","status-publish","has-post-thumbnail","hentry"],"jetpack_sharing_enabled":true,"_links":{"self":[{"href":"https:\/\/www.dordogne-correze-vacances.com\/index.php\/wp-json\/wp\/v2\/pages\/1215","targetHints":{"allow":["GET"]}}],"collection":[{"href":"https:\/\/www.dordogne-correze-vacances.com\/index.php\/wp-json\/wp\/v2\/pages"}],"about":[{"href":"https:\/\/www.dordogne-correze-vacances.com\/index.php\/wp-json\/wp\/v2\/types\/page"}],"author":[{"embeddable":true,"href":"https:\/\/www.dordogne-correze-vacances.com\/index.php\/wp-json\/wp\/v2\/users\/1"}],"replies":[{"embeddable":true,"href":"https:\/\/www.dordogne-correze-vacances.com\/index.php\/wp-json\/wp\/v2\/comments?post=1215"}],"version-history":[{"count":1,"href":"https:\/\/www.dordogne-correze-vacances.com\/index.php\/wp-json\/wp\/v2\/pages\/1215\/revisions"}],"predecessor-version":[{"id":1332,"href":"https:\/\/www.dordogne-correze-vacances.com\/index.php\/wp-json\/wp\/v2\/pages\/1215\/revisions\/1332"}],"up":[{"embeddable":true,"href":"https:\/\/www.dordogne-correze-vacances.com\/index.php\/wp-json\/wp\/v2\/pages\/1270"}],"wp:featuredmedia":[{"embeddable":true,"href":"https:\/\/www.dordogne-correze-vacances.com\/index.php\/wp-json\/wp\/v2\/media\/713"}],"wp:attachment":[{"href":"https:\/\/www.dordogne-correze-vacances.com\/index.php\/wp-json\/wp\/v2\/media?parent=1215"}],"curies":[{"name":"wp","href":"https:\/\/api.w.org\/{rel}","templated":true}]}}