{"id":1268,"date":"2017-05-16T13:40:41","date_gmt":"2017-05-16T12:40:41","guid":{"rendered":"http:\/\/www.dordogne-correze-vacances.com\/index.php\/bienvenue-en-dordogne-correze-vacances\/"},"modified":"2026-02-11T20:10:25","modified_gmt":"2026-02-11T19:10:25","slug":"bienvenue-en-dordogne-correze-vacances","status":"publish","type":"page","link":"https:\/\/www.dordogne-correze-vacances.com\/index.php\/bienvenue-en-dordogne-correze-vacances\/?lang=fr","title":{"rendered":"Bienvenue en Dordogne \/ Corr\u00e8ze Vacances"},"content":{"rendered":"<div class=\"wp-block-image is-resized\">\n<figure class=\"alignright size-full\"><img data-recalc-dims=\"1\" loading=\"lazy\" decoding=\"async\" width=\"748\" height=\"562\" data-attachment-id=\"1972\" data-permalink=\"https:\/\/www.dordogne-correze-vacances.com\/753a7c0c-ace8-42d3-a153-cadce875e051\/\" data-orig-file=\"https:\/\/i0.wp.com\/www.dordogne-correze-vacances.com\/wp-content\/uploads\/2022\/07\/753a7c0c-ace8-42d3-a153-cadce875e051.jpg?fit=1024%2C769&amp;ssl=1\" data-orig-size=\"1024,769\" data-comments-opened=\"1\" data-image-meta=\"{&quot;aperture&quot;:&quot;0&quot;,&quot;credit&quot;:&quot;&quot;,&quot;camera&quot;:&quot;&quot;,&quot;caption&quot;:&quot;&quot;,&quot;created_timestamp&quot;:&quot;0&quot;,&quot;copyright&quot;:&quot;&quot;,&quot;focal_length&quot;:&quot;0&quot;,&quot;iso&quot;:&quot;0&quot;,&quot;shutter_speed&quot;:&quot;0&quot;,&quot;title&quot;:&quot;&quot;,&quot;orientation&quot;:&quot;0&quot;}\" data-image-title=\"753a7c0c-ace8-42d3-a153-cadce875e051\" data-image-description=\"\" data-image-caption=\"&lt;p&gt;Your hosts and Princess Gracie, the wonder dog&lt;\/p&gt;\n\" data-medium-file=\"https:\/\/i0.wp.com\/www.dordogne-correze-vacances.com\/wp-content\/uploads\/2022\/07\/753a7c0c-ace8-42d3-a153-cadce875e051.jpg?fit=300%2C225&amp;ssl=1\" data-large-file=\"https:\/\/i0.wp.com\/www.dordogne-correze-vacances.com\/wp-content\/uploads\/2022\/07\/753a7c0c-ace8-42d3-a153-cadce875e051.jpg?fit=748%2C562&amp;ssl=1\" src=\"https:\/\/i0.wp.com\/www.dordogne-correze-vacances.com\/wp-content\/uploads\/2022\/07\/753a7c0c-ace8-42d3-a153-cadce875e051.jpg?resize=748%2C562&#038;ssl=1\" alt=\"\" class=\"wp-image-1972\" style=\"width:400px\" srcset=\"https:\/\/i0.wp.com\/www.dordogne-correze-vacances.com\/wp-content\/uploads\/2022\/07\/753a7c0c-ace8-42d3-a153-cadce875e051.jpg?w=1024&amp;ssl=1 1024w, https:\/\/i0.wp.com\/www.dordogne-correze-vacances.com\/wp-content\/uploads\/2022\/07\/753a7c0c-ace8-42d3-a153-cadce875e051.jpg?resize=300%2C225&amp;ssl=1 300w, https:\/\/i0.wp.com\/www.dordogne-correze-vacances.com\/wp-content\/uploads\/2022\/07\/753a7c0c-ace8-42d3-a153-cadce875e051.jpg?resize=768%2C577&amp;ssl=1 768w, https:\/\/i0.wp.com\/www.dordogne-correze-vacances.com\/wp-content\/uploads\/2022\/07\/753a7c0c-ace8-42d3-a153-cadce875e051.jpg?resize=746%2C560&amp;ssl=1 746w\" sizes=\"auto, (max-width: 748px) 100vw, 748px\" \/><figcaption class=\"wp-element-caption\">Vos h\u00f4tes et &#8220;Princess&#8221; Gracie, le chien merveilleux<\/figcaption><\/figure><\/div>\n<p>Nous sommes un couple australien qui a v\u00e9cu dans plusieurs pays, notamment en Australie, en Suisse, au Royaume-Uni et \u00e0 Abu Dhabi dans les \u00c9mirats arabes unis. Nous avons choisi de nous installer en France et en particulier dans l&#8217;un des plus beaux paysages que nous ayons vus.  <\/p>\n\n<p>Nous sommes dans une zone rurale paisible \u00e0 environ 40 minutes de Brive-la-Gaillard ou de Limoges, une r\u00e9gion regorgeant de magnifiques villages et villes, facile d&#8217;acc\u00e8s, elle propose de nombreuses activit\u00e9s, attractions et sites touristiques pour toute la famille. Il a une cuisine et un vin l\u00e9gendaires (il se situe \u00e0 mi-chemin entre la Bourgogne \u00e0 l&#8217;est et Bordeaux \u00e0 l&#8217;ouest).<\/p>\n\n<p>Notre maison est une ancienne grange en pierre r\u00e9nov\u00e9e de mani\u00e8re experte par les anciens propri\u00e9taires et constitue un endroit merveilleux pour se d\u00e9tendre au bord de la piscine et une base pour explorer la Dordogne et la Corr\u00e8ze ou d&#8217;autres r\u00e9gions. Voir une vid\u00e9o de la maison ici :<\/p>\n\n<figure class=\"wp-block-video\"><video controls=\"\" src=\"https:\/\/www.dordogne-correze-vacances.com\/wp-content\/uploads\/2025\/09\/work-720.mp4.mov\"><\/video><\/figure>\n\n<div class=\"wp-block-columns is-layout-flex wp-container-core-columns-is-layout-1 wp-block-columns-is-layout-flex\">\n<div class=\"wp-block-column is-layout-flow wp-block-column-is-layout-flow\">\n<table><tr><td><a href=\"https:\/\/www.dordogne-correze-vacances.com\/?lang=fr\"><img data-recalc-dims=\"1\" decoding=\"async\" src=\"https:\/\/i0.wp.com\/photos.travelmyth.com\/awards\/1239\/travelmyth_1239235_U4BH_r___p22_y2023_a453_fr_web.png?w=160&#038;ssl=1\"  border=\"0\" alt=\"h\u00f4tels Brive la Gaillarde\"\/><\/a><br\/><\/td>\n<td><a href=\"https:\/\/www.dordogne-correze-vacances.com\/?lang=fr\"><img data-recalc-dims=\"1\" decoding=\"async\" src=\"https:\/\/i0.wp.com\/photos.travelmyth.com\/awards\/1239\/travelmyth_1239235_aF8p_r__small_p8_y2023_a453_fr_web.png?w=160&#038;ssl=1\"  border=\"0\" alt=\"petits h\u00f4tels Brive la Gaillarde\"\/><\/a><br\/><\/td><\/tr>\n<tr><td><a href=\"https:\/\/www.dordogne-correze-vacances.com\/?lang=fr\"><img data-recalc-dims=\"1\" decoding=\"async\" src=\"https:\/\/i0.wp.com\/photos.travelmyth.com\/awards\/1239\/travelmyth_1239235_37EY_r__accessible_p25_y2023_71ae_fr_web.png?w=160&#038;ssl=1\"  border=\"0\" alt=\"h\u00f4tels accessibles France\"\/><\/a><br\/><\/td><\/tr><\/table>\n\n\n\n<figure class=\"wp-block-image size-large is-resized\"><img data-recalc-dims=\"1\" loading=\"lazy\" decoding=\"async\" width=\"576\" height=\"1024\" data-attachment-id=\"5454\" data-permalink=\"https:\/\/www.dordogne-correze-vacances.com\/instagram-stories-generic_ra-2026\/\" data-orig-file=\"https:\/\/i0.wp.com\/www.dordogne-correze-vacances.com\/wp-content\/uploads\/2026\/02\/Instagram-Stories-Generic_RA-2026.png?fit=1080%2C1920&amp;ssl=1\" data-orig-size=\"1080,1920\" data-comments-opened=\"1\" data-image-meta=\"{&quot;aperture&quot;:&quot;0&quot;,&quot;credit&quot;:&quot;&quot;,&quot;camera&quot;:&quot;&quot;,&quot;caption&quot;:&quot;&quot;,&quot;created_timestamp&quot;:&quot;0&quot;,&quot;copyright&quot;:&quot;&quot;,&quot;focal_length&quot;:&quot;0&quot;,&quot;iso&quot;:&quot;0&quot;,&quot;shutter_speed&quot;:&quot;0&quot;,&quot;title&quot;:&quot;&quot;,&quot;orientation&quot;:&quot;0&quot;}\" data-image-title=\"Instagram-Stories-Generic_RA-2026\" data-image-description=\"\" data-image-caption=\"\" data-medium-file=\"https:\/\/i0.wp.com\/www.dordogne-correze-vacances.com\/wp-content\/uploads\/2026\/02\/Instagram-Stories-Generic_RA-2026.png?fit=169%2C300&amp;ssl=1\" data-large-file=\"https:\/\/i0.wp.com\/www.dordogne-correze-vacances.com\/wp-content\/uploads\/2026\/02\/Instagram-Stories-Generic_RA-2026.png?fit=576%2C1024&amp;ssl=1\" src=\"https:\/\/i0.wp.com\/www.dordogne-correze-vacances.com\/wp-content\/uploads\/2026\/02\/Instagram-Stories-Generic_RA-2026.png?resize=576%2C1024&#038;ssl=1\" alt=\"\" class=\"wp-image-5454\" style=\"width:237px;height:auto\" srcset=\"https:\/\/i0.wp.com\/www.dordogne-correze-vacances.com\/wp-content\/uploads\/2026\/02\/Instagram-Stories-Generic_RA-2026.png?resize=576%2C1024&amp;ssl=1 576w, https:\/\/i0.wp.com\/www.dordogne-correze-vacances.com\/wp-content\/uploads\/2026\/02\/Instagram-Stories-Generic_RA-2026.png?resize=169%2C300&amp;ssl=1 169w, https:\/\/i0.wp.com\/www.dordogne-correze-vacances.com\/wp-content\/uploads\/2026\/02\/Instagram-Stories-Generic_RA-2026.png?resize=768%2C1365&amp;ssl=1 768w, https:\/\/i0.wp.com\/www.dordogne-correze-vacances.com\/wp-content\/uploads\/2026\/02\/Instagram-Stories-Generic_RA-2026.png?resize=864%2C1536&amp;ssl=1 864w, https:\/\/i0.wp.com\/www.dordogne-correze-vacances.com\/wp-content\/uploads\/2026\/02\/Instagram-Stories-Generic_RA-2026.png?resize=315%2C560&amp;ssl=1 315w, https:\/\/i0.wp.com\/www.dordogne-correze-vacances.com\/wp-content\/uploads\/2026\/02\/Instagram-Stories-Generic_RA-2026.png?w=1080&amp;ssl=1 1080w\" sizes=\"auto, (max-width: 576px) 100vw, 576px\" \/><\/figure>\n<\/div>\n\n\n\n<div class=\"wp-block-column is-layout-flow wp-block-column-is-layout-flow\" style=\"flex-basis:550px\">\n<blockquote class=\"wp-block-quote is-style-plain is-layout-flow wp-block-quote-is-layout-flow\">\n<p class=\"has-medium-font-size\">Commentaires des invit\u00e9s&#8230;<br\/><br\/> &#8220;&#8230;cette maison est un m\u00e9lange parfait de traditionnel et de moderne..&#8221;<br\/><br\/> &#8220;&#8230;Nous avons \u00e9t\u00e9 surpris par tout ce qu&#8217;il y a \u00e0 voir et \u00e0 faire dans cette r\u00e9gion, c&#8217;est un v\u00e9ritable joyau &#8211; nous vivons \u00e0 2 heures de route et nous ne savions pas&#8230;&#8221;<\/p>\n<\/blockquote>\n\n\n\n<p class=\"has-medium-font-size\"><mark style=\"background-color:rgba(0, 0, 0, 0)\" class=\"has-inline-color has-secondary-color\">Nous sommes sinc\u00e8rement reconnaissants \u00e0 nos clients pour leur soutien. Vos avis sont tr\u00e8s importants pour nous ! <br\/> <strong><em>MERCI !<\/em><\/strong><\/mark><\/p>\n\n\n\n<figure class=\"wp-block-table is-style-stripes\"><table class=\"has-fixed-layout\"><tbody><tr><td> <figure class=\"wp-block-image size-large is-resized\"><img data-recalc-dims=\"1\" loading=\"lazy\" decoding=\"async\" width=\"748\" height=\"526\" data-attachment-id=\"5495\" data-permalink=\"https:\/\/www.dordogne-correze-vacances.com\/digital-gallery-award-tra-2024-2\/\" data-orig-file=\"https:\/\/i0.wp.com\/www.dordogne-correze-vacances.com\/wp-content\/uploads\/2026\/02\/Digital-Gallery-Award-TRA-2024.png?fit=1280%2C900&amp;ssl=1\" data-orig-size=\"1280,900\" data-comments-opened=\"1\" data-image-meta=\"{&quot;aperture&quot;:&quot;0&quot;,&quot;credit&quot;:&quot;&quot;,&quot;camera&quot;:&quot;&quot;,&quot;caption&quot;:&quot;&quot;,&quot;created_timestamp&quot;:&quot;0&quot;,&quot;copyright&quot;:&quot;&quot;,&quot;focal_length&quot;:&quot;0&quot;,&quot;iso&quot;:&quot;0&quot;,&quot;shutter_speed&quot;:&quot;0&quot;,&quot;title&quot;:&quot;&quot;,&quot;orientation&quot;:&quot;0&quot;}\" data-image-title=\"Digital-Gallery-Award-TRA-2024\" data-image-description=\"\" data-image-caption=\"\" data-medium-file=\"https:\/\/i0.wp.com\/www.dordogne-correze-vacances.com\/wp-content\/uploads\/2026\/02\/Digital-Gallery-Award-TRA-2024.png?fit=300%2C211&amp;ssl=1\" data-large-file=\"https:\/\/i0.wp.com\/www.dordogne-correze-vacances.com\/wp-content\/uploads\/2026\/02\/Digital-Gallery-Award-TRA-2024.png?fit=748%2C526&amp;ssl=1\" src=\"https:\/\/i0.wp.com\/www.dordogne-correze-vacances.com\/wp-content\/uploads\/2026\/02\/Digital-Gallery-Award-TRA-2024.png?resize=748%2C526&#038;ssl=1\" alt=\"\" class=\"wp-image-5495\" style=\"width:294px;height:auto\" srcset=\"https:\/\/i0.wp.com\/www.dordogne-correze-vacances.com\/wp-content\/uploads\/2026\/02\/Digital-Gallery-Award-TRA-2024.png?resize=1024%2C720&amp;ssl=1 1024w, https:\/\/i0.wp.com\/www.dordogne-correze-vacances.com\/wp-content\/uploads\/2026\/02\/Digital-Gallery-Award-TRA-2024.png?resize=300%2C211&amp;ssl=1 300w, https:\/\/i0.wp.com\/www.dordogne-correze-vacances.com\/wp-content\/uploads\/2026\/02\/Digital-Gallery-Award-TRA-2024.png?resize=768%2C540&amp;ssl=1 768w, https:\/\/i0.wp.com\/www.dordogne-correze-vacances.com\/wp-content\/uploads\/2026\/02\/Digital-Gallery-Award-TRA-2024.png?resize=796%2C560&amp;ssl=1 796w, https:\/\/i0.wp.com\/www.dordogne-correze-vacances.com\/wp-content\/uploads\/2026\/02\/Digital-Gallery-Award-TRA-2024.png?w=1280&amp;ssl=1 1280w\" sizes=\"auto, (max-width: 748px) 100vw, 748px\" \/><\/figure> <\/td><td><figure class=\"wp-block-image size-large is-resized\"><img data-recalc-dims=\"1\" loading=\"lazy\" decoding=\"async\" width=\"748\" height=\"526\" data-attachment-id=\"5459\" data-permalink=\"https:\/\/www.dordogne-correze-vacances.com\/digital-award_ra-2026\/\" data-orig-file=\"https:\/\/i0.wp.com\/www.dordogne-correze-vacances.com\/wp-content\/uploads\/2026\/02\/Digital-Award_RA-2026.png?fit=1280%2C900&amp;ssl=1\" data-orig-size=\"1280,900\" data-comments-opened=\"1\" data-image-meta=\"{&quot;aperture&quot;:&quot;0&quot;,&quot;credit&quot;:&quot;&quot;,&quot;camera&quot;:&quot;&quot;,&quot;caption&quot;:&quot;&quot;,&quot;created_timestamp&quot;:&quot;0&quot;,&quot;copyright&quot;:&quot;&quot;,&quot;focal_length&quot;:&quot;0&quot;,&quot;iso&quot;:&quot;0&quot;,&quot;shutter_speed&quot;:&quot;0&quot;,&quot;title&quot;:&quot;&quot;,&quot;orientation&quot;:&quot;0&quot;}\" data-image-title=\"Digital-Award_RA-2026\" data-image-description=\"\" data-image-caption=\"\" data-medium-file=\"https:\/\/i0.wp.com\/www.dordogne-correze-vacances.com\/wp-content\/uploads\/2026\/02\/Digital-Award_RA-2026.png?fit=300%2C211&amp;ssl=1\" data-large-file=\"https:\/\/i0.wp.com\/www.dordogne-correze-vacances.com\/wp-content\/uploads\/2026\/02\/Digital-Award_RA-2026.png?fit=748%2C526&amp;ssl=1\" src=\"https:\/\/i0.wp.com\/www.dordogne-correze-vacances.com\/wp-content\/uploads\/2026\/02\/Digital-Award_RA-2026.png?resize=748%2C526&#038;ssl=1\" alt=\"\" class=\"wp-image-5459\" style=\"width:290px;height:auto\" srcset=\"https:\/\/i0.wp.com\/www.dordogne-correze-vacances.com\/wp-content\/uploads\/2026\/02\/Digital-Award_RA-2026.png?resize=1024%2C720&amp;ssl=1 1024w, https:\/\/i0.wp.com\/www.dordogne-correze-vacances.com\/wp-content\/uploads\/2026\/02\/Digital-Award_RA-2026.png?resize=300%2C211&amp;ssl=1 300w, https:\/\/i0.wp.com\/www.dordogne-correze-vacances.com\/wp-content\/uploads\/2026\/02\/Digital-Award_RA-2026.png?resize=768%2C540&amp;ssl=1 768w, https:\/\/i0.wp.com\/www.dordogne-correze-vacances.com\/wp-content\/uploads\/2026\/02\/Digital-Award_RA-2026.png?resize=796%2C560&amp;ssl=1 796w, https:\/\/i0.wp.com\/www.dordogne-correze-vacances.com\/wp-content\/uploads\/2026\/02\/Digital-Award_RA-2026.png?w=1280&amp;ssl=1 1280w\" sizes=\"auto, (max-width: 748px) 100vw, 748px\" \/><\/figure><\/td><\/tr><\/tbody><\/table><\/figure>\n<\/div>\n<\/div>\n","protected":false},"excerpt":{"rendered":"<p>BIENVENUE POUR DE BELLES VACANCES FRAN\u00c7AISES DANS L&#8217;UNE DES R\u00c9GIONS LES PLUS \u00c9BLOUISSANTES DE FRANCE<\/p>\n","protected":false},"author":1,"featured_media":702,"parent":0,"menu_order":0,"comment_status":"closed","ping_status":"closed","template":"template-front-page.php","meta":{"footnotes":""},"class_list":["post-1268","page","type-page","status-publish","has-post-thumbnail","hentry"],"jetpack_sharing_enabled":true,"_links":{"self":[{"href":"https:\/\/www.dordogne-correze-vacances.com\/index.php\/wp-json\/wp\/v2\/pages\/1268","targetHints":{"allow":["GET"]}}],"collection":[{"href":"https:\/\/www.dordogne-correze-vacances.com\/index.php\/wp-json\/wp\/v2\/pages"}],"about":[{"href":"https:\/\/www.dordogne-correze-vacances.com\/index.php\/wp-json\/wp\/v2\/types\/page"}],"author":[{"embeddable":true,"href":"https:\/\/www.dordogne-correze-vacances.com\/index.php\/wp-json\/wp\/v2\/users\/1"}],"replies":[{"embeddable":true,"href":"https:\/\/www.dordogne-correze-vacances.com\/index.php\/wp-json\/wp\/v2\/comments?post=1268"}],"version-history":[{"count":80,"href":"https:\/\/www.dordogne-correze-vacances.com\/index.php\/wp-json\/wp\/v2\/pages\/1268\/revisions"}],"predecessor-version":[{"id":5533,"href":"https:\/\/www.dordogne-correze-vacances.com\/index.php\/wp-json\/wp\/v2\/pages\/1268\/revisions\/5533"}],"wp:featuredmedia":[{"embeddable":true,"href":"https:\/\/www.dordogne-correze-vacances.com\/index.php\/wp-json\/wp\/v2\/media\/702"}],"wp:attachment":[{"href":"https:\/\/www.dordogne-correze-vacances.com\/index.php\/wp-json\/wp\/v2\/media?parent=1268"}],"curies":[{"name":"wp","href":"https:\/\/api.w.org\/{rel}","templated":true}]}}