{"id":1274,"date":"2017-05-16T14:43:48","date_gmt":"2017-05-16T13:43:48","guid":{"rendered":"http:\/\/www.dordogne-correze-vacances.com\/index.php\/paseo-en-globo-aerostatico\/"},"modified":"2022-07-06T06:27:56","modified_gmt":"2022-07-06T05:27:56","slug":"paseo-en-globo-aerostatico","status":"publish","type":"page","link":"https:\/\/www.dordogne-correze-vacances.com\/index.php\/bienvenido-a-dordona-correze-vacances\/actividades\/paseo-en-globo-aerostatico\/?lang=es","title":{"rendered":"Paseo en globo aerost\u00e1tico"},"content":{"rendered":"<p>\u00bfHas estado so\u00f1ando con explorar el cielo en un globo aerost\u00e1tico? Nosotros tambi\u00e9n y est\u00e1 en nuestra lista.<br \/>\nSi desea explorar los globos aerost\u00e1ticos en esta regi\u00f3n, consulte <a href=\"https:\/\/www.sport-decouverte.com\/vol-montgolfiere-correze.html\">este enlace<\/a><\/p>\n","protected":false},"excerpt":{"rendered":"<p>Un paseo impresionante en globo aerost\u00e1tico.<\/p>\n","protected":false},"author":1,"featured_media":2445,"parent":1275,"menu_order":0,"comment_status":"closed","ping_status":"closed","template":"template-full-width-page.php","meta":{"footnotes":""},"class_list":["post-1274","page","type-page","status-publish","has-post-thumbnail","hentry"],"jetpack_sharing_enabled":true,"_links":{"self":[{"href":"https:\/\/www.dordogne-correze-vacances.com\/index.php\/wp-json\/wp\/v2\/pages\/1274","targetHints":{"allow":["GET"]}}],"collection":[{"href":"https:\/\/www.dordogne-correze-vacances.com\/index.php\/wp-json\/wp\/v2\/pages"}],"about":[{"href":"https:\/\/www.dordogne-correze-vacances.com\/index.php\/wp-json\/wp\/v2\/types\/page"}],"author":[{"embeddable":true,"href":"https:\/\/www.dordogne-correze-vacances.com\/index.php\/wp-json\/wp\/v2\/users\/1"}],"replies":[{"embeddable":true,"href":"https:\/\/www.dordogne-correze-vacances.com\/index.php\/wp-json\/wp\/v2\/comments?post=1274"}],"version-history":[{"count":1,"href":"https:\/\/www.dordogne-correze-vacances.com\/index.php\/wp-json\/wp\/v2\/pages\/1274\/revisions"}],"predecessor-version":[{"id":2449,"href":"https:\/\/www.dordogne-correze-vacances.com\/index.php\/wp-json\/wp\/v2\/pages\/1274\/revisions\/2449"}],"up":[{"embeddable":true,"href":"https:\/\/www.dordogne-correze-vacances.com\/index.php\/wp-json\/wp\/v2\/pages\/1275"}],"wp:featuredmedia":[{"embeddable":true,"href":"https:\/\/www.dordogne-correze-vacances.com\/index.php\/wp-json\/wp\/v2\/media\/2445"}],"wp:attachment":[{"href":"https:\/\/www.dordogne-correze-vacances.com\/index.php\/wp-json\/wp\/v2\/media?parent=1274"}],"curies":[{"name":"wp","href":"https:\/\/api.w.org\/{rel}","templated":true}]}}