{"id":1275,"date":"2017-05-16T14:00:57","date_gmt":"2017-05-16T13:00:57","guid":{"rendered":"http:\/\/www.dordogne-correze-vacances.com\/index.php\/bienvenido-a-dordona-correze-vacances\/actividades\/"},"modified":"2023-01-22T18:32:36","modified_gmt":"2023-01-22T17:32:36","slug":"actividades","status":"publish","type":"page","link":"https:\/\/www.dordogne-correze-vacances.com\/index.php\/bienvenido-a-dordona-correze-vacances\/actividades\/?lang=es","title":{"rendered":"Actividades"},"content":{"rendered":"<p style=\"text-align: center;\">Hay muchas actividades en la regi\u00f3n de Dordogne y Corr\u00e8ze.<br \/>\nHemos mostrado algunos de estos aqu\u00ed que lo mantendr\u00e1n a usted y a su familia entretenidos y estimulados.<\/p>\n\n<p><a href=\"https:\/\/www.dordogne-correze-vacances.com\/index.php\/bienvenido-a-dordona-correze-vacances\/actividades\/paseo-en-globo-aerostatico\/?lang=es\">Globos aerost\u00e1ticos&#8230; Arriba, arriba y lejos&#8230;<\/a><\/p>\n\n<p>Ciclismo: <a href=\"https:\/\/www.dordogne-correze-vacances.com\/index.php\/bienvenido-a-dordona-correze-vacances\/actividades\/ciclismo\/?lang=es\">Quiero andar en bicicleta, bicicleta, bicicleta&#8230;<\/a> (disculpas a Queen)<\/p>\n\n<p>Senderismo: <a href=\"https:\/\/www.dordogne-correze-vacances.com\/index.php\/bienvenido-a-dordona-correze-vacances\/actividades\/senderismo\/?lang=es\">haga una caminata en las colinas, es alto, pero qu\u00e9 emoci\u00f3n<\/a> &#8230; (m\u00e1s disculpas, esta vez a Hope Sandoval &amp; the Warm<a href=\"https:\/\/www.google.com\/search?hl=en&amp;q=Hope+Sandoval+and+the+Warm+Inventions&amp;stick=H4sIAAAAAAAAAONgVuLUz9U3sMgoN61cxKrqkV-QqhCcmJeSX5aYowCkFUoyUhXCE4tyFTzzylLzSjLz84oBnQ099TUAAAA&amp;sa=X&amp;ved=2ahUKEwjG766-nYX5AhUF1IUKHcGSCwYQMXoECAgQAw\"> <\/a>inventos)<\/p>\n\n<p><a href=\"https:\/\/www.dordogne-correze-vacances.com\/index.php\/bienvenido-a-dordona-correze-vacances\/actividades\/equitacion\/?lang=es\">Entonces, \u00bfquieres montar a caballo?<\/a><\/p>\n\n<h2 class=\"collapseomatic \" id=\"id69e65851a7b1f\"  tabindex=\"0\" title=\"Cosas para hacer\"    >Cosas para hacer<\/h2><div id=\"target-id69e65851a7b1f\" class=\"collapseomatic_content \">\n\n<h4 class=\"collapseomatic \" id=\"id69e65851a7bbf\"  tabindex=\"0\" title=\"Equitaci\u00f3n\"    >Equitaci\u00f3n<\/h4><div id=\"target-id69e65851a7bbf\" class=\"collapseomatic_content \">\n\n<p>escuela 1<\/p>\n\n<p>escuela 2<\/p>\n\n<\/div>\n\n<h4 class=\"collapseomatic \" id=\"id69e65851a7c32\"  tabindex=\"0\" title=\"Ciclismo\"    >Ciclismo<\/h4><div id=\"target-id69e65851a7c32\" class=\"collapseomatic_content \">\n\n<p>Carrito v\u00eda 1<\/p>\n\n<p>carro Pista 2<\/p>\n\n<\/div>\n\n<h4 class=\"collapseomatic \" id=\"id69e65851a7c7d\"  tabindex=\"0\" title=\"acarreo\"    >acarreo<\/h4><div id=\"target-id69e65851a7c7d\" class=\"collapseomatic_content \">\n\n<p>Carrito v\u00eda 1<\/p>\n\n<p>carro Pista 2<\/p>\n\n<\/div>\n\n<h4 class=\"collapseomatic \" id=\"id69e65851a7cbf\"  tabindex=\"0\" title=\"Paseos en globo\"    >Paseos en globo<\/h4><div id=\"target-id69e65851a7cbf\" class=\"collapseomatic_content \">\n\n<p>Despegue 1<\/p>\n\n<p>Despegue 2<\/p>\n\n<\/div>\n\n<h4 class=\"collapseomatic \" id=\"id69e65851a7d01\"  tabindex=\"0\" title=\"Senderismo\"    >Senderismo<\/h4><div id=\"target-id69e65851a7d01\" class=\"collapseomatic_content \">\n\n<p>rastro 1<\/p>\n\n<p>sendero 2<\/p>\n\n<\/div>\n\n<\/div>\n\n<h1 class=\"collapseomatic \" id=\"id69e65851a7d62\"  tabindex=\"0\" title=\"Lugares que ver\"    >Lugares que ver<\/h1><div id=\"target-id69e65851a7d62\" class=\"collapseomatic_content \">\n\n<p>Segur le Ch\u00e2teau<\/p>\n\n<p>Lasucaux<\/p>\n\n<\/div>\n\n<h1 class=\"collapseomatic \" id=\"id69e65851a7dc1\"  tabindex=\"0\" title=\"Alimento\"    >Alimento<\/h1><div id=\"target-id69e65851a7dc1\" class=\"collapseomatic_content \">\n\n<p>Restaurantes cercanos<\/p>\n\n<p>Restaurantes Especiales<\/p>\n\n<\/div>\n\n<p><\/p>\n\n<p><\/p>\n\n<p><\/p>\n","protected":false},"excerpt":{"rendered":"<p>Dordo\u00f1a y Corr\u00e8ze es m\u00e1s que una regi\u00f3n.<br \/>\nEs un destino de vacaciones con algo para todos.<\/p>\n","protected":false},"author":1,"featured_media":716,"parent":1273,"menu_order":0,"comment_status":"closed","ping_status":"closed","template":"template-full-width-page.php","meta":{"footnotes":""},"class_list":["post-1275","page","type-page","status-publish","has-post-thumbnail","hentry"],"jetpack_sharing_enabled":true,"_links":{"self":[{"href":"https:\/\/www.dordogne-correze-vacances.com\/index.php\/wp-json\/wp\/v2\/pages\/1275","targetHints":{"allow":["GET"]}}],"collection":[{"href":"https:\/\/www.dordogne-correze-vacances.com\/index.php\/wp-json\/wp\/v2\/pages"}],"about":[{"href":"https:\/\/www.dordogne-correze-vacances.com\/index.php\/wp-json\/wp\/v2\/types\/page"}],"author":[{"embeddable":true,"href":"https:\/\/www.dordogne-correze-vacances.com\/index.php\/wp-json\/wp\/v2\/users\/1"}],"replies":[{"embeddable":true,"href":"https:\/\/www.dordogne-correze-vacances.com\/index.php\/wp-json\/wp\/v2\/comments?post=1275"}],"version-history":[{"count":45,"href":"https:\/\/www.dordogne-correze-vacances.com\/index.php\/wp-json\/wp\/v2\/pages\/1275\/revisions"}],"predecessor-version":[{"id":3154,"href":"https:\/\/www.dordogne-correze-vacances.com\/index.php\/wp-json\/wp\/v2\/pages\/1275\/revisions\/3154"}],"up":[{"embeddable":true,"href":"https:\/\/www.dordogne-correze-vacances.com\/index.php\/wp-json\/wp\/v2\/pages\/1273"}],"wp:featuredmedia":[{"embeddable":true,"href":"https:\/\/www.dordogne-correze-vacances.com\/index.php\/wp-json\/wp\/v2\/media\/716"}],"wp:attachment":[{"href":"https:\/\/www.dordogne-correze-vacances.com\/index.php\/wp-json\/wp\/v2\/media?parent=1275"}],"curies":[{"name":"wp","href":"https:\/\/api.w.org\/{rel}","templated":true}]}}