{"id":1276,"date":"2017-05-16T14:43:48","date_gmt":"2017-05-16T13:43:48","guid":{"rendered":"http:\/\/www.dordogne-correze-vacances.com\/index.php\/willkommen-bei-dordogne-correze-vacances\/aktivitaten\/heisluftballonfahrt\/"},"modified":"2022-07-06T06:27:56","modified_gmt":"2022-07-06T05:27:56","slug":"heisluftballonfahrt","status":"publish","type":"page","link":"https:\/\/www.dordogne-correze-vacances.com\/index.php\/willkommen-bei-dordogne-correze-vacances\/aktivitaten\/heisluftballonfahrt\/?lang=de","title":{"rendered":"Hei\u00dfluftballonfahrt"},"content":{"rendered":"<p>Haben Sie schon einmal davon getr\u00e4umt, den Himmel mit einem Hei\u00dfluftballon zu erkunden? So haben wir und es ist auf unserer Liste.<br \/>\nWenn Sie Hei\u00dfluftballonfahrten in dieser Region erkunden m\u00f6chten, klicken Sie bitte auf <a href=\"https:\/\/www.sport-decouverte.com\/vol-montgolfiere-correze.html\">diesen Link<\/a><\/p>\n","protected":false},"excerpt":{"rendered":"<p>Eine atemberaubende Fahrt mit dem Hei\u00dfluftballon<\/p>\n","protected":false},"author":1,"featured_media":2444,"parent":1270,"menu_order":0,"comment_status":"closed","ping_status":"closed","template":"template-full-width-page.php","meta":{"footnotes":""},"class_list":["post-1276","page","type-page","status-publish","has-post-thumbnail","hentry"],"jetpack_sharing_enabled":true,"_links":{"self":[{"href":"https:\/\/www.dordogne-correze-vacances.com\/index.php\/wp-json\/wp\/v2\/pages\/1276","targetHints":{"allow":["GET"]}}],"collection":[{"href":"https:\/\/www.dordogne-correze-vacances.com\/index.php\/wp-json\/wp\/v2\/pages"}],"about":[{"href":"https:\/\/www.dordogne-correze-vacances.com\/index.php\/wp-json\/wp\/v2\/types\/page"}],"author":[{"embeddable":true,"href":"https:\/\/www.dordogne-correze-vacances.com\/index.php\/wp-json\/wp\/v2\/users\/1"}],"replies":[{"embeddable":true,"href":"https:\/\/www.dordogne-correze-vacances.com\/index.php\/wp-json\/wp\/v2\/comments?post=1276"}],"version-history":[{"count":1,"href":"https:\/\/www.dordogne-correze-vacances.com\/index.php\/wp-json\/wp\/v2\/pages\/1276\/revisions"}],"predecessor-version":[{"id":2448,"href":"https:\/\/www.dordogne-correze-vacances.com\/index.php\/wp-json\/wp\/v2\/pages\/1276\/revisions\/2448"}],"up":[{"embeddable":true,"href":"https:\/\/www.dordogne-correze-vacances.com\/index.php\/wp-json\/wp\/v2\/pages\/1270"}],"wp:featuredmedia":[{"embeddable":true,"href":"https:\/\/www.dordogne-correze-vacances.com\/index.php\/wp-json\/wp\/v2\/media\/2444"}],"wp:attachment":[{"href":"https:\/\/www.dordogne-correze-vacances.com\/index.php\/wp-json\/wp\/v2\/media?parent=1276"}],"curies":[{"name":"wp","href":"https:\/\/api.w.org\/{rel}","templated":true}]}}