{"id":1278,"date":"2017-05-16T14:43:48","date_gmt":"2017-05-16T13:43:48","guid":{"rendered":"http:\/\/www.dordogne-correze-vacances.com\/index.php\/bienvenue-en-dordogne-correze-vacances\/activites\/balade-en-montgolfiere\/"},"modified":"2022-07-06T06:27:55","modified_gmt":"2022-07-06T05:27:55","slug":"balade-en-montgolfiere","status":"publish","type":"page","link":"https:\/\/www.dordogne-correze-vacances.com\/index.php\/bienvenue-en-dordogne-correze-vacances\/activites\/balade-en-montgolfiere\/?lang=fr","title":{"rendered":"Balade en montgolfi\u00e8re"},"content":{"rendered":"<p>Vous r\u00eavez d&#8217;explorer le ciel en montgolfi\u00e8re ? Nous aussi et c&#8217;est sur notre liste.<br \/>\nSi vous souhaitez explorer la montgolfi\u00e8re dans cette r\u00e9gion, veuillez consulter <a href=\"https:\/\/www.sport-decouverte.com\/vol-montgolfiere-correze.html\">ce lien<\/a><\/p>\n","protected":false},"excerpt":{"rendered":"<p>Une balade \u00e0 couper le souffle en montgolfi\u00e8re<\/p>\n","protected":false},"author":1,"featured_media":2443,"parent":1271,"menu_order":0,"comment_status":"closed","ping_status":"closed","template":"template-full-width-page.php","meta":{"footnotes":""},"class_list":["post-1278","page","type-page","status-publish","has-post-thumbnail","hentry"],"jetpack_sharing_enabled":true,"_links":{"self":[{"href":"https:\/\/www.dordogne-correze-vacances.com\/index.php\/wp-json\/wp\/v2\/pages\/1278","targetHints":{"allow":["GET"]}}],"collection":[{"href":"https:\/\/www.dordogne-correze-vacances.com\/index.php\/wp-json\/wp\/v2\/pages"}],"about":[{"href":"https:\/\/www.dordogne-correze-vacances.com\/index.php\/wp-json\/wp\/v2\/types\/page"}],"author":[{"embeddable":true,"href":"https:\/\/www.dordogne-correze-vacances.com\/index.php\/wp-json\/wp\/v2\/users\/1"}],"replies":[{"embeddable":true,"href":"https:\/\/www.dordogne-correze-vacances.com\/index.php\/wp-json\/wp\/v2\/comments?post=1278"}],"version-history":[{"count":1,"href":"https:\/\/www.dordogne-correze-vacances.com\/index.php\/wp-json\/wp\/v2\/pages\/1278\/revisions"}],"predecessor-version":[{"id":2446,"href":"https:\/\/www.dordogne-correze-vacances.com\/index.php\/wp-json\/wp\/v2\/pages\/1278\/revisions\/2446"}],"up":[{"embeddable":true,"href":"https:\/\/www.dordogne-correze-vacances.com\/index.php\/wp-json\/wp\/v2\/pages\/1271"}],"wp:featuredmedia":[{"embeddable":true,"href":"https:\/\/www.dordogne-correze-vacances.com\/index.php\/wp-json\/wp\/v2\/media\/2443"}],"wp:attachment":[{"href":"https:\/\/www.dordogne-correze-vacances.com\/index.php\/wp-json\/wp\/v2\/media?parent=1278"}],"curies":[{"name":"wp","href":"https:\/\/api.w.org\/{rel}","templated":true}]}}