{"id":1440,"date":"2022-07-03T19:58:08","date_gmt":"2022-07-03T18:58:08","guid":{"rendered":"http:\/\/www.dordogne-correze-vacances.com\/index.php\/so-erreichen-sie-uns\/"},"modified":"2024-11-03T08:27:31","modified_gmt":"2024-11-03T07:27:31","slug":"so-erreichen-sie-uns","status":"publish","type":"page","link":"https:\/\/www.dordogne-correze-vacances.com\/index.php\/so-erreichen-sie-uns\/?lang=de","title":{"rendered":"So erreichen Sie uns."},"content":{"rendered":"\n<p>Wir sind ziemlich einfach zu erreichen. Wir befinden uns in einer ruhigen l\u00e4ndlichen Gegend, etwa 40 Minuten von Brive-la-Gaillard oder Limoges entfernt. Auf Google Maps finden Sie uns <a href=\"https:\/\/www.google.com\/maps\/@45.3960771,1.4387987,18.25z?entry=ttu\">hier<\/a><\/p>\n\n<p><em><strong><span>HINWEIS: Folgen Sie bei Ihrer Ann\u00e4herung bitte dem Schild \u201eDordogne et Correze Vacanes\u201c<\/span> mit unserem farbenfrohen Logo. Da wir neu hier sind, stehen wir in der Warteschlange und warten auf neue Schilder. Vielen Dank.<\/strong><\/em><\/p>\n\n<p>Nachfolgend finden Sie alles, was Sie wahrscheinlich wissen m\u00fcssen. Wenn Sie mit Ihrem Firmenjet kommen m\u00f6chten, dann schreiben Sie uns bitte und wir schicken Ihnen die Details. \ud83d\ude1b<\/p>\n\n<p> Wir befinden uns in der Impasse de Tr\u00e9fouill\u00e9ras 18, 19230, Troche<\/p>\n\n<p>Einige der Adressen in diesem Bereich werden ge\u00e4ndert, sodass ein altes Navigationsger\u00e4t m\u00f6glicherweise eine \u00e4ltere Adresse ben\u00f6tigt. Versuchen Sie es bei Bedarf mit dieser Adresse:<\/p>\n\n<p> 4 Tr\u00e9fouill\u00e9ras, 19230, Troche<\/p>\n\n<h4 class=\"wp-block-heading\">Fl\u00fcge nach Limoges?<\/h4>\n\n<p>Sie k\u00f6nnen nach Limoges oder Brive-la-Gaillarde fliegen. Fl\u00fcge nach Limoges sind h\u00e4ufiger als nach Brive. Wir empfehlen Ihnen Ihren bevorzugten Mietwagenanbieter \/ -vermittler \/ -portal. Es gibt Taxis und Sie k\u00f6nnen von Limoges aus einen Zug in eine Stadt in der N\u00e4he nehmen.<\/p>\n\n<h4 class=\"wp-block-heading\">Fahren Sie zu uns?<\/h4>\n\n<p>Wir bieten die Wegbeschreibung an, weil manche Leute (zum Beispiel viele Mietwagen) kein Navi haben.<\/p>\n\n<p>Wenn Sie \u00fcber ein Navigationssystem verf\u00fcgen, k\u00f6nnen Sie einfach unsere Adresse verwenden.  <\/p>\n\n<ul class=\"wp-block-list\">\n<li><strong><em>Sie kommen aus dem Norden?<\/em><\/strong><\/li>\n<\/ul>\n\n<p>Wenn Sie durch (oder \u201evorbei\u201c oder \u201eaus\u201c) Paris kommen, fahren Sie nach Limoges und dann auf der A20 nach S\u00fcden, bis Sie zur Ausfahrt 45 nach \u201eVigeois\u201c (siehe unten) gelangen. Fahren Sie nach Vigeois, fahren Sie durch die Stadt und hinunter ins Tal, auf der anderen Seite hinauf und folgen Sie den Schildern nach Troche.<\/p>\n\n<figure class=\"wp-block-image size-full is-resized\"><img data-recalc-dims=\"1\" loading=\"lazy\" decoding=\"async\" width=\"748\" height=\"784\" data-attachment-id=\"1466\" data-permalink=\"https:\/\/www.dordogne-correze-vacances.com\/2022-07-03_21-22-19\/\" data-orig-file=\"https:\/\/i0.wp.com\/www.dordogne-correze-vacances.com\/wp-content\/uploads\/2022\/07\/2022-07-03_21-22-19.jpg?fit=794%2C832&amp;ssl=1\" data-orig-size=\"794,832\" data-comments-opened=\"1\" data-image-meta=\"{&quot;aperture&quot;:&quot;0&quot;,&quot;credit&quot;:&quot;&quot;,&quot;camera&quot;:&quot;&quot;,&quot;caption&quot;:&quot;&quot;,&quot;created_timestamp&quot;:&quot;0&quot;,&quot;copyright&quot;:&quot;&quot;,&quot;focal_length&quot;:&quot;0&quot;,&quot;iso&quot;:&quot;0&quot;,&quot;shutter_speed&quot;:&quot;0&quot;,&quot;title&quot;:&quot;&quot;,&quot;orientation&quot;:&quot;0&quot;}\" data-image-title=\"2022-07-03_21-22-19\" data-image-description=\"\" data-image-caption=\"\" data-medium-file=\"https:\/\/i0.wp.com\/www.dordogne-correze-vacances.com\/wp-content\/uploads\/2022\/07\/2022-07-03_21-22-19.jpg?fit=286%2C300&amp;ssl=1\" data-large-file=\"https:\/\/i0.wp.com\/www.dordogne-correze-vacances.com\/wp-content\/uploads\/2022\/07\/2022-07-03_21-22-19.jpg?fit=748%2C784&amp;ssl=1\" src=\"https:\/\/i0.wp.com\/www.dordogne-correze-vacances.com\/wp-content\/uploads\/2022\/07\/2022-07-03_21-22-19.jpg?resize=748%2C784&#038;ssl=1\" alt=\"\" class=\"wp-image-1466\" style=\"width:376px;height:394px\" srcset=\"https:\/\/i0.wp.com\/www.dordogne-correze-vacances.com\/wp-content\/uploads\/2022\/07\/2022-07-03_21-22-19.jpg?w=794&amp;ssl=1 794w, https:\/\/i0.wp.com\/www.dordogne-correze-vacances.com\/wp-content\/uploads\/2022\/07\/2022-07-03_21-22-19.jpg?resize=286%2C300&amp;ssl=1 286w, https:\/\/i0.wp.com\/www.dordogne-correze-vacances.com\/wp-content\/uploads\/2022\/07\/2022-07-03_21-22-19.jpg?resize=768%2C805&amp;ssl=1 768w, https:\/\/i0.wp.com\/www.dordogne-correze-vacances.com\/wp-content\/uploads\/2022\/07\/2022-07-03_21-22-19.jpg?resize=534%2C560&amp;ssl=1 534w\" sizes=\"auto, (max-width: 748px) 100vw, 748px\" \/><\/figure>\n\n<ul class=\"wp-block-list\">\n<li><strong><em>Sie kommen aus dem Westen?<\/em><\/strong><\/li>\n<\/ul>\n\n<p>Von Bordeaux oder P\u00e9rigueux zu kommen ist sehr einfach. Folgen Sie der Autobahn A89 bis zur Abzweigung der A20. Fahren Sie auf die A20 in Richtung Limoges. An der Ausfahrt 45 auf der A20 abbiegen und der Route nach Vigeios folgen. (es ist ausgeschildert &#8220;Uzerche, Seilhac, Vigeios und Pompadour&#8221;)<\/p>\n\n<figure class=\"wp-block-image size-full is-resized\"><img data-recalc-dims=\"1\" loading=\"lazy\" decoding=\"async\" width=\"610\" height=\"698\" data-attachment-id=\"1471\" data-permalink=\"https:\/\/www.dordogne-correze-vacances.com\/2022-07-03_21-21-11\/\" data-orig-file=\"https:\/\/i0.wp.com\/www.dordogne-correze-vacances.com\/wp-content\/uploads\/2022\/07\/2022-07-03_21-21-11.jpg?fit=610%2C698&amp;ssl=1\" data-orig-size=\"610,698\" data-comments-opened=\"1\" data-image-meta=\"{&quot;aperture&quot;:&quot;0&quot;,&quot;credit&quot;:&quot;&quot;,&quot;camera&quot;:&quot;&quot;,&quot;caption&quot;:&quot;&quot;,&quot;created_timestamp&quot;:&quot;0&quot;,&quot;copyright&quot;:&quot;&quot;,&quot;focal_length&quot;:&quot;0&quot;,&quot;iso&quot;:&quot;0&quot;,&quot;shutter_speed&quot;:&quot;0&quot;,&quot;title&quot;:&quot;&quot;,&quot;orientation&quot;:&quot;0&quot;}\" data-image-title=\"2022-07-03_21-21-11\" data-image-description=\"\" data-image-caption=\"\" data-medium-file=\"https:\/\/i0.wp.com\/www.dordogne-correze-vacances.com\/wp-content\/uploads\/2022\/07\/2022-07-03_21-21-11.jpg?fit=262%2C300&amp;ssl=1\" data-large-file=\"https:\/\/i0.wp.com\/www.dordogne-correze-vacances.com\/wp-content\/uploads\/2022\/07\/2022-07-03_21-21-11.jpg?fit=610%2C698&amp;ssl=1\" src=\"https:\/\/i0.wp.com\/www.dordogne-correze-vacances.com\/wp-content\/uploads\/2022\/07\/2022-07-03_21-21-11.jpg?resize=610%2C698&#038;ssl=1\" alt=\"\" class=\"wp-image-1471\" style=\"width:379px;height:434px\" srcset=\"https:\/\/i0.wp.com\/www.dordogne-correze-vacances.com\/wp-content\/uploads\/2022\/07\/2022-07-03_21-21-11.jpg?w=610&amp;ssl=1 610w, https:\/\/i0.wp.com\/www.dordogne-correze-vacances.com\/wp-content\/uploads\/2022\/07\/2022-07-03_21-21-11.jpg?resize=262%2C300&amp;ssl=1 262w, https:\/\/i0.wp.com\/www.dordogne-correze-vacances.com\/wp-content\/uploads\/2022\/07\/2022-07-03_21-21-11.jpg?resize=489%2C560&amp;ssl=1 489w\" sizes=\"auto, (max-width: 610px) 100vw, 610px\" \/><\/figure>\n\n<ul class=\"wp-block-list\">\n<li><strong><em>Sie kommen aus dem S\u00fcden?<\/em><\/strong><\/li>\n<\/ul>\n\n<p>Wenn Sie aus dem S\u00fcden kommen (z. B. aus Toulouse oder vielleicht aus Lot et Garrone, Tarn et Garrone oder Lot oder aus Richtung S\u00fcden), befinden Sie sich auf der A20. Fahren Sie weiter nach Norden an Brive-la-Gaillarde vorbei in Richtung Limoges und fahren Sie dann wie oben an der Ausfahrt 45 ab.<\/p>\n\n<ul class=\"wp-block-list\">\n<li><strong><em>Kommen aus dem Osten<\/em><\/strong><\/li>\n<\/ul>\n\n<p>Wenn Sie aus Clermont-Ferrand kommen, kreuzt die A89 West die A20. Biegen Sie rechts auf die A20 ab und folgen Sie den obigen Anweisungen.<\/p>\n\n<h4 class=\"wp-block-heading\">Wie kommt man mit dem Zug zu uns?<\/h4>\n\n<p>Der n\u00e4chste Bahnhof ist Vigeois, aber Brive und Limoges sind gr\u00f6\u00dfere Bahnzentren, die einen dichteren Fahrplan aus ganz Frankreich und international anbieten.<\/p>\n","protected":false},"excerpt":{"rendered":"<p>Wir sind ziemlich einfach zu erreichen. Wir befinden uns in einer ruhigen l\u00e4ndlichen Gegend, etwa 40 Minuten von Brive-la-Gaillard oder Limoges entfernt. Auf Google Maps finden Sie uns hier HINWEIS: Folgen Sie bei Ihrer Ann\u00e4herung bitte dem Schild \u201eDordogne et Correze Vacanes\u201c mit unserem farbenfrohen Logo. Da wir neu hier sind, stehen wir in der &hellip; <a href=\"https:\/\/www.dordogne-correze-vacances.com\/index.php\/so-erreichen-sie-uns\/?lang=de\" class=\"more-link\">Continue reading<span class=\"screen-reader-text\"> &#8220;So erreichen Sie uns.&#8221;<\/span><\/a><\/p>\n","protected":false},"author":1,"featured_media":2487,"parent":0,"menu_order":0,"comment_status":"closed","ping_status":"closed","template":"template-full-width-page.php","meta":{"footnotes":""},"class_list":["post-1440","page","type-page","status-publish","has-post-thumbnail","hentry"],"jetpack_sharing_enabled":true,"_links":{"self":[{"href":"https:\/\/www.dordogne-correze-vacances.com\/index.php\/wp-json\/wp\/v2\/pages\/1440","targetHints":{"allow":["GET"]}}],"collection":[{"href":"https:\/\/www.dordogne-correze-vacances.com\/index.php\/wp-json\/wp\/v2\/pages"}],"about":[{"href":"https:\/\/www.dordogne-correze-vacances.com\/index.php\/wp-json\/wp\/v2\/types\/page"}],"author":[{"embeddable":true,"href":"https:\/\/www.dordogne-correze-vacances.com\/index.php\/wp-json\/wp\/v2\/users\/1"}],"replies":[{"embeddable":true,"href":"https:\/\/www.dordogne-correze-vacances.com\/index.php\/wp-json\/wp\/v2\/comments?post=1440"}],"version-history":[{"count":64,"href":"https:\/\/www.dordogne-correze-vacances.com\/index.php\/wp-json\/wp\/v2\/pages\/1440\/revisions"}],"predecessor-version":[{"id":4815,"href":"https:\/\/www.dordogne-correze-vacances.com\/index.php\/wp-json\/wp\/v2\/pages\/1440\/revisions\/4815"}],"wp:featuredmedia":[{"embeddable":true,"href":"https:\/\/www.dordogne-correze-vacances.com\/index.php\/wp-json\/wp\/v2\/media\/2487"}],"wp:attachment":[{"href":"https:\/\/www.dordogne-correze-vacances.com\/index.php\/wp-json\/wp\/v2\/media?parent=1440"}],"curies":[{"name":"wp","href":"https:\/\/api.w.org\/{rel}","templated":true}]}}