{"id":1441,"date":"2022-07-03T19:58:08","date_gmt":"2022-07-03T18:58:08","guid":{"rendered":"http:\/\/www.dordogne-correze-vacances.com\/index.php\/comment-arriver-jusqua-nous\/"},"modified":"2024-11-03T08:27:30","modified_gmt":"2024-11-03T07:27:30","slug":"comment-arriver-jusqua-nous","status":"publish","type":"page","link":"https:\/\/www.dordogne-correze-vacances.com\/index.php\/comment-arriver-jusqua-nous\/?lang=fr","title":{"rendered":"Comment arriver jusqu&#8217;\u00e0 nous."},"content":{"rendered":"\n<p>Nous sommes assez faciles d&#8217;acc\u00e8s. Nous sommes dans une zone rurale paisible \u00e0 environ 40 minutes de Brive-la-Gaillard ou de Limoges. Sur Google Maps vous nous trouverez <a href=\"https:\/\/www.google.com\/maps\/@45.3960771,1.4387987,18.25z?entry=ttu\">ici<\/a><\/p>\n\n<p><em><strong><span>REMARQUE : \u00c0 votre approche, veuillez suivre le panneau \u00ab Dordogne et Correze Vacanes \u00bb<\/span> avec notre logo color\u00e9. Comme nous sommes nouveaux ici nous sommes dans la file d&#8217;attente en attendant de nouveaux panneaux. Merci.<\/strong><\/em><\/p>\n\n<p>Vous trouverez ci-dessous tout ce que vous devez probablement savoir. Si vous souhaitez venir dans votre jet d&#8217;affaires, \u00e9crivez-nous et nous vous enverrons les d\u00e9tails. \ud83d\ude1b<\/p>\n\n<p> Nous sommes au 18 Impasse de Tr\u00e9fouill\u00e9ras, 19230, Troche<\/p>\n\n<p>Certaines des adresses de cette zone sont en cours de modification, de sorte qu&#8217;un ancien SatNav peut avoir besoin d&#8217;une adresse plus ancienne. Essayez cette adresse si vous avez besoin de\u00a0:<\/p>\n\n<p> 4 Tr\u00e9fouill\u00e9ras, 19230, Troche<\/p>\n\n<h4 class=\"wp-block-heading\">Vols pour Limoges ?<\/h4>\n\n<p>Vous pouvez voler jusqu&#8217;\u00e0 Limoges ou Brive-la-Gaillarde. Les vols vers Limoges sont plus fr\u00e9quents que vers Brive. Nous vous recommandons votre soci\u00e9t\u00e9 de location de voitures \/ courtier \/ portail pr\u00e9f\u00e9r\u00e9. Il y a des taxis et vous pouvez prendre un train pour une ville pr\u00e8s de chez nous depuis Limoges.<\/p>\n\n<h4 class=\"wp-block-heading\">Vous venez en voiture chez nous ?<\/h4>\n\n<p>Nous offrons les directions parce que certaines personnes (par exemple de nombreuses voitures de location) n&#8217;ont pas de GPS.<\/p>\n\n<p>Si vous poss\u00e9dez un syst\u00e8me de navigation par satellite, vous pouvez simplement utiliser notre adresse.  <\/p>\n\n<ul class=\"wp-block-list\">\n<li><strong><em>Vous venez du Nord ?<\/em><\/strong><\/li>\n<\/ul>\n\n<p>Si vous venez de (ou &#8220;passez&#8221; ou &#8220;depuis&#8221;) Paris, conduisez jusqu&#8217;\u00e0 Limoges, puis dirigez-vous vers le sud sur l&#8217;A20 jusqu&#8217;\u00e0 la sortie 45 pour &#8220;Vigeois&#8221; (comme ci-dessous). Dirigez-vous vers Vigeois, traversez la ville et descendez dans la vall\u00e9e, montez de l&#8217;autre c\u00f4t\u00e9 et suivez les panneaux indiquant Troche.<\/p>\n\n<figure class=\"wp-block-image size-full is-resized\"><img data-recalc-dims=\"1\" loading=\"lazy\" decoding=\"async\" width=\"748\" height=\"784\" data-attachment-id=\"1466\" data-permalink=\"https:\/\/www.dordogne-correze-vacances.com\/2022-07-03_21-22-19\/\" data-orig-file=\"https:\/\/i0.wp.com\/www.dordogne-correze-vacances.com\/wp-content\/uploads\/2022\/07\/2022-07-03_21-22-19.jpg?fit=794%2C832&amp;ssl=1\" data-orig-size=\"794,832\" data-comments-opened=\"1\" data-image-meta=\"{&quot;aperture&quot;:&quot;0&quot;,&quot;credit&quot;:&quot;&quot;,&quot;camera&quot;:&quot;&quot;,&quot;caption&quot;:&quot;&quot;,&quot;created_timestamp&quot;:&quot;0&quot;,&quot;copyright&quot;:&quot;&quot;,&quot;focal_length&quot;:&quot;0&quot;,&quot;iso&quot;:&quot;0&quot;,&quot;shutter_speed&quot;:&quot;0&quot;,&quot;title&quot;:&quot;&quot;,&quot;orientation&quot;:&quot;0&quot;}\" data-image-title=\"2022-07-03_21-22-19\" data-image-description=\"\" data-image-caption=\"\" data-medium-file=\"https:\/\/i0.wp.com\/www.dordogne-correze-vacances.com\/wp-content\/uploads\/2022\/07\/2022-07-03_21-22-19.jpg?fit=286%2C300&amp;ssl=1\" data-large-file=\"https:\/\/i0.wp.com\/www.dordogne-correze-vacances.com\/wp-content\/uploads\/2022\/07\/2022-07-03_21-22-19.jpg?fit=748%2C784&amp;ssl=1\" src=\"https:\/\/i0.wp.com\/www.dordogne-correze-vacances.com\/wp-content\/uploads\/2022\/07\/2022-07-03_21-22-19.jpg?resize=748%2C784&#038;ssl=1\" alt=\"\" class=\"wp-image-1466\" style=\"width:376px;height:394px\" srcset=\"https:\/\/i0.wp.com\/www.dordogne-correze-vacances.com\/wp-content\/uploads\/2022\/07\/2022-07-03_21-22-19.jpg?w=794&amp;ssl=1 794w, https:\/\/i0.wp.com\/www.dordogne-correze-vacances.com\/wp-content\/uploads\/2022\/07\/2022-07-03_21-22-19.jpg?resize=286%2C300&amp;ssl=1 286w, https:\/\/i0.wp.com\/www.dordogne-correze-vacances.com\/wp-content\/uploads\/2022\/07\/2022-07-03_21-22-19.jpg?resize=768%2C805&amp;ssl=1 768w, https:\/\/i0.wp.com\/www.dordogne-correze-vacances.com\/wp-content\/uploads\/2022\/07\/2022-07-03_21-22-19.jpg?resize=534%2C560&amp;ssl=1 534w\" sizes=\"auto, (max-width: 748px) 100vw, 748px\" \/><\/figure>\n\n<ul class=\"wp-block-list\">\n<li><strong><em>Vous venez de l&#8217;Ouest ?<\/em><\/strong><\/li>\n<\/ul>\n\n<p>Venir de Bordeaux ou peut-\u00eatre de P\u00e9rigueux est tr\u00e8s simple&#8230; suivre l&#8217;autoroute A89 jusqu&#8217;\u00e0 la sortie A20. Rejoindre l&#8217;A20 en direction de Limoges. A la jonction 45 sur l&#8217;A20, prendre la direction de Vigeios. (il est fl\u00e9ch\u00e9 &#8220;Uzerche, Seilhac, Vigeios et Pompadour&#8221;)<\/p>\n\n<figure class=\"wp-block-image size-full is-resized\"><img data-recalc-dims=\"1\" loading=\"lazy\" decoding=\"async\" width=\"610\" height=\"698\" data-attachment-id=\"1471\" data-permalink=\"https:\/\/www.dordogne-correze-vacances.com\/2022-07-03_21-21-11\/\" data-orig-file=\"https:\/\/i0.wp.com\/www.dordogne-correze-vacances.com\/wp-content\/uploads\/2022\/07\/2022-07-03_21-21-11.jpg?fit=610%2C698&amp;ssl=1\" data-orig-size=\"610,698\" data-comments-opened=\"1\" data-image-meta=\"{&quot;aperture&quot;:&quot;0&quot;,&quot;credit&quot;:&quot;&quot;,&quot;camera&quot;:&quot;&quot;,&quot;caption&quot;:&quot;&quot;,&quot;created_timestamp&quot;:&quot;0&quot;,&quot;copyright&quot;:&quot;&quot;,&quot;focal_length&quot;:&quot;0&quot;,&quot;iso&quot;:&quot;0&quot;,&quot;shutter_speed&quot;:&quot;0&quot;,&quot;title&quot;:&quot;&quot;,&quot;orientation&quot;:&quot;0&quot;}\" data-image-title=\"2022-07-03_21-21-11\" data-image-description=\"\" data-image-caption=\"\" data-medium-file=\"https:\/\/i0.wp.com\/www.dordogne-correze-vacances.com\/wp-content\/uploads\/2022\/07\/2022-07-03_21-21-11.jpg?fit=262%2C300&amp;ssl=1\" data-large-file=\"https:\/\/i0.wp.com\/www.dordogne-correze-vacances.com\/wp-content\/uploads\/2022\/07\/2022-07-03_21-21-11.jpg?fit=610%2C698&amp;ssl=1\" src=\"https:\/\/i0.wp.com\/www.dordogne-correze-vacances.com\/wp-content\/uploads\/2022\/07\/2022-07-03_21-21-11.jpg?resize=610%2C698&#038;ssl=1\" alt=\"\" class=\"wp-image-1471\" style=\"width:379px;height:434px\" srcset=\"https:\/\/i0.wp.com\/www.dordogne-correze-vacances.com\/wp-content\/uploads\/2022\/07\/2022-07-03_21-21-11.jpg?w=610&amp;ssl=1 610w, https:\/\/i0.wp.com\/www.dordogne-correze-vacances.com\/wp-content\/uploads\/2022\/07\/2022-07-03_21-21-11.jpg?resize=262%2C300&amp;ssl=1 262w, https:\/\/i0.wp.com\/www.dordogne-correze-vacances.com\/wp-content\/uploads\/2022\/07\/2022-07-03_21-21-11.jpg?resize=489%2C560&amp;ssl=1 489w\" sizes=\"auto, (max-width: 610px) 100vw, 610px\" \/><\/figure>\n\n<ul class=\"wp-block-list\">\n<li><strong><em>Vous venez du Sud ?<\/em><\/strong><\/li>\n<\/ul>\n\n<p>Si vous venez du sud (par exemple de Toulouse ou peut-\u00eatre du Lot et Garrone, du Tarn et Garrone ou du Lot ou des pointes sud) vous serez sur l&#8217;A20. Continuez vers le nord apr\u00e8s Brive-la-Gaillarde en direction de Limoges puis sortez \u00e0 la jonction 45 comme ci-dessus.<\/p>\n\n<ul class=\"wp-block-list\">\n<li><strong><em>Venant de l&#8217;Est<\/em><\/strong><\/li>\n<\/ul>\n\n<p>Si vous venez de Clermont-Ferrand, l&#8217;A89 ouest croise l&#8217;A20. Tourner \u00e0 droite sur l&#8217;A20 et suivre les indications ci-dessus.<\/p>\n\n<h4 class=\"wp-block-heading\">Comment prendre un train jusqu&#8217;\u00e0 nous ?<\/h4>\n\n<p>La gare la plus proche est celle de Vigeois mais Brive et Limoges sont des centres ferroviaires plus importants qui proposent un horaire plus dense en provenance de toute la France et de l&#8217;international.<\/p>\n","protected":false},"excerpt":{"rendered":"<p>Nous sommes assez faciles d&#8217;acc\u00e8s. Nous sommes dans une zone rurale paisible \u00e0 environ 40 minutes de Brive-la-Gaillard ou de Limoges. Sur Google Maps vous nous trouverez ici REMARQUE : \u00c0 votre approche, veuillez suivre le panneau \u00ab Dordogne et Correze Vacanes \u00bb avec notre logo color\u00e9. Comme nous sommes nouveaux ici nous sommes dans &hellip; <a href=\"https:\/\/www.dordogne-correze-vacances.com\/index.php\/comment-arriver-jusqua-nous\/?lang=fr\" class=\"more-link\">Continue reading<span class=\"screen-reader-text\"> &#8220;Comment arriver jusqu&#8217;\u00e0 nous.&#8221;<\/span><\/a><\/p>\n","protected":false},"author":1,"featured_media":2486,"parent":0,"menu_order":0,"comment_status":"closed","ping_status":"closed","template":"template-full-width-page.php","meta":{"footnotes":""},"class_list":["post-1441","page","type-page","status-publish","has-post-thumbnail","hentry"],"jetpack_sharing_enabled":true,"_links":{"self":[{"href":"https:\/\/www.dordogne-correze-vacances.com\/index.php\/wp-json\/wp\/v2\/pages\/1441","targetHints":{"allow":["GET"]}}],"collection":[{"href":"https:\/\/www.dordogne-correze-vacances.com\/index.php\/wp-json\/wp\/v2\/pages"}],"about":[{"href":"https:\/\/www.dordogne-correze-vacances.com\/index.php\/wp-json\/wp\/v2\/types\/page"}],"author":[{"embeddable":true,"href":"https:\/\/www.dordogne-correze-vacances.com\/index.php\/wp-json\/wp\/v2\/users\/1"}],"replies":[{"embeddable":true,"href":"https:\/\/www.dordogne-correze-vacances.com\/index.php\/wp-json\/wp\/v2\/comments?post=1441"}],"version-history":[{"count":54,"href":"https:\/\/www.dordogne-correze-vacances.com\/index.php\/wp-json\/wp\/v2\/pages\/1441\/revisions"}],"predecessor-version":[{"id":4813,"href":"https:\/\/www.dordogne-correze-vacances.com\/index.php\/wp-json\/wp\/v2\/pages\/1441\/revisions\/4813"}],"wp:featuredmedia":[{"embeddable":true,"href":"https:\/\/www.dordogne-correze-vacances.com\/index.php\/wp-json\/wp\/v2\/media\/2486"}],"wp:attachment":[{"href":"https:\/\/www.dordogne-correze-vacances.com\/index.php\/wp-json\/wp\/v2\/media?parent=1441"}],"curies":[{"name":"wp","href":"https:\/\/api.w.org\/{rel}","templated":true}]}}