{"id":1442,"date":"2022-07-03T19:58:08","date_gmt":"2022-07-03T18:58:08","guid":{"rendered":"http:\/\/www.dordogne-correze-vacances.com\/index.php\/como-llegar-a-nosotros\/"},"modified":"2024-11-03T08:27:32","modified_gmt":"2024-11-03T07:27:32","slug":"como-llegar-a-nosotros","status":"publish","type":"page","link":"https:\/\/www.dordogne-correze-vacances.com\/index.php\/como-llegar-a-nosotros\/?lang=es","title":{"rendered":"Como llegar a nosotros."},"content":{"rendered":"\n<p>Somos bastante f\u00e1ciles de encontrar. Estamos en una zona rural tranquila a unos 40 minutos de Brive-la-Gaillard o Limoges. En Google Maps nos encontrar\u00e1s <a href=\"https:\/\/www.google.com\/maps\/@45.3960771,1.4387987,18.25z?entry=ttu\">aqu\u00ed.<\/a><\/p>\n\n<p><em><strong><span>NOTA: Al acercarse, siga las indicaciones hacia &#8220;Dordogne et Correze Vacanes&#8221;<\/span> con nuestro colorido logotipo. Como somos nuevos aqu\u00ed estamos en la cola esperando nuevas se\u00f1ales. Gracias.<\/strong><\/em><\/p>\n\n<p>A continuaci\u00f3n encontrar\u00e1 todo lo que probablemente necesite saber. Si desea venir en su jet corporativo, escr\u00edbanos y le enviaremos los detalles. :-PAGS<\/p>\n\n<p> Estamos en 18 Impasse de Tr\u00e9fouill\u00e9ras, 19230, Troche<\/p>\n\n<p>Algunas de las direcciones en esta \u00e1rea se est\u00e1n cambiando, por lo que un SatNav antiguo podr\u00eda necesitar una direcci\u00f3n m\u00e1s antigua. Pruebe esta direcci\u00f3n si necesita:<\/p>\n\n<p> 4 Tr\u00e9fouill\u00e9ras, 19230, Troche<\/p>\n\n<h4 class=\"wp-block-heading\">\u00bfVuelos a Limoges?<\/h4>\n\n<p>Puedes volar a Limoges o Brive-la-Gaillarde. Los vuelos a Limoges son m\u00e1s frecuentes que a Brive. Recomendamos su compa\u00f1\u00eda \/ corredor \/ portal de alquiler de autos favorito. Hay taxis y puedes tomar un tren a un pueblo cerca de nosotros desde Limoges.<\/p>\n\n<h4 class=\"wp-block-heading\">\u00bfConduciendo hacia nosotros?<\/h4>\n\n<p>Ofrecemos las direcciones porque algunas personas (por ejemplo, muchos coches de alquiler) no tienen GPS.<\/p>\n\n<p>Si T\u00cd tienes navegador por sat\u00e9lite, simplemente puedes utilizar nuestra direcci\u00f3n.  <\/p>\n\n<ul class=\"wp-block-list\">\n<li><strong><em>\u00bfVienes del norte?<\/em><\/strong><\/li>\n<\/ul>\n\n<p>Si viene a trav\u00e9s (o &#8220;m\u00e1s all\u00e1&#8221; o &#8220;desde&#8221;) Par\u00eds, conduzca hasta Limoges y luego dir\u00edjase hacia el sur por la A20 hasta llegar a la salida 45 hacia &#8220;Vigeois&#8221; (como se muestra a continuaci\u00f3n). Dir\u00edgete a Vigeois, atraviesa la ciudad y baja al valle, sube por el otro lado y sigue las indicaciones hacia Troche.<\/p>\n\n<figure class=\"wp-block-image size-full is-resized\"><img data-recalc-dims=\"1\" loading=\"lazy\" decoding=\"async\" width=\"748\" height=\"784\" data-attachment-id=\"1466\" data-permalink=\"https:\/\/www.dordogne-correze-vacances.com\/2022-07-03_21-22-19\/\" data-orig-file=\"https:\/\/i0.wp.com\/www.dordogne-correze-vacances.com\/wp-content\/uploads\/2022\/07\/2022-07-03_21-22-19.jpg?fit=794%2C832&amp;ssl=1\" data-orig-size=\"794,832\" data-comments-opened=\"1\" data-image-meta=\"{&quot;aperture&quot;:&quot;0&quot;,&quot;credit&quot;:&quot;&quot;,&quot;camera&quot;:&quot;&quot;,&quot;caption&quot;:&quot;&quot;,&quot;created_timestamp&quot;:&quot;0&quot;,&quot;copyright&quot;:&quot;&quot;,&quot;focal_length&quot;:&quot;0&quot;,&quot;iso&quot;:&quot;0&quot;,&quot;shutter_speed&quot;:&quot;0&quot;,&quot;title&quot;:&quot;&quot;,&quot;orientation&quot;:&quot;0&quot;}\" data-image-title=\"2022-07-03_21-22-19\" data-image-description=\"\" data-image-caption=\"\" data-medium-file=\"https:\/\/i0.wp.com\/www.dordogne-correze-vacances.com\/wp-content\/uploads\/2022\/07\/2022-07-03_21-22-19.jpg?fit=286%2C300&amp;ssl=1\" data-large-file=\"https:\/\/i0.wp.com\/www.dordogne-correze-vacances.com\/wp-content\/uploads\/2022\/07\/2022-07-03_21-22-19.jpg?fit=748%2C784&amp;ssl=1\" src=\"https:\/\/i0.wp.com\/www.dordogne-correze-vacances.com\/wp-content\/uploads\/2022\/07\/2022-07-03_21-22-19.jpg?resize=748%2C784&#038;ssl=1\" alt=\"\" class=\"wp-image-1466\" style=\"width:376px;height:394px\" srcset=\"https:\/\/i0.wp.com\/www.dordogne-correze-vacances.com\/wp-content\/uploads\/2022\/07\/2022-07-03_21-22-19.jpg?w=794&amp;ssl=1 794w, https:\/\/i0.wp.com\/www.dordogne-correze-vacances.com\/wp-content\/uploads\/2022\/07\/2022-07-03_21-22-19.jpg?resize=286%2C300&amp;ssl=1 286w, https:\/\/i0.wp.com\/www.dordogne-correze-vacances.com\/wp-content\/uploads\/2022\/07\/2022-07-03_21-22-19.jpg?resize=768%2C805&amp;ssl=1 768w, https:\/\/i0.wp.com\/www.dordogne-correze-vacances.com\/wp-content\/uploads\/2022\/07\/2022-07-03_21-22-19.jpg?resize=534%2C560&amp;ssl=1 534w\" sizes=\"auto, (max-width: 748px) 100vw, 748px\" \/><\/figure>\n\n<ul class=\"wp-block-list\">\n<li><strong><em>\u00bfVienes del Oeste?<\/em><\/strong><\/li>\n<\/ul>\n\n<p>Viniendo desde Burdeos o tal vez P\u00e9rigueux es muy simple&#8230; siga la autopista A89 hasta llegar al desv\u00edo A20. Tome la A20 en direcci\u00f3n a Limoges. En la salida 45 de la A20, desv\u00edese y siga la ruta hacia Vigeios. (est\u00e1 se\u00f1alizado como &#8220;Uzerche, Seilhac, Vigeios y Pompadour&#8221;)<\/p>\n\n<figure class=\"wp-block-image size-full is-resized\"><img data-recalc-dims=\"1\" loading=\"lazy\" decoding=\"async\" width=\"610\" height=\"698\" data-attachment-id=\"1471\" data-permalink=\"https:\/\/www.dordogne-correze-vacances.com\/2022-07-03_21-21-11\/\" data-orig-file=\"https:\/\/i0.wp.com\/www.dordogne-correze-vacances.com\/wp-content\/uploads\/2022\/07\/2022-07-03_21-21-11.jpg?fit=610%2C698&amp;ssl=1\" data-orig-size=\"610,698\" data-comments-opened=\"1\" data-image-meta=\"{&quot;aperture&quot;:&quot;0&quot;,&quot;credit&quot;:&quot;&quot;,&quot;camera&quot;:&quot;&quot;,&quot;caption&quot;:&quot;&quot;,&quot;created_timestamp&quot;:&quot;0&quot;,&quot;copyright&quot;:&quot;&quot;,&quot;focal_length&quot;:&quot;0&quot;,&quot;iso&quot;:&quot;0&quot;,&quot;shutter_speed&quot;:&quot;0&quot;,&quot;title&quot;:&quot;&quot;,&quot;orientation&quot;:&quot;0&quot;}\" data-image-title=\"2022-07-03_21-21-11\" data-image-description=\"\" data-image-caption=\"\" data-medium-file=\"https:\/\/i0.wp.com\/www.dordogne-correze-vacances.com\/wp-content\/uploads\/2022\/07\/2022-07-03_21-21-11.jpg?fit=262%2C300&amp;ssl=1\" data-large-file=\"https:\/\/i0.wp.com\/www.dordogne-correze-vacances.com\/wp-content\/uploads\/2022\/07\/2022-07-03_21-21-11.jpg?fit=610%2C698&amp;ssl=1\" src=\"https:\/\/i0.wp.com\/www.dordogne-correze-vacances.com\/wp-content\/uploads\/2022\/07\/2022-07-03_21-21-11.jpg?resize=610%2C698&#038;ssl=1\" alt=\"\" class=\"wp-image-1471\" style=\"width:379px;height:434px\" srcset=\"https:\/\/i0.wp.com\/www.dordogne-correze-vacances.com\/wp-content\/uploads\/2022\/07\/2022-07-03_21-21-11.jpg?w=610&amp;ssl=1 610w, https:\/\/i0.wp.com\/www.dordogne-correze-vacances.com\/wp-content\/uploads\/2022\/07\/2022-07-03_21-21-11.jpg?resize=262%2C300&amp;ssl=1 262w, https:\/\/i0.wp.com\/www.dordogne-correze-vacances.com\/wp-content\/uploads\/2022\/07\/2022-07-03_21-21-11.jpg?resize=489%2C560&amp;ssl=1 489w\" sizes=\"auto, (max-width: 610px) 100vw, 610px\" \/><\/figure>\n\n<ul class=\"wp-block-list\">\n<li><strong><em>\u00bfVienes del sur?<\/em><\/strong><\/li>\n<\/ul>\n\n<p>Si viene desde el sur (por ejemplo desde Toulouse o quiz\u00e1s desde Lot et Garrone, Tarn et Garrone o Lot o puntos del sur) estar\u00e1 en la A20. Contin\u00fae hacia el norte pasando Brive-la-Gaillarde hacia Limoges y luego tome la salida 45 como se indic\u00f3 anteriormente.<\/p>\n\n<ul class=\"wp-block-list\">\n<li><strong><em>Viniendo del Este<\/em><\/strong><\/li>\n<\/ul>\n\n<p>Si viene desde Clermont-Ferrand, la A89 oeste se cruza con la A20. Gire a la derecha en la A20 y siga las indicaciones anteriores.<\/p>\n\n<h4 class=\"wp-block-heading\">\u00bfC\u00f3mo tomar un tren hasta nosotros?<\/h4>\n\n<p>La estaci\u00f3n de tren m\u00e1s cercana es Vigeois, pero Brive y Limoges son centros ferroviarios m\u00e1s grandes que ofrecen un horario m\u00e1s denso de toda Francia e internacionalmente.<\/p>\n","protected":false},"excerpt":{"rendered":"<p>Somos bastante f\u00e1ciles de encontrar. Estamos en una zona rural tranquila a unos 40 minutos de Brive-la-Gaillard o Limoges. En Google Maps nos encontrar\u00e1s aqu\u00ed. NOTA: Al acercarse, siga las indicaciones hacia &#8220;Dordogne et Correze Vacanes&#8221; con nuestro colorido logotipo. Como somos nuevos aqu\u00ed estamos en la cola esperando nuevas se\u00f1ales. Gracias. A continuaci\u00f3n encontrar\u00e1 &hellip; <a href=\"https:\/\/www.dordogne-correze-vacances.com\/index.php\/como-llegar-a-nosotros\/?lang=es\" class=\"more-link\">Continue reading<span class=\"screen-reader-text\"> &#8220;Como llegar a nosotros.&#8221;<\/span><\/a><\/p>\n","protected":false},"author":1,"featured_media":2488,"parent":0,"menu_order":0,"comment_status":"closed","ping_status":"closed","template":"template-full-width-page.php","meta":{"footnotes":""},"class_list":["post-1442","page","type-page","status-publish","has-post-thumbnail","hentry"],"jetpack_sharing_enabled":true,"_links":{"self":[{"href":"https:\/\/www.dordogne-correze-vacances.com\/index.php\/wp-json\/wp\/v2\/pages\/1442","targetHints":{"allow":["GET"]}}],"collection":[{"href":"https:\/\/www.dordogne-correze-vacances.com\/index.php\/wp-json\/wp\/v2\/pages"}],"about":[{"href":"https:\/\/www.dordogne-correze-vacances.com\/index.php\/wp-json\/wp\/v2\/types\/page"}],"author":[{"embeddable":true,"href":"https:\/\/www.dordogne-correze-vacances.com\/index.php\/wp-json\/wp\/v2\/users\/1"}],"replies":[{"embeddable":true,"href":"https:\/\/www.dordogne-correze-vacances.com\/index.php\/wp-json\/wp\/v2\/comments?post=1442"}],"version-history":[{"count":62,"href":"https:\/\/www.dordogne-correze-vacances.com\/index.php\/wp-json\/wp\/v2\/pages\/1442\/revisions"}],"predecessor-version":[{"id":4817,"href":"https:\/\/www.dordogne-correze-vacances.com\/index.php\/wp-json\/wp\/v2\/pages\/1442\/revisions\/4817"}],"wp:featuredmedia":[{"embeddable":true,"href":"https:\/\/www.dordogne-correze-vacances.com\/index.php\/wp-json\/wp\/v2\/media\/2488"}],"wp:attachment":[{"href":"https:\/\/www.dordogne-correze-vacances.com\/index.php\/wp-json\/wp\/v2\/media?parent=1442"}],"curies":[{"name":"wp","href":"https:\/\/api.w.org\/{rel}","templated":true}]}}