{"id":1622,"date":"2022-07-05T12:04:36","date_gmt":"2022-07-05T11:04:36","guid":{"rendered":"http:\/\/www.dordogne-correze-vacances.com\/index.php\/politique-de-confidentialite-2\/"},"modified":"2022-07-06T10:56:44","modified_gmt":"2022-07-06T09:56:44","slug":"politique-de-confidentialite-2","status":"publish","type":"page","link":"https:\/\/www.dordogne-correze-vacances.com\/index.php\/politique-de-confidentialite-2\/?lang=fr","title":{"rendered":"Politique de confidentialit\u00e9"},"content":{"rendered":"\n<h3 class=\"wp-block-heading\">Politique de confidentialit\u00e9<\/h3>\n\n<p>Derni\u00e8re mise \u00e0 jour\u00a0: 05 juillet 2022<\/p>\n\n<p>Merci de consulter la Politique de confidentialit\u00e9 de Dordogne et Corr\u00e8ze Vancences. Cette politique de confidentialit\u00e9 explique comment Dordogne et Corr\u00e8ze Vancences (collectivement, \u00ab\u00a0Dordogne et Corr\u00e8ze Vancences\u00a0\u00bb, \u00ab\u00a0nous\u00a0\u00bb, \u00ab\u00a0notre\u00a0\u00bb ou \u00ab\u00a0notre\u00a0\u00bb) collecte, utilise et partage des informations vous concernant (\u00ab\u00a0vous\u00a0\u00bb, \u00ab\u00a0le v\u00f4tre\u00a0\u00bb ou \u00ab\u00a0utilisateur\u00a0\u00bb lorsque vous acc\u00e9dez \u00e0 ou utilisez nos sites Web (\u00ab\u00a0Services\u00a0\u00bb).<\/p>\n\n<p>Les utilisateurs sont responsables de toutes les donn\u00e9es tierces qu&#8217;ils fournissent ou partagent via les Services et confirment qu&#8217;ils ont le consentement du tiers pour nous fournir ces donn\u00e9es.<\/p>\n\n<h3 class=\"wp-block-heading\">Informations que nous recueillons<\/h3>\n\n<p><strong>Informations sur le compte\u00a0:<\/strong> si vous cr\u00e9ez un compte sur le site Web, nous collectons les informations que vous nous fournissez concernant le compte, telles que le nom et le pr\u00e9nom, le nom d&#8217;utilisateur, le mot de passe et l&#8217;adresse e-mail. <\/p>\n\n<p><strong>Informations transactionnelles\u00a0:<\/strong> telles que les articles plac\u00e9s dans votre panier, les produits achet\u00e9s, les d\u00e9tails du produit, les informations d&#8217;exp\u00e9dition, le prix d&#8217;achat, la date d&#8217;achat et les informations de paiement. <\/p>\n\n<p>Si vous r\u00e9servez un h\u00e9bergement, nous collecterons et stockerons les m\u00eames informations, mais nous ne stockons AUCUNE information financi\u00e8rement sensible telle que la carte de d\u00e9bit\/cr\u00e9dit, mais nous enregistrons le fait et le montant de tout paiement effectu\u00e9.<\/p>\n\n<h3 class=\"wp-block-heading\">Comment nous utilisons vos informations<\/h3>\n\n<p>Nous utilisons les informations que nous recueillons \u00e0 votre sujet pour fournir, maintenir et am\u00e9liorer nos Services et les autres interactions que nous avons avec vous. Par exemple, nous utilisons les informations collect\u00e9es pour :<\/p>\n\n<ul class=\"wp-block-list\"><li>Faciliter et am\u00e9liorer notre exp\u00e9rience en ligne\u00a0;<\/li><li>Fournir et livrer des produits et services, effectuer l&#8217;authentification, traiter les transactions et les retours, et vous envoyer des informations connexes, y compris des confirmations, des re\u00e7us, des factures, des enqu\u00eates sur l&#8217;exp\u00e9rience client et des avis li\u00e9s aux produits ou aux services\u00a0;<\/li><li>Traiter et livrer les promotions\u00a0;<\/li><li>R\u00e9pondre \u00e0 vos commentaires et questions et assurer le service \u00e0 la client\u00e8le;<\/li><li>Si vous nous avez indiqu\u00e9 que vous souhaitiez recevoir des notifications ou des messages promotionnels ;<\/li><li>D\u00e9tecter, enqu\u00eater et pr\u00e9venir les transactions frauduleuses et autres activit\u00e9s ill\u00e9gales et prot\u00e9ger nos droits, nos biens et ceux d&#8217;autrui\u00a0;<\/li><li>Respecter nos obligations l\u00e9gales et financi\u00e8res\u00a0;<\/li><li>Surveiller et analyser les tendances, l&#8217;utilisation et les activit\u00e9s\u00a0;<\/li><li>Fournir et permettre \u00e0 nos partenaires de fournir de la publicit\u00e9 et du marketing cibl\u00e9s sur vos int\u00e9r\u00eats.<\/li><\/ul>\n\n<h3 class=\"wp-block-heading\">Comment nous pouvons partager des informations<\/h3>\n\n<p>Nous pouvons partager vos informations personnelles dans les situations suivantes\u00a0:<\/p>\n\n<ul class=\"wp-block-list\"><li><strong>Fournisseurs de services tiers. <\/strong>Nous pouvons partager des donn\u00e9es avec des prestataires de services, des fournisseurs, des sous-traitants ou des agents qui effectuent des transactions ou ex\u00e9cutent des services en notre nom, tels que ceux qui nous assistent dans nos activit\u00e9s commerciales et internes telles que le traitement des paiements, la pr\u00e9vention de la fraude, le service client, les cartes-cadeaux, les exp\u00e9riences , personnalisation, marketing et publicit\u00e9\u00a0;<\/li><li><strong>Changement d&#8217;entreprise. <\/strong>Nous pouvons partager des donn\u00e9es dans le cadre d&#8217;une transaction commerciale d&#8217;entreprise, telle qu&#8217;une fusion ou une acquisition de tout ou partie de nos activit\u00e9s avec une autre soci\u00e9t\u00e9, une coentreprise, une r\u00e9organisation d&#8217;entreprise, l&#8217;insolvabilit\u00e9 ou la faillite, le financement ou la vente d&#8217;actifs de la soci\u00e9t\u00e9\u00a0;<\/li><li><strong>Pour se conformer \u00e0 la loi. <\/strong>Nous pouvons partager des donn\u00e9es pour faciliter les proc\u00e9dures judiciaires \u00e0 partir de demandes l\u00e9gitimes des autorit\u00e9s publiques, y compris pour r\u00e9pondre aux exigences de s\u00e9curit\u00e9 nationale ou d&#8217;application de la loi, comme le permet la loi.<\/li><li><strong>Avec votre consentement. <\/strong>Nous pouvons partager des donn\u00e9es avec des tiers lorsque nous avons votre consentement explicite \u00e0 des fins sp\u00e9cifiques et ouvertement d\u00e9clar\u00e9es.<\/li><\/ul>\n\n<h3 class=\"wp-block-heading\">S\u00e9curit\u00e9 des donn\u00e9es<\/h3>\n\n<p>Nous mettons en \u0153uvre des mesures de s\u00e9curit\u00e9 commercialement raisonnables con\u00e7ues pour prot\u00e9ger vos informations. Malgr\u00e9 tous nos efforts, cependant, aucune mesure de s\u00e9curit\u00e9 n&#8217;est compl\u00e8tement imp\u00e9n\u00e9trable. <\/p>\n\n<h3 class=\"wp-block-heading\">La conservation des donn\u00e9es<\/h3>\n\n<p>Nous stockons les informations que nous collectons \u00e0 votre sujet aussi longtemps que n\u00e9cessaire aux fins pour lesquelles nous les avons collect\u00e9es ou \u00e0 d&#8217;autres fins commerciales l\u00e9gitimes, y compris pour respecter nos obligations l\u00e9gales, r\u00e9glementaires ou autres obligations de conformit\u00e9.<\/p>\n\n<h3 class=\"wp-block-heading\">Droits de confidentialit\u00e9 de l&#8217;UE<\/h3>\n\n<p>Les personnes situ\u00e9es dans certains pays, y compris l&#8217;Espace \u00e9conomique europ\u00e9en (EEE) et le Royaume-Uni, ont certains droits statutaires en vertu du R\u00e8glement g\u00e9n\u00e9ral sur la protection des donn\u00e9es (RGPD) en ce qui concerne leurs donn\u00e9es personnelles.<\/p>\n\n<p>Dans la mesure o\u00f9 les informations que nous collectons sont associ\u00e9es \u00e0 une personne physique identifi\u00e9e ou identifiable et sont prot\u00e9g\u00e9es en tant que donn\u00e9es personnelles en vertu du RGPD, elles sont d\u00e9sign\u00e9es dans la pr\u00e9sente politique de confidentialit\u00e9 par \u00ab\u00a0donn\u00e9es personnelles\u00a0\u00bb.<\/p>\n\n<p><strong>Demandes d&#8217;acc\u00e8s des personnes concern\u00e9es<\/strong><\/p>\n\n<p>Sous r\u00e9serve des exceptions pr\u00e9vues par la loi, vous pouvez avoir le droit de demander\u00a0:<\/p>\n\n<ul class=\"wp-block-list\"><li>une copie des donn\u00e9es personnelles que nous d\u00e9tenons \u00e0 votre sujet\u00a0;<\/li><li>pour corriger les donn\u00e9es personnelles que nous d\u00e9tenons \u00e0 votre sujet\u00a0;<\/li><li>supprimer votre compte ou vos donn\u00e9es personnelles\u00a0;<\/li><li>vous opposer au traitement de vos donn\u00e9es personnelles \u00e0 certaines fins\u00a0;<\/li><\/ul>\n\n<p>Pour acc\u00e9der \u00e0 vos droits \u00e0 la vie priv\u00e9e, envoyez-nous un email \u00e0 info@dordogne-correze-vacances.com.<\/p>\n\n<p>Nous traiterons g\u00e9n\u00e9ralement les demandes dans un d\u00e9lai d&#8217;un mois. Nous pouvons avoir besoin de vous demander des informations sp\u00e9cifiques pour nous aider \u00e0 confirmer votre identit\u00e9 et\/ou la juridiction dans laquelle vous r\u00e9sidez. Si votre demande est compliqu\u00e9e ou si vous avez fait un grand nombre de demandes, cela peut nous prendre plus de temps. Nous vous ferons savoir si nous avons besoin de plus d&#8217;un mois pour r\u00e9pondre.<\/p>\n\n<p><strong>Bases l\u00e9gales du traitement des donn\u00e9es personnelles<\/strong><\/p>\n\n<p>Nous pouvons traiter vos donn\u00e9es personnelles en vertu de la l\u00e9gislation applicable en mati\u00e8re de protection des donn\u00e9es pour les motifs juridiques suivants\u00a0:<\/p>\n\n<ul class=\"wp-block-list\"><li><strong>N\u00e9cessit\u00e9 contractuelle :<\/strong> nous pouvons traiter vos donn\u00e9es personnelles pour conclure ou ex\u00e9cuter un contrat avec vous.<\/li><li><strong>Consentement :<\/strong> lorsque vous avez donn\u00e9 votre consentement au traitement de vos donn\u00e9es personnelles. Vous pouvez retirer votre consentement \u00e0 tout moment.<\/li><li><strong>Int\u00e9r\u00eat l\u00e9gitime :<\/strong> nous traitons vos donn\u00e9es personnelles pour vous fournir nos services, notamment pour fournir notre exp\u00e9rience utilisateur en ligne, communiquer avec vous, fournir un service client, commercialiser, analyser et am\u00e9liorer nos activit\u00e9s et prot\u00e9ger nos services.<\/li><\/ul>\n\n<h3 class=\"wp-block-heading\">Limites d&#8217;\u00e2ge<\/h3>\n\n<p>Notre service est destin\u00e9 aux adultes \u00e2g\u00e9s de 18 ans et plus. Nous ne recueillons pas sciemment d&#8217;informations personnellement identifiables aupr\u00e8s d&#8217;enfants. Si vous \u00eates un parent ou un tuteur l\u00e9gal et pensez que votre enfant de moins de 13 ans nous a fourni des informations, veuillez envoyer un e-mail ou appeler en utilisant les d\u00e9tails indiqu\u00e9s \u00e0 la fin de cette politique de confidentialit\u00e9. Veuillez marquer vos demandes &#8220;Demande d&#8217;informations COPPA&#8221;.<\/p>\n\n<h3 class=\"wp-block-heading\">Modifications de cette politique de confidentialit\u00e9<\/h3>\n\n<p>Dordogne et Correze Vencences peuvent modifier cette politique de confidentialit\u00e9 de temps \u00e0 autre. Nous vous encourageons \u00e0 visiter cette page pour rester inform\u00e9. Si les changements sont importants, nous pouvons vous fournir un avis suppl\u00e9mentaire \u00e0 votre adresse e-mail ou via nos Services. Votre utilisation continue des Services indique votre acceptation de la Politique de confidentialit\u00e9 modifi\u00e9e.<\/p>\n\n<h3 class=\"wp-block-heading\">Bulletins d&#8217;information<\/h3>\n\n<p>Vous pouvez choisir de ne plus recevoir nos e-mails marketing et\/ou newsletters en nous contactant comme d\u00e9crit dans la section \u00ab Contactez-nous \u00bb ci-dessous. Nous pouvons toujours vous envoyer des messages transactionnels, qui incluent des communications li\u00e9es aux Services et des r\u00e9ponses \u00e0 vos questions.<\/p>\n\n<h3 class=\"wp-block-heading\">Stockage des informations aux \u00c9tats-Unis<\/h3>\n\n<p>Les informations que nous conservons peuvent \u00eatre stock\u00e9es \u00e0 la fois \u00e0 l&#8217;int\u00e9rieur et \u00e0 l&#8217;ext\u00e9rieur des \u00c9tats-Unis. Si vous vivez en dehors des \u00c9tats-Unis, vous comprenez et acceptez que nous puissions transf\u00e9rer vos informations aux \u00c9tats-Unis et que les lois am\u00e9ricaines peuvent ne pas offrir le m\u00eame niveau de protection que celles de votre pays.<\/p>\n\n<h3 class=\"wp-block-heading\">Nous contacter<\/h3>\n\n<p>Si vous avez des questions, des commentaires ou des pr\u00e9occupations concernant cette politique de confidentialit\u00e9, vous pouvez nous contacter \u00e0\u00a0:<\/p>\n\n<ul class=\"wp-block-list\"><li>info@dordogne-correze-vacances.com<\/li><li>+33 7 84 16 96 13<\/li><\/ul>\n","protected":false},"excerpt":{"rendered":"<p>Politique de confidentialit\u00e9 Derni\u00e8re mise \u00e0 jour\u00a0: 05 juillet 2022 Merci de consulter la Politique de confidentialit\u00e9 de Dordogne et Corr\u00e8ze Vancences. Cette politique de confidentialit\u00e9 explique comment Dordogne et Corr\u00e8ze Vancences (collectivement, \u00ab\u00a0Dordogne et Corr\u00e8ze Vancences\u00a0\u00bb, \u00ab\u00a0nous\u00a0\u00bb, \u00ab\u00a0notre\u00a0\u00bb ou \u00ab\u00a0notre\u00a0\u00bb) collecte, utilise et partage des informations vous concernant (\u00ab\u00a0vous\u00a0\u00bb, \u00ab\u00a0le v\u00f4tre\u00a0\u00bb ou \u00ab\u00a0utilisateur\u00a0\u00bb lorsque &hellip; <a href=\"https:\/\/www.dordogne-correze-vacances.com\/index.php\/politique-de-confidentialite-2\/?lang=fr\" class=\"more-link\">Continue reading<span class=\"screen-reader-text\"> &#8220;Politique de confidentialit\u00e9&#8221;<\/span><\/a><\/p>\n","protected":false},"author":1,"featured_media":0,"parent":0,"menu_order":0,"comment_status":"closed","ping_status":"closed","template":"template-full-width-page.php","meta":{"footnotes":""},"class_list":["post-1622","page","type-page","status-publish","hentry"],"jetpack_sharing_enabled":true,"_links":{"self":[{"href":"https:\/\/www.dordogne-correze-vacances.com\/index.php\/wp-json\/wp\/v2\/pages\/1622","targetHints":{"allow":["GET"]}}],"collection":[{"href":"https:\/\/www.dordogne-correze-vacances.com\/index.php\/wp-json\/wp\/v2\/pages"}],"about":[{"href":"https:\/\/www.dordogne-correze-vacances.com\/index.php\/wp-json\/wp\/v2\/types\/page"}],"author":[{"embeddable":true,"href":"https:\/\/www.dordogne-correze-vacances.com\/index.php\/wp-json\/wp\/v2\/users\/1"}],"replies":[{"embeddable":true,"href":"https:\/\/www.dordogne-correze-vacances.com\/index.php\/wp-json\/wp\/v2\/comments?post=1622"}],"version-history":[{"count":1,"href":"https:\/\/www.dordogne-correze-vacances.com\/index.php\/wp-json\/wp\/v2\/pages\/1622\/revisions"}],"predecessor-version":[{"id":1624,"href":"https:\/\/www.dordogne-correze-vacances.com\/index.php\/wp-json\/wp\/v2\/pages\/1622\/revisions\/1624"}],"wp:attachment":[{"href":"https:\/\/www.dordogne-correze-vacances.com\/index.php\/wp-json\/wp\/v2\/media?parent=1622"}],"curies":[{"name":"wp","href":"https:\/\/api.w.org\/{rel}","templated":true}]}}