{"id":1626,"date":"2022-07-05T12:04:36","date_gmt":"2022-07-05T11:04:36","guid":{"rendered":"http:\/\/www.dordogne-correze-vacances.com\/index.php\/datenschutzbestimmungen-2\/"},"modified":"2022-07-06T10:56:44","modified_gmt":"2022-07-06T09:56:44","slug":"datenschutzbestimmungen-2","status":"publish","type":"page","link":"https:\/\/www.dordogne-correze-vacances.com\/index.php\/datenschutzbestimmungen-2\/?lang=de","title":{"rendered":"Datenschutzbestimmungen"},"content":{"rendered":"\n<h3 class=\"wp-block-heading\">Datenschutzbestimmungen<\/h3>\n\n<p>Letzte Aktualisierung: 05.07.2022<\/p>\n\n<p>Vielen Dank f\u00fcr den Besuch der Datenschutzrichtlinie von Dordogne und Correze Vancences. Diese Datenschutzrichtlinie erl\u00e4utert, wie Dordogne und Correze Vancences (zusammen \u201eDordogne und Correze Vancences\u201c, \u201ewir\u201c, \u201euns\u201c oder \u201eunser\u201c) Informationen \u00fcber Sie (\u201eSie\u201c, \u201eIhre\u201c bzw \u201eBenutzer\u201c), wenn Sie auf unsere Websites (\u201eDienste\u201c) zugreifen oder diese nutzen.<\/p>\n\n<p>Benutzer sind f\u00fcr alle Daten Dritter verantwortlich, die sie \u00fcber die Dienste bereitstellen oder weitergeben, und best\u00e4tigen, dass sie die Zustimmung des Dritten haben, uns diese Daten zur Verf\u00fcgung zu stellen.<\/p>\n\n<h3 class=\"wp-block-heading\">Informationen, die wir sammeln<\/h3>\n\n<p><strong>Kontoinformationen:<\/strong> Wenn Sie ein Konto auf der Website erstellen, erfassen wir die Informationen, die Sie uns in Bezug auf das Konto zur Verf\u00fcgung stellen, wie Vor- und Nachname, Benutzername, Passwort und E-Mail-Adresse. <\/p>\n\n<p><strong>Transaktionsinformationen:<\/strong> wie Artikel in Ihrem Einkaufswagen, gekaufte Produkte, Produktdetails, Versandinformationen, Kaufpreis, Kaufdatum und Zahlungsinformationen. <\/p>\n\n<p>Wenn Sie eine Unterkunft buchen, erfassen und speichern wir dieselben Informationen, aber wir speichern KEINE finanziell sensiblen Informationen wie Debit-\/Kreditkarten, aber wir erfassen die Tatsache und den Betrag aller geleisteten Zahlungen.<\/p>\n\n<h3 class=\"wp-block-heading\">Wie wir Ihre Informationen verwenden<\/h3>\n\n<p>Wir verwenden Informationen, die wir \u00fcber Sie sammeln, um unsere Dienste und andere Interaktionen, die wir mit Ihnen haben, bereitzustellen, zu warten und zu verbessern. Beispielsweise verwenden wir die gesammelten Informationen, um:<\/p>\n\n<ul class=\"wp-block-list\"><li>Erleichterung und Verbesserung unserer Online-Erfahrung;<\/li><li>Produkte und Dienstleistungen bereitzustellen und zu liefern, Authentifizierungen durchzuf\u00fchren, Transaktionen und R\u00fccksendungen zu verarbeiten und Ihnen zugeh\u00f6rige Informationen zuzusenden, einschlie\u00dflich Best\u00e4tigungen, Quittungen, Rechnungen, Kundenerfahrungsumfragen und produkt- oder dienstleistungsbezogene Mitteilungen;<\/li><li>Werbeaktionen verarbeiten und bereitstellen;<\/li><li>Beantworten Sie Ihre Kommentare und Fragen und bieten Sie Kundenservice an;<\/li><li>Wenn Sie uns mitgeteilt haben, dass Sie Benachrichtigungen oder Werbebotschaften erhalten m\u00f6chten;<\/li><li>Erkennen, untersuchen und verhindern Sie betr\u00fcgerische Transaktionen und andere illegale Aktivit\u00e4ten und sch\u00fctzen Sie unsere Rechte und unser Eigentum und andere;<\/li><li>unseren rechtlichen und finanziellen Verpflichtungen nachkommen;<\/li><li>\u00dcberwachung und Analyse von Trends, Nutzung und Aktivit\u00e4ten;<\/li><li>Bieten und erlauben Sie unseren Partnern, Werbung und Marketing bereitzustellen, die auf Ihre Interessen ausgerichtet sind.<\/li><\/ul>\n\n<h3 class=\"wp-block-heading\">Wie wir Informationen weitergeben k\u00f6nnen<\/h3>\n\n<p>Wir k\u00f6nnen Ihre personenbezogenen Daten in den folgenden Situationen weitergeben:<\/p>\n\n<ul class=\"wp-block-list\"><li><strong>Drittanbieter von Diensten. <\/strong>Wir k\u00f6nnen Daten an Dienstleister, Verk\u00e4ufer, Auftragnehmer oder Vertreter weitergeben, die Transaktionen abschlie\u00dfen oder Dienstleistungen in unserem Namen erbringen, z. B. solche, die uns bei unserem Gesch\u00e4ft und internen Abl\u00e4ufen wie Zahlungsabwicklung, Betrugspr\u00e4vention, Kundenservice, Geschenkkarten, Erfahrungen unterst\u00fctzen , Personalisierung, Marketing und Werbung;<\/li><li><strong>Ver\u00e4nderung im Gesch\u00e4ft. <\/strong>Wir k\u00f6nnen Daten im Zusammenhang mit einer Unternehmenstransaktion weitergeben, wie z. B. einer Fusion oder \u00dcbernahme unseres gesamten Gesch\u00e4fts oder eines Teils davon mit einem anderen Unternehmen, einem Joint Venture, einer Unternehmensumstrukturierung, einer Insolvenz oder einem Konkurs, einer Finanzierung oder einem Verkauf von Unternehmensverm\u00f6gen;<\/li><li><strong>Um das Gesetz einzuhalten. <\/strong>Wir k\u00f6nnen Daten weitergeben, um Rechtsverfahren aufgrund rechtm\u00e4\u00dfiger Anfragen von Beh\u00f6rden zu erleichtern, einschlie\u00dflich zur Erf\u00fcllung nationaler Sicherheits- oder Strafverfolgungsanforderungen, soweit gesetzlich zul\u00e4ssig.<\/li><li><strong>Mit Ihrer Zustimmung. <\/strong>Wir k\u00f6nnen Daten an Dritte weitergeben, wenn wir Ihre ausdr\u00fcckliche Zustimmung zu bestimmten und offen angegebenen Zwecken haben.<\/li><\/ul>\n\n<h3 class=\"wp-block-heading\">Datensicherheit<\/h3>\n\n<p>Wir implementieren wirtschaftlich angemessene Sicherheitsma\u00dfnahmen zum Schutz Ihrer Daten. Trotz aller Bem\u00fchungen sind jedoch keine Sicherheitsma\u00dfnahmen v\u00f6llig undurchdringlich. <\/p>\n\n<h3 class=\"wp-block-heading\">Vorratsdatenspeicherung<\/h3>\n\n<p>Wir speichern die Informationen, die wir \u00fcber Sie sammeln, so lange, wie es f\u00fcr den\/die Zweck(e), f\u00fcr den\/die wir sie gesammelt haben, oder f\u00fcr andere legitime Gesch\u00e4ftszwecke erforderlich ist, einschlie\u00dflich der Erf\u00fcllung unserer gesetzlichen, beh\u00f6rdlichen oder sonstigen Compliance-Verpflichtungen.<\/p>\n\n<h3 class=\"wp-block-heading\">EU-Datenschutzrechte<\/h3>\n\n<p>Personen mit Sitz in bestimmten L\u00e4ndern, einschlie\u00dflich des Europ\u00e4ischen Wirtschaftsraums (EWR) und des Vereinigten K\u00f6nigreichs, haben gem\u00e4\u00df der Datenschutz-Grundverordnung (DSGVO) bestimmte gesetzliche Rechte in Bezug auf ihre personenbezogenen Daten.<\/p>\n\n<p>Soweit die von uns gesammelten Informationen einer identifizierten oder identifizierbaren nat\u00fcrlichen Person zugeordnet sind und gem\u00e4\u00df der DSGVO als personenbezogene Daten gesch\u00fctzt sind, werden sie in dieser Datenschutzrichtlinie als \u201epersonenbezogene Daten\u201c bezeichnet.<\/p>\n\n<p><strong>Zugriffsanfragen betroffener Personen<\/strong><\/p>\n\n<p>Vorbehaltlich etwaiger gesetzlich vorgesehener Ausnahmen haben Sie m\u00f6glicherweise das Recht, Folgendes zu verlangen:<\/p>\n\n<ul class=\"wp-block-list\"><li>eine Kopie der personenbezogenen Daten, die wir \u00fcber Sie gespeichert haben;<\/li><li>um die personenbezogenen Daten, die wir \u00fcber Sie gespeichert haben, zu korrigieren;<\/li><li>Ihr Konto oder Ihre personenbezogenen Daten zu l\u00f6schen;<\/li><li>der Verarbeitung Ihrer personenbezogenen Daten f\u00fcr bestimmte Zwecke zu widersprechen;<\/li><\/ul>\n\n<p>Um auf Ihre Datenschutzrechte zuzugreifen, senden Sie uns eine E-Mail an info@dordogne-correze-vacances.com.<\/p>\n\n<p>Wir werden Anfragen in der Regel innerhalb eines Monats bearbeiten. M\u00f6glicherweise m\u00fcssen wir bestimmte Informationen von Ihnen anfordern, damit wir Ihre Identit\u00e4t und\/oder die Gerichtsbarkeit, in der Sie Ihren Wohnsitz haben, best\u00e4tigen k\u00f6nnen. Wenn Ihre Anfrage kompliziert ist oder Sie eine gro\u00dfe Anzahl von Anfragen gestellt haben, kann es l\u00e4nger dauern. Wir werden Sie informieren, wenn wir l\u00e4nger als einen Monat brauchen, um zu antworten.<\/p>\n\n<p><strong>Rechtsgrundlagen f\u00fcr die Verarbeitung personenbezogener Daten<\/strong><\/p>\n\n<p>Wir k\u00f6nnen Ihre personenbezogenen Daten gem\u00e4\u00df geltendem Datenschutzrecht aus den folgenden Rechtsgr\u00fcnden verarbeiten:<\/p>\n\n<ul class=\"wp-block-list\"><li><strong>Vertragliche Notwendigkeit:<\/strong> Wir k\u00f6nnen Ihre personenbezogenen Daten verarbeiten, um einen Vertrag mit Ihnen abzuschlie\u00dfen oder zu erf\u00fcllen.<\/li><li><strong>Einwilligung: Wenn<\/strong> Sie der Verarbeitung Ihrer personenbezogenen Daten zugestimmt haben. Sie k\u00f6nnen Ihre Einwilligung jederzeit widerrufen.<\/li><li><strong>Berechtigtes Interesse:<\/strong> Wir verarbeiten Ihre personenbezogenen Daten, um Ihnen unsere Dienste bereitzustellen, z. B. um unsere Online-Benutzererfahrung bereitzustellen, mit Ihnen zu kommunizieren, Kundenservice bereitzustellen, unser Gesch\u00e4ft zu vermarkten, zu analysieren und zu verbessern und unsere Dienste zu sch\u00fctzen.<\/li><\/ul>\n\n<h3 class=\"wp-block-heading\">Altersbeschr\u00e4nkungen<\/h3>\n\n<p>Unser Service richtet sich an Erwachsene ab 18 Jahren. Wir erfassen wissentlich keine personenbezogenen Daten von Kindern. Wenn Sie ein Elternteil oder Erziehungsberechtigter sind und glauben, dass Ihr Kind unter 13 Jahren uns Informationen gegeben hat, senden Sie uns bitte eine E-Mail oder rufen Sie an. Verwenden Sie dazu die am Ende dieser Datenschutzrichtlinie aufgef\u00fchrten Kontaktdaten. Bitte kennzeichnen Sie Ihre Anfragen als \u201eCOPPA-Informationsanfrage\u201c.<\/p>\n\n<h3 class=\"wp-block-heading\">\u00c4nderungen an dieser Datenschutzrichtlinie<\/h3>\n\n<p>Dordogne und Correze Vancences k\u00f6nnen diese Datenschutzrichtlinie von Zeit zu Zeit \u00e4ndern. Wir empfehlen Ihnen, diese Seite zu besuchen, um auf dem Laufenden zu bleiben. Wenn die \u00c4nderungen wesentlich sind, k\u00f6nnen wir Ihnen zus\u00e4tzliche Benachrichtigungen an Ihre E-Mail-Adresse oder \u00fcber unsere Dienste zukommen lassen. Ihre fortgesetzte Nutzung der Dienste bedeutet, dass Sie die ge\u00e4nderte Datenschutzrichtlinie akzeptieren.<\/p>\n\n<h3 class=\"wp-block-heading\">Newsletter<\/h3>\n\n<p>Sie k\u00f6nnen den Erhalt unserer Marketing-E-Mails und\/oder Newsletter abbestellen, indem Sie uns wie unten unter \u201eKontakt\u201c beschrieben kontaktieren. Wir k\u00f6nnen Ihnen weiterhin Transaktionsnachrichten senden, die dienstbezogene Mitteilungen und Antworten auf Ihre Fragen enthalten.<\/p>\n\n<h3 class=\"wp-block-heading\">Speicherung von Informationen in den Vereinigten Staaten<\/h3>\n\n<p>Von uns gepflegte Informationen k\u00f6nnen sowohl innerhalb als auch au\u00dferhalb der Vereinigten Staaten gespeichert werden. Wenn Sie au\u00dferhalb der Vereinigten Staaten leben, verstehen und stimmen Sie zu, dass wir Ihre Daten in die Vereinigten Staaten \u00fcbertragen k\u00f6nnen und dass die US-Gesetze m\u00f6glicherweise nicht das gleiche Schutzniveau bieten wie die in Ihrem Land.<\/p>\n\n<h3 class=\"wp-block-heading\">Kontaktiere uns<\/h3>\n\n<p>Wenn Sie Fragen, Kommentare oder Bedenken zu dieser Datenschutzrichtlinie haben, k\u00f6nnen Sie uns kontaktieren unter:<\/p>\n\n<ul class=\"wp-block-list\"><li>info@dordogne-correze-vacances.com<\/li><li>+33 7 84 16 96 13<\/li><\/ul>\n","protected":false},"excerpt":{"rendered":"<p>Datenschutzbestimmungen Letzte Aktualisierung: 05.07.2022 Vielen Dank f\u00fcr den Besuch der Datenschutzrichtlinie von Dordogne und Correze Vancences. Diese Datenschutzrichtlinie erl\u00e4utert, wie Dordogne und Correze Vancences (zusammen \u201eDordogne und Correze Vancences\u201c, \u201ewir\u201c, \u201euns\u201c oder \u201eunser\u201c) Informationen \u00fcber Sie (\u201eSie\u201c, \u201eIhre\u201c bzw \u201eBenutzer\u201c), wenn Sie auf unsere Websites (\u201eDienste\u201c) zugreifen oder diese nutzen. Benutzer sind f\u00fcr alle Daten &hellip; <a href=\"https:\/\/www.dordogne-correze-vacances.com\/index.php\/datenschutzbestimmungen-2\/?lang=de\" class=\"more-link\">Continue reading<span class=\"screen-reader-text\"> &#8220;Datenschutzbestimmungen&#8221;<\/span><\/a><\/p>\n","protected":false},"author":1,"featured_media":0,"parent":0,"menu_order":0,"comment_status":"closed","ping_status":"closed","template":"template-full-width-page.php","meta":{"footnotes":""},"class_list":["post-1626","page","type-page","status-publish","hentry"],"jetpack_sharing_enabled":true,"_links":{"self":[{"href":"https:\/\/www.dordogne-correze-vacances.com\/index.php\/wp-json\/wp\/v2\/pages\/1626","targetHints":{"allow":["GET"]}}],"collection":[{"href":"https:\/\/www.dordogne-correze-vacances.com\/index.php\/wp-json\/wp\/v2\/pages"}],"about":[{"href":"https:\/\/www.dordogne-correze-vacances.com\/index.php\/wp-json\/wp\/v2\/types\/page"}],"author":[{"embeddable":true,"href":"https:\/\/www.dordogne-correze-vacances.com\/index.php\/wp-json\/wp\/v2\/users\/1"}],"replies":[{"embeddable":true,"href":"https:\/\/www.dordogne-correze-vacances.com\/index.php\/wp-json\/wp\/v2\/comments?post=1626"}],"version-history":[{"count":1,"href":"https:\/\/www.dordogne-correze-vacances.com\/index.php\/wp-json\/wp\/v2\/pages\/1626\/revisions"}],"predecessor-version":[{"id":1628,"href":"https:\/\/www.dordogne-correze-vacances.com\/index.php\/wp-json\/wp\/v2\/pages\/1626\/revisions\/1628"}],"wp:attachment":[{"href":"https:\/\/www.dordogne-correze-vacances.com\/index.php\/wp-json\/wp\/v2\/media?parent=1626"}],"curies":[{"name":"wp","href":"https:\/\/api.w.org\/{rel}","templated":true}]}}