{"id":1812,"date":"2022-07-05T15:29:28","date_gmt":"2022-07-05T14:29:28","guid":{"rendered":"http:\/\/www.dordogne-correze-vacances.com\/index.php\/kontaktieren-sie-uns-bei-fragen-oder-wuenschen\/"},"modified":"2024-07-02T12:05:01","modified_gmt":"2024-07-02T11:05:01","slug":"kontaktieren-sie-uns-bei-fragen-oder-wuenschen","status":"publish","type":"page","link":"https:\/\/www.dordogne-correze-vacances.com\/index.php\/kontaktieren-sie-uns-bei-fragen-oder-wuenschen\/?lang=de","title":{"rendered":"Kontaktieren Sie uns bei Fragen oder W\u00fcnschen"},"content":{"rendered":"\n<p class=\"has-small-font-size\">An Spammer:  <em>Bitte senden Sie uns KEINEN Spam. Diese Einrichtung ist ausschlie\u00dflich f\u00fcr G\u00e4steanfragen reserviert. Mails von Spam-Adressen werden nicht gelesen und blockiert.  <\/em><\/p>\n<div class=\"wp-block-jetpack-contact-form\"><a href=\"https:\/\/www.dordogne-correze-vacances.com\/index.php\/kontaktieren-sie-uns-bei-fragen-oder-wuenschen\/?lang=de\" target=\"_blank\" rel=\"noopener noreferrer\">Submit a form.<\/a><\/div>","protected":false},"excerpt":{"rendered":"<p>An Spammer: Bitte senden Sie uns KEINEN Spam. Diese Einrichtung ist ausschlie\u00dflich f\u00fcr G\u00e4steanfragen reserviert. Mails von Spam-Adressen werden nicht gelesen und blockiert.<\/p>\n","protected":false},"author":1,"featured_media":2531,"parent":0,"menu_order":0,"comment_status":"closed","ping_status":"closed","template":"template-full-width-page.php","meta":{"footnotes":""},"class_list":["post-1812","page","type-page","status-publish","has-post-thumbnail","hentry"],"jetpack_sharing_enabled":true,"_links":{"self":[{"href":"https:\/\/www.dordogne-correze-vacances.com\/index.php\/wp-json\/wp\/v2\/pages\/1812","targetHints":{"allow":["GET"]}}],"collection":[{"href":"https:\/\/www.dordogne-correze-vacances.com\/index.php\/wp-json\/wp\/v2\/pages"}],"about":[{"href":"https:\/\/www.dordogne-correze-vacances.com\/index.php\/wp-json\/wp\/v2\/types\/page"}],"author":[{"embeddable":true,"href":"https:\/\/www.dordogne-correze-vacances.com\/index.php\/wp-json\/wp\/v2\/users\/1"}],"replies":[{"embeddable":true,"href":"https:\/\/www.dordogne-correze-vacances.com\/index.php\/wp-json\/wp\/v2\/comments?post=1812"}],"version-history":[{"count":8,"href":"https:\/\/www.dordogne-correze-vacances.com\/index.php\/wp-json\/wp\/v2\/pages\/1812\/revisions"}],"predecessor-version":[{"id":4711,"href":"https:\/\/www.dordogne-correze-vacances.com\/index.php\/wp-json\/wp\/v2\/pages\/1812\/revisions\/4711"}],"wp:featuredmedia":[{"embeddable":true,"href":"https:\/\/www.dordogne-correze-vacances.com\/index.php\/wp-json\/wp\/v2\/media\/2531"}],"wp:attachment":[{"href":"https:\/\/www.dordogne-correze-vacances.com\/index.php\/wp-json\/wp\/v2\/media?parent=1812"}],"curies":[{"name":"wp","href":"https:\/\/api.w.org\/{rel}","templated":true}]}}