{"id":1814,"date":"2022-07-05T15:29:28","date_gmt":"2022-07-05T14:29:28","guid":{"rendered":"http:\/\/www.dordogne-correze-vacances.com\/index.php\/contactenos-para-preguntas-o-solicitudes\/"},"modified":"2024-07-02T12:05:01","modified_gmt":"2024-07-02T11:05:01","slug":"contactenos-para-preguntas-o-solicitudes","status":"publish","type":"page","link":"https:\/\/www.dordogne-correze-vacances.com\/index.php\/contactenos-para-preguntas-o-solicitudes\/?lang=es","title":{"rendered":"Cont\u00e1ctenos para preguntas o solicitudes"},"content":{"rendered":"\n<p class=\"has-small-font-size\">A los spammers:  <em>Por favor NO nos env\u00ede spam. Esta instalaci\u00f3n est\u00e1 reservada estrictamente para consultas de los hu\u00e9spedes. El correo de direcciones de spam no se leer\u00e1 y se bloquear\u00e1.  <\/em><\/p>\n<div class=\"wp-block-jetpack-contact-form\"><a href=\"https:\/\/www.dordogne-correze-vacances.com\/index.php\/contactenos-para-preguntas-o-solicitudes\/?lang=es\" target=\"_blank\" rel=\"noopener noreferrer\">Submit a form.<\/a><\/div>","protected":false},"excerpt":{"rendered":"<p>A los spammers: Por favor NO nos env\u00ede spam. Esta instalaci\u00f3n est\u00e1 reservada estrictamente para consultas de los hu\u00e9spedes. El correo de direcciones de spam no se leer\u00e1 y se bloquear\u00e1.<\/p>\n","protected":false},"author":1,"featured_media":2532,"parent":0,"menu_order":0,"comment_status":"closed","ping_status":"closed","template":"template-full-width-page.php","meta":{"footnotes":""},"class_list":["post-1814","page","type-page","status-publish","has-post-thumbnail","hentry"],"jetpack_sharing_enabled":true,"_links":{"self":[{"href":"https:\/\/www.dordogne-correze-vacances.com\/index.php\/wp-json\/wp\/v2\/pages\/1814","targetHints":{"allow":["GET"]}}],"collection":[{"href":"https:\/\/www.dordogne-correze-vacances.com\/index.php\/wp-json\/wp\/v2\/pages"}],"about":[{"href":"https:\/\/www.dordogne-correze-vacances.com\/index.php\/wp-json\/wp\/v2\/types\/page"}],"author":[{"embeddable":true,"href":"https:\/\/www.dordogne-correze-vacances.com\/index.php\/wp-json\/wp\/v2\/users\/1"}],"replies":[{"embeddable":true,"href":"https:\/\/www.dordogne-correze-vacances.com\/index.php\/wp-json\/wp\/v2\/comments?post=1814"}],"version-history":[{"count":12,"href":"https:\/\/www.dordogne-correze-vacances.com\/index.php\/wp-json\/wp\/v2\/pages\/1814\/revisions"}],"predecessor-version":[{"id":4712,"href":"https:\/\/www.dordogne-correze-vacances.com\/index.php\/wp-json\/wp\/v2\/pages\/1814\/revisions\/4712"}],"wp:featuredmedia":[{"embeddable":true,"href":"https:\/\/www.dordogne-correze-vacances.com\/index.php\/wp-json\/wp\/v2\/media\/2532"}],"wp:attachment":[{"href":"https:\/\/www.dordogne-correze-vacances.com\/index.php\/wp-json\/wp\/v2\/media?parent=1814"}],"curies":[{"name":"wp","href":"https:\/\/api.w.org\/{rel}","templated":true}]}}