{"id":2025,"date":"2022-07-05T16:48:54","date_gmt":"2022-07-05T15:48:54","guid":{"rendered":"http:\/\/www.dordogne-correze-vacances.com\/index.php\/credits-du-site-web\/"},"modified":"2022-07-06T10:54:04","modified_gmt":"2022-07-06T09:54:04","slug":"credits-du-site-web","status":"publish","type":"page","link":"https:\/\/www.dordogne-correze-vacances.com\/index.php\/credits-du-site-web\/?lang=fr","title":{"rendered":"Cr\u00e9dits"},"content":{"rendered":"\n<p><\/p>\n\n<h2 class=\"wp-block-heading\">Cr\u00e9dits du site Web<\/h2>\n\n<p>Un grand merci \u00e0 Peter Brennan d&#8217;Ad\u00e9la\u00efde en Australie pour son aide critique et ses conseils dans la cr\u00e9ation de ce site Web. Si quelqu&#8217;un a besoin d&#8217;un gars et d&#8217;un concepteur de site Web talentueux qui (tr\u00e8s rarement dans son entourage) peut parler aux \u00eatres humains, s&#8217;il vous pla\u00eet \u00e9crivez-moi et je vous mettrai en contact\u00a0!<\/p>\n\n<h2 class=\"wp-block-heading\">Cr\u00e9dits d&#8217;architecture<\/h2>\n\n<p>Le talentueux architecte qui a r\u00e9nov\u00e9 l&#8217;ancienne grange est J\u00fcrgen Vervisch qui n&#8217;habite pas tr\u00e8s loin de Troche. Si vous avez besoin d&#8217;un architecte, faites-le nous savoir et nous le mettrons en contact avec vous.<\/p>\n\n<p><\/p>\n","protected":false},"excerpt":{"rendered":"<p>Cr\u00e9dits du site Web Un grand merci \u00e0 Peter Brennan d&#8217;Ad\u00e9la\u00efde en Australie pour son aide critique et ses conseils dans la cr\u00e9ation de ce site Web. Si quelqu&#8217;un a besoin d&#8217;un gars et d&#8217;un concepteur de site Web talentueux qui (tr\u00e8s rarement dans son entourage) peut parler aux \u00eatres humains, s&#8217;il vous pla\u00eet \u00e9crivez-moi &hellip; <a href=\"https:\/\/www.dordogne-correze-vacances.com\/index.php\/credits-du-site-web\/?lang=fr\" class=\"more-link\">Continue reading<span class=\"screen-reader-text\"> &#8220;Cr\u00e9dits&#8221;<\/span><\/a><\/p>\n","protected":false},"author":1,"featured_media":0,"parent":0,"menu_order":0,"comment_status":"closed","ping_status":"closed","template":"template-full-width-page.php","meta":{"footnotes":""},"class_list":["post-2025","page","type-page","status-publish","hentry"],"jetpack_sharing_enabled":true,"_links":{"self":[{"href":"https:\/\/www.dordogne-correze-vacances.com\/index.php\/wp-json\/wp\/v2\/pages\/2025","targetHints":{"allow":["GET"]}}],"collection":[{"href":"https:\/\/www.dordogne-correze-vacances.com\/index.php\/wp-json\/wp\/v2\/pages"}],"about":[{"href":"https:\/\/www.dordogne-correze-vacances.com\/index.php\/wp-json\/wp\/v2\/types\/page"}],"author":[{"embeddable":true,"href":"https:\/\/www.dordogne-correze-vacances.com\/index.php\/wp-json\/wp\/v2\/users\/1"}],"replies":[{"embeddable":true,"href":"https:\/\/www.dordogne-correze-vacances.com\/index.php\/wp-json\/wp\/v2\/comments?post=2025"}],"version-history":[{"count":4,"href":"https:\/\/www.dordogne-correze-vacances.com\/index.php\/wp-json\/wp\/v2\/pages\/2025\/revisions"}],"predecessor-version":[{"id":2048,"href":"https:\/\/www.dordogne-correze-vacances.com\/index.php\/wp-json\/wp\/v2\/pages\/2025\/revisions\/2048"}],"wp:attachment":[{"href":"https:\/\/www.dordogne-correze-vacances.com\/index.php\/wp-json\/wp\/v2\/media?parent=2025"}],"curies":[{"name":"wp","href":"https:\/\/api.w.org\/{rel}","templated":true}]}}