{"id":2027,"date":"2022-07-05T16:48:54","date_gmt":"2022-07-05T15:48:54","guid":{"rendered":"http:\/\/www.dordogne-correze-vacances.com\/index.php\/website-credits\/"},"modified":"2022-07-06T10:54:04","modified_gmt":"2022-07-06T09:54:04","slug":"website-credits","status":"publish","type":"page","link":"https:\/\/www.dordogne-correze-vacances.com\/index.php\/website-credits\/?lang=de","title":{"rendered":"Kredite"},"content":{"rendered":"\n<p><\/p>\n\n<h2 class=\"wp-block-heading\">Website-Credits<\/h2>\n\n<p>Ein gro\u00dfes Dankesch\u00f6n an Peter Brennan aus Adelaide in Australien f\u00fcr seine kritische Unterst\u00fctzung und seinen Rat bei der Zusammenstellung dieser Website. Wenn jemand einen talentierten Website-Typen und -Designer braucht, der (sehr selten in seinen Kreisen) mit Menschen sprechen kann, schreiben Sie mir bitte eine Nachricht und ich werde Sie kontaktieren!<\/p>\n\n<h2 class=\"wp-block-heading\">Architekturkredite<\/h2>\n\n<p>Der talentierte Architekt, der die alte Scheune renoviert hat, ist J\u00fcrgen Vervisch, der nicht weit von Troche entfernt wohnt. Wenn Sie einen Architekten ben\u00f6tigen, lassen Sie es uns wissen und wir werden ihn mit Ihnen in Kontakt bringen.<\/p>\n\n<p><\/p>\n","protected":false},"excerpt":{"rendered":"<p>Website-Credits Ein gro\u00dfes Dankesch\u00f6n an Peter Brennan aus Adelaide in Australien f\u00fcr seine kritische Unterst\u00fctzung und seinen Rat bei der Zusammenstellung dieser Website. Wenn jemand einen talentierten Website-Typen und -Designer braucht, der (sehr selten in seinen Kreisen) mit Menschen sprechen kann, schreiben Sie mir bitte eine Nachricht und ich werde Sie kontaktieren! Architekturkredite Der talentierte &hellip; <a href=\"https:\/\/www.dordogne-correze-vacances.com\/index.php\/website-credits\/?lang=de\" class=\"more-link\">Continue reading<span class=\"screen-reader-text\"> &#8220;Kredite&#8221;<\/span><\/a><\/p>\n","protected":false},"author":1,"featured_media":0,"parent":0,"menu_order":0,"comment_status":"closed","ping_status":"closed","template":"template-full-width-page.php","meta":{"footnotes":""},"class_list":["post-2027","page","type-page","status-publish","hentry"],"jetpack_sharing_enabled":true,"_links":{"self":[{"href":"https:\/\/www.dordogne-correze-vacances.com\/index.php\/wp-json\/wp\/v2\/pages\/2027","targetHints":{"allow":["GET"]}}],"collection":[{"href":"https:\/\/www.dordogne-correze-vacances.com\/index.php\/wp-json\/wp\/v2\/pages"}],"about":[{"href":"https:\/\/www.dordogne-correze-vacances.com\/index.php\/wp-json\/wp\/v2\/types\/page"}],"author":[{"embeddable":true,"href":"https:\/\/www.dordogne-correze-vacances.com\/index.php\/wp-json\/wp\/v2\/users\/1"}],"replies":[{"embeddable":true,"href":"https:\/\/www.dordogne-correze-vacances.com\/index.php\/wp-json\/wp\/v2\/comments?post=2027"}],"version-history":[{"count":8,"href":"https:\/\/www.dordogne-correze-vacances.com\/index.php\/wp-json\/wp\/v2\/pages\/2027\/revisions"}],"predecessor-version":[{"id":2052,"href":"https:\/\/www.dordogne-correze-vacances.com\/index.php\/wp-json\/wp\/v2\/pages\/2027\/revisions\/2052"}],"wp:attachment":[{"href":"https:\/\/www.dordogne-correze-vacances.com\/index.php\/wp-json\/wp\/v2\/media?parent=2027"}],"curies":[{"name":"wp","href":"https:\/\/api.w.org\/{rel}","templated":true}]}}