{"id":2031,"date":"2022-07-05T16:48:54","date_gmt":"2022-07-05T15:48:54","guid":{"rendered":"http:\/\/www.dordogne-correze-vacances.com\/index.php\/creditos-del-sitio-web\/"},"modified":"2022-07-06T10:54:04","modified_gmt":"2022-07-06T09:54:04","slug":"creditos-del-sitio-web","status":"publish","type":"page","link":"https:\/\/www.dordogne-correze-vacances.com\/index.php\/creditos-del-sitio-web\/?lang=es","title":{"rendered":"Cr\u00e9ditos"},"content":{"rendered":"\n<p><\/p>\n\n<h2 class=\"wp-block-heading\">Cr\u00e9ditos del sitio web<\/h2>\n\n<p>Un gran agradecimiento a Peter Brennan de Adelaide en Australia por su asistencia cr\u00edtica y sus consejos para armar este sitio web. Si alguien necesita un tipo y dise\u00f1ador de sitios web talentoso que (muy rara vez en sus c\u00edrculos) pueda hablar con seres humanos, \u00a1escr\u00edbame y lo pondr\u00e9 en contacto!<\/p>\n\n<h2 class=\"wp-block-heading\">cr\u00e9ditos de arquitectura<\/h2>\n\n<p>El talentoso arquitecto que renov\u00f3 el antiguo granero es J\u00fcrgen Vervisch, que no vive muy lejos de Troche. Si necesita un arquitecto, h\u00e1ganoslo saber y lo pondremos en contacto con usted.<\/p>\n\n<p><\/p>\n","protected":false},"excerpt":{"rendered":"<p>Cr\u00e9ditos del sitio web Un gran agradecimiento a Peter Brennan de Adelaide en Australia por su asistencia cr\u00edtica y sus consejos para armar este sitio web. Si alguien necesita un tipo y dise\u00f1ador de sitios web talentoso que (muy rara vez en sus c\u00edrculos) pueda hablar con seres humanos, \u00a1escr\u00edbame y lo pondr\u00e9 en contacto! &hellip; <a href=\"https:\/\/www.dordogne-correze-vacances.com\/index.php\/creditos-del-sitio-web\/?lang=es\" class=\"more-link\">Continue reading<span class=\"screen-reader-text\"> &#8220;Cr\u00e9ditos&#8221;<\/span><\/a><\/p>\n","protected":false},"author":1,"featured_media":0,"parent":0,"menu_order":0,"comment_status":"closed","ping_status":"closed","template":"template-full-width-page.php","meta":{"footnotes":""},"class_list":["post-2031","page","type-page","status-publish","hentry"],"jetpack_sharing_enabled":true,"_links":{"self":[{"href":"https:\/\/www.dordogne-correze-vacances.com\/index.php\/wp-json\/wp\/v2\/pages\/2031","targetHints":{"allow":["GET"]}}],"collection":[{"href":"https:\/\/www.dordogne-correze-vacances.com\/index.php\/wp-json\/wp\/v2\/pages"}],"about":[{"href":"https:\/\/www.dordogne-correze-vacances.com\/index.php\/wp-json\/wp\/v2\/types\/page"}],"author":[{"embeddable":true,"href":"https:\/\/www.dordogne-correze-vacances.com\/index.php\/wp-json\/wp\/v2\/users\/1"}],"replies":[{"embeddable":true,"href":"https:\/\/www.dordogne-correze-vacances.com\/index.php\/wp-json\/wp\/v2\/comments?post=2031"}],"version-history":[{"count":8,"href":"https:\/\/www.dordogne-correze-vacances.com\/index.php\/wp-json\/wp\/v2\/pages\/2031\/revisions"}],"predecessor-version":[{"id":2054,"href":"https:\/\/www.dordogne-correze-vacances.com\/index.php\/wp-json\/wp\/v2\/pages\/2031\/revisions\/2054"}],"wp:attachment":[{"href":"https:\/\/www.dordogne-correze-vacances.com\/index.php\/wp-json\/wp\/v2\/media?parent=2031"}],"curies":[{"name":"wp","href":"https:\/\/api.w.org\/{rel}","templated":true}]}}