{"id":3866,"date":"2023-10-28T08:36:13","date_gmt":"2023-10-28T07:36:13","guid":{"rendered":"https:\/\/www.dordogne-correze-vacances.com\/index.php\/commentaires-et-questions\/"},"modified":"2024-11-03T08:27:39","modified_gmt":"2024-11-03T07:27:39","slug":"commentaires-et-questions","status":"publish","type":"page","link":"https:\/\/www.dordogne-correze-vacances.com\/index.php\/commentaires-et-questions\/?lang=fr","title":{"rendered":"Commentaires et questions"},"content":{"rendered":"\n<p>Vous \u00eates invit\u00e9s \u00e0 poster des commentaires et des questions ici ou en nous envoyant un e-mail.<br\/> <a href=\"mailto:info@dordogne-correze-vacances.com\">info@dordogne-correze-vacances.com<\/a><\/p>\n","protected":false},"excerpt":{"rendered":"<p>Vous \u00eates invit\u00e9s \u00e0 poster des commentaires et des questions ici ou en nous envoyant un e-mail. info@dordogne-correze-vacances.com<\/p>\n","protected":false},"author":1,"featured_media":0,"parent":0,"menu_order":0,"comment_status":"open","ping_status":"closed","template":"template-full-width-page.php","meta":{"footnotes":""},"class_list":["post-3866","page","type-page","status-publish","hentry"],"jetpack_sharing_enabled":true,"_links":{"self":[{"href":"https:\/\/www.dordogne-correze-vacances.com\/index.php\/wp-json\/wp\/v2\/pages\/3866","targetHints":{"allow":["GET"]}}],"collection":[{"href":"https:\/\/www.dordogne-correze-vacances.com\/index.php\/wp-json\/wp\/v2\/pages"}],"about":[{"href":"https:\/\/www.dordogne-correze-vacances.com\/index.php\/wp-json\/wp\/v2\/types\/page"}],"author":[{"embeddable":true,"href":"https:\/\/www.dordogne-correze-vacances.com\/index.php\/wp-json\/wp\/v2\/users\/1"}],"replies":[{"embeddable":true,"href":"https:\/\/www.dordogne-correze-vacances.com\/index.php\/wp-json\/wp\/v2\/comments?post=3866"}],"version-history":[{"count":2,"href":"https:\/\/www.dordogne-correze-vacances.com\/index.php\/wp-json\/wp\/v2\/pages\/3866\/revisions"}],"predecessor-version":[{"id":4819,"href":"https:\/\/www.dordogne-correze-vacances.com\/index.php\/wp-json\/wp\/v2\/pages\/3866\/revisions\/4819"}],"wp:attachment":[{"href":"https:\/\/www.dordogne-correze-vacances.com\/index.php\/wp-json\/wp\/v2\/media?parent=3866"}],"curies":[{"name":"wp","href":"https:\/\/api.w.org\/{rel}","templated":true}]}}